{"id":252,"date":"2021-08-18T05:35:45","date_gmt":"2021-08-18T05:35:45","guid":{"rendered":"http:\/\/aaltospeakers.fi\/about\/"},"modified":"2025-06-12T07:35:55","modified_gmt":"2025-06-12T07:35:55","slug":"about","status":"publish","type":"page","link":"https:\/\/aaltospeakers.fi\/en\/about\/","title":{"rendered":"About"},"content":{"rendered":"<div data-elementor-type=\"wp-page\" data-elementor-id=\"252\" class=\"elementor elementor-252\">\n\t\t\t\t\t\t<section class=\"elementor-section elementor-top-section elementor-element elementor-element-95eebdf elementor-section-boxed elementor-section-height-default elementor-section-height-default\" data-id=\"95eebdf\" data-element_type=\"section\" data-settings=\"{&quot;background_background&quot;:&quot;classic&quot;,&quot;animation&quot;:&quot;none&quot;}\">\n\t\t\t\t\t\t<div class=\"elementor-container elementor-column-gap-no\">\n\t\t\t\t\t<div class=\"elementor-column elementor-col-100 elementor-top-column elementor-element elementor-element-3700ce5\" data-id=\"3700ce5\" data-element_type=\"column\">\n\t\t\t<div class=\"elementor-widget-wrap elementor-element-populated\">\n\t\t\t\t\t\t<section class=\"elementor-section elementor-inner-section elementor-element elementor-element-ebc51e3 elementor-section-boxed elementor-section-height-default elementor-section-height-default elementor-invisible\" data-id=\"ebc51e3\" data-element_type=\"section\" data-settings=\"{&quot;animation&quot;:&quot;fadeIn&quot;}\">\n\t\t\t\t\t\t<div class=\"elementor-container elementor-column-gap-no\">\n\t\t\t\t\t<div class=\"elementor-column elementor-col-33 elementor-inner-column elementor-element elementor-element-caa43ea\" data-id=\"caa43ea\" data-element_type=\"column\">\n\t\t\t<div class=\"elementor-widget-wrap elementor-element-populated\">\n\t\t\t\t\t\t<div class=\"elementor-element elementor-element-4e4a19d elementor-widget elementor-widget-heading\" data-id=\"4e4a19d\" data-element_type=\"widget\" data-widget_type=\"heading.default\">\n\t\t\t\t<div class=\"elementor-widget-container\">\n\t\t\t\t\t<h6 class=\"elementor-heading-title elementor-size-default\">OUR STORY<\/h6>\t\t\t\t<\/div>\n\t\t\t\t<\/div>\n\t\t\t\t\t<\/div>\n\t\t<\/div>\n\t\t\t\t<div class=\"elementor-column elementor-col-66 elementor-inner-column elementor-element elementor-element-fc22abd\" data-id=\"fc22abd\" data-element_type=\"column\">\n\t\t\t<div class=\"elementor-widget-wrap elementor-element-populated\">\n\t\t\t\t\t\t<div class=\"elementor-element elementor-element-c80e5db elementor-widget-divider--view-line elementor-widget elementor-widget-divider\" data-id=\"c80e5db\" data-element_type=\"widget\" data-widget_type=\"divider.default\">\n\t\t\t\t<div class=\"elementor-widget-container\">\n\t\t\t\t\t\t\t<div class=\"elementor-divider\">\n\t\t\t<span class=\"elementor-divider-separator\">\n\t\t\t\t\t\t<\/span>\n\t\t<\/div>\n\t\t\t\t\t\t<\/div>\n\t\t\t\t<\/div>\n\t\t\t\t<div class=\"elementor-element elementor-element-da46fbf elementor-widget elementor-widget-heading\" data-id=\"da46fbf\" data-element_type=\"widget\" data-widget_type=\"heading.default\">\n\t\t\t\t<div class=\"elementor-widget-container\">\n\t\t\t\t\t<h3 class=\"elementor-heading-title elementor-size-default\">We founded the company because things were not done well enough.<\/h3>\t\t\t\t<\/div>\n\t\t\t\t<\/div>\n\t\t\t\t<div class=\"elementor-element elementor-element-41fbad1 elementor-widget elementor-widget-text-editor\" data-id=\"41fbad1\" data-element_type=\"widget\" data-widget_type=\"text-editor.default\">\n\t\t\t\t<div class=\"elementor-widget-container\">\n\t\t\t\t\t\t\t\t\t<p><strong>Aalto Technosystems Oy<\/strong> was founded in November 2020 when a group of industry players were dissatisfied with the fact that things were not being done well enough. The development of speakers had stagnated, and often companies in the industry lacked long-term planning in their business. We decided to go all-in with our expertise.<\/p><p>Our first speaker model, Aalto 1 PRO, saw the light of day in the spring of 2021.<\/p><p>In 2023, Aalto underwent significant changes due to business acquisitions, and currently, it is owned by Suomen Kaiutintehdas Oy. This strategic move opened doors to new opportunities and brought in a new chief designer, Kimmo Saunisto, who also serves as the chief designer of Suomen Kaiutintehdas. Saunisto brought with him extensive expertise and an innovative vision to the world of speakers.<\/p>\t\t\t\t\t\t\t\t<\/div>\n\t\t\t\t<\/div>\n\t\t\t\t\t<\/div>\n\t\t<\/div>\n\t\t\t\t\t<\/div>\n\t\t<\/section>\n\t\t\t\t<div class=\"elementor-element elementor-element-8cc7f5d elementor-invisible elementor-widget elementor-widget-image\" data-id=\"8cc7f5d\" data-element_type=\"widget\" data-settings=\"{&quot;_animation&quot;:&quot;fadeIn&quot;}\" data-widget_type=\"image.default\">\n\t\t\t\t<div class=\"elementor-widget-container\">\n\t\t\t\t\t\t\t\t\t\t\t\t\t\t\t<img fetchpriority=\"high\" decoding=\"async\" width=\"1024\" height=\"768\" src=\"https:\/\/i0.wp.com\/aaltospeakers.fi\/wp-content\/uploads\/2023\/01\/IMG_0974-scaled-min.jpeg?fit=1024%2C768&amp;ssl=1\" class=\"attachment-large size-large wp-image-1905\" alt=\"pair of white aalto 1 speakers\" srcset=\"https:\/\/i0.wp.com\/aaltospeakers.fi\/wp-content\/uploads\/2023\/01\/IMG_0974-scaled-min.jpeg?w=2560&amp;ssl=1 2560w, https:\/\/i0.wp.com\/aaltospeakers.fi\/wp-content\/uploads\/2023\/01\/IMG_0974-scaled-min.jpeg?resize=300%2C225&amp;ssl=1 300w, https:\/\/i0.wp.com\/aaltospeakers.fi\/wp-content\/uploads\/2023\/01\/IMG_0974-scaled-min.jpeg?resize=1024%2C768&amp;ssl=1 1024w, https:\/\/i0.wp.com\/aaltospeakers.fi\/wp-content\/uploads\/2023\/01\/IMG_0974-scaled-min.jpeg?resize=768%2C576&amp;ssl=1 768w, https:\/\/i0.wp.com\/aaltospeakers.fi\/wp-content\/uploads\/2023\/01\/IMG_0974-scaled-min.jpeg?resize=1536%2C1152&amp;ssl=1 1536w, https:\/\/i0.wp.com\/aaltospeakers.fi\/wp-content\/uploads\/2023\/01\/IMG_0974-scaled-min.jpeg?resize=2048%2C1536&amp;ssl=1 2048w, https:\/\/i0.wp.com\/aaltospeakers.fi\/wp-content\/uploads\/2023\/01\/IMG_0974-scaled-min.jpeg?resize=1320%2C990&amp;ssl=1 1320w, https:\/\/i0.wp.com\/aaltospeakers.fi\/wp-content\/uploads\/2023\/01\/IMG_0974-scaled-min.jpeg?resize=600%2C450&amp;ssl=1 600w, https:\/\/i0.wp.com\/aaltospeakers.fi\/wp-content\/uploads\/2023\/01\/IMG_0974-scaled-min.jpeg?w=2400 2400w\" sizes=\"(max-width: 1024px) 100vw, 1024px\" \/>\t\t\t\t\t\t\t\t\t\t\t\t\t\t\t<\/div>\n\t\t\t\t<\/div>\n\t\t\t\t<section class=\"elementor-section elementor-inner-section elementor-element elementor-element-55b0cc5 elementor-section-boxed elementor-section-height-default elementor-section-height-default elementor-invisible\" data-id=\"55b0cc5\" data-element_type=\"section\" data-settings=\"{&quot;animation&quot;:&quot;fadeIn&quot;}\">\n\t\t\t\t\t\t<div class=\"elementor-container elementor-column-gap-no\">\n\t\t\t\t\t<div class=\"elementor-column elementor-col-33 elementor-inner-column elementor-element elementor-element-e7a22fd\" data-id=\"e7a22fd\" data-element_type=\"column\">\n\t\t\t<div class=\"elementor-widget-wrap elementor-element-populated\">\n\t\t\t\t\t\t<div class=\"elementor-element elementor-element-843a15a elementor-widget elementor-widget-heading\" data-id=\"843a15a\" data-element_type=\"widget\" data-widget_type=\"heading.default\">\n\t\t\t\t<div class=\"elementor-widget-container\">\n\t\t\t\t\t<h6 class=\"elementor-heading-title elementor-size-default\">The people behind Aalto<\/h6>\t\t\t\t<\/div>\n\t\t\t\t<\/div>\n\t\t\t\t\t<\/div>\n\t\t<\/div>\n\t\t\t\t<div class=\"elementor-column elementor-col-66 elementor-inner-column elementor-element elementor-element-c1e118e\" data-id=\"c1e118e\" data-element_type=\"column\">\n\t\t\t<div class=\"elementor-widget-wrap elementor-element-populated\">\n\t\t\t\t\t\t<div class=\"elementor-element elementor-element-6678304 elementor-widget elementor-widget-text-editor\" data-id=\"6678304\" data-element_type=\"widget\" data-widget_type=\"text-editor.default\">\n\t\t\t\t<div class=\"elementor-widget-container\">\n\t\t\t\t\t\t\t\t\t<p><strong style=\"font-style: inherit;\">Jarkko Korhonen<\/strong><span style=\"font-style: inherit;\"> is a long-standing player in the high-end audio industry based in Oulu. Many people in Oulu are familiar with Jarkko from JJ Hifi. In addition to his business ventures, Jarkko has always had a strong vision of what good sound should sound like. Aalto is now giving Jarkko the freedom to realize this vision for the first time.<\/span><\/p><p><b>Sami Soikko<\/b> operates as the entrepreneur of Audiokauppa Oulu, and he joined Aalto Technosystems Oy through business acquisitions in late 2023. Sami is also one of the founders of Suomen Kaiutintehdas Oy.<\/p><p class=\"translation-block\"><strong>Veli-Pekka M\u00e4mmel\u00e4<\/strong> joined Aalto Technosystems in early 2023 as part of the change of ownership. Veli-Pekka is a passionate hi-fi enthusiast and has several years of work experience in the hi-fi industry.<\/p>\t\t\t\t\t\t\t\t<\/div>\n\t\t\t\t<\/div>\n\t\t\t\t\t<\/div>\n\t\t<\/div>\n\t\t\t\t\t<\/div>\n\t\t<\/section>\n\t\t\t\t\t<\/div>\n\t\t<\/div>\n\t\t\t\t\t<\/div>\n\t\t<\/section>\n\t\t\t\t<\/div>","protected":false},"excerpt":{"rendered":"<p>TARINAMME Perustimme yrityksen koska asioita ei tehty riitt\u00e4v\u00e4n hyvin. Aalto Technosystems Oy perustettiin marraskuussa 2020, kun joukko alan toimijoita oli tyytym\u00e4tt\u00f6mi\u00e4 siihen, ett\u00e4 asioita ei tehty riitt\u00e4v\u00e4n hyvin. Kaiuttimien kehitys oli polkenut paikoillaan, ja usein my\u00f6s alan yrityksilt\u00e4 puuttui pitk\u00e4n t\u00e4ht\u00e4imen suunnitelmallisuus liiketoiminnassaan. P\u00e4\u00e4timme laittaa oman osaamisemme t\u00e4ysill\u00e4 peliin. Ensimm\u00e4inen oma kaiutinmallimme, Aalto 1 PRO, [&hellip;]<\/p>","protected":false},"author":2,"featured_media":0,"parent":0,"menu_order":0,"comment_status":"closed","ping_status":"closed","template":"","meta":{"site-sidebar-layout":"no-sidebar","site-content-layout":"page-builder","ast-site-content-layout":"default","site-content-style":"default","site-sidebar-style":"default","ast-global-header-display":"","ast-banner-title-visibility":"","ast-main-header-display":"","ast-hfb-above-header-display":"","ast-hfb-below-header-display":"","ast-hfb-mobile-header-display":"","site-post-title":"disabled","ast-breadcrumbs-content":"disabled","ast-featured-img":"disabled","footer-sml-layout":"","ast-disable-related-posts":"","theme-transparent-header-meta":"default","adv-header-id-meta":"","stick-header-meta":"","header-above-stick-meta":"","header-main-stick-meta":"","header-below-stick-meta":"","astra-migrate-meta-layouts":"default","ast-page-background-enabled":"default","ast-page-background-meta":{"desktop":{"background-color":"var(--ast-global-color-4)","background-image":"","background-repeat":"repeat","background-position":"center center","background-size":"auto","background-attachment":"scroll","background-type":"","background-media":"","overlay-type":"","overlay-color":"","overlay-opacity":"","overlay-gradient":""},"tablet":{"background-color":"","background-image":"","background-repeat":"repeat","background-position":"center center","background-size":"auto","background-attachment":"scroll","background-type":"","background-media":"","overlay-type":"","overlay-color":"","overlay-opacity":"","overlay-gradient":""},"mobile":{"background-color":"","background-image":"","background-repeat":"repeat","background-position":"center center","background-size":"auto","background-attachment":"scroll","background-type":"","background-media":"","overlay-type":"","overlay-color":"","overlay-opacity":"","overlay-gradient":""}},"ast-content-background-meta":{"desktop":{"background-color":"var(--ast-global-color-5)","background-image":"","background-repeat":"repeat","background-position":"center center","background-size":"auto","background-attachment":"scroll","background-type":"","background-media":"","overlay-type":"","overlay-color":"","overlay-opacity":"","overlay-gradient":""},"tablet":{"background-color":"var(--ast-global-color-5)","background-image":"","background-repeat":"repeat","background-position":"center center","background-size":"auto","background-attachment":"scroll","background-type":"","background-media":"","overlay-type":"","overlay-color":"","overlay-opacity":"","overlay-gradient":""},"mobile":{"background-color":"var(--ast-global-color-5)","background-image":"","background-repeat":"repeat","background-position":"center center","background-size":"auto","background-attachment":"scroll","background-type":"","background-media":"","overlay-type":"","overlay-color":"","overlay-opacity":"","overlay-gradient":""}},"footnotes":""},"class_list":["post-252","page","type-page","status-publish","hentry"],"yoast_head":"<!-- This site is optimized with the Yoast SEO plugin v26.7 - https:\/\/yoast.com\/wordpress\/plugins\/seo\/ -->\n<title>Aalto Speakers - Ihmiset aallon takana<\/title>\n<meta name=\"description\" content=\"Tarina on hyvin tyypillinen: joukko alan toimijoita oli tyytym\u00e4tt\u00f6mi\u00e4 siihen, ett\u00e4 asioita ei tehty riitt\u00e4v\u00e4n hyvin.\" \/>\n<meta name=\"robots\" content=\"index, follow, max-snippet:-1, max-image-preview:large, max-video-preview:-1\" \/>\n<link rel=\"canonical\" href=\"https:\/\/aaltospeakers.fi\/en\/about\/\" \/>\n<meta property=\"og:locale\" content=\"en_GB\" \/>\n<meta property=\"og:type\" content=\"article\" \/>\n<meta property=\"og:title\" content=\"Aalto Speakers - Ihmiset aallon takana\" \/>\n<meta property=\"og:description\" content=\"Tarina on hyvin tyypillinen: joukko alan toimijoita oli tyytym\u00e4tt\u00f6mi\u00e4 siihen, ett\u00e4 asioita ei tehty riitt\u00e4v\u00e4n hyvin.\" \/>\n<meta property=\"og:url\" content=\"https:\/\/aaltospeakers.fi\/en\/about\/\" \/>\n<meta property=\"og:site_name\" content=\"Aalto Speakers\" \/>\n<meta property=\"article:publisher\" content=\"https:\/\/www.facebook.com\/people\/AALTO\/100057490748330\/\" \/>\n<meta property=\"article:modified_time\" content=\"2025-06-12T07:35:55+00:00\" \/>\n<meta property=\"og:image\" content=\"http:\/\/aaltospeakers.fi\/wp-content\/uploads\/2023\/01\/IMG_0974-scaled-min-1024x768.jpeg\" \/>\n<meta name=\"twitter:card\" content=\"summary_large_image\" \/>\n<meta name=\"twitter:label1\" content=\"Estimated reading time\" \/>\n\t<meta name=\"twitter:data1\" content=\"2 minutes\" \/>\n<script type=\"application\/ld+json\" class=\"yoast-schema-graph\">{\"@context\":\"https:\/\/schema.org\",\"@graph\":[{\"@type\":\"WebPage\",\"@id\":\"https:\/\/aaltospeakers.fi\/fi\/about\/\",\"url\":\"https:\/\/aaltospeakers.fi\/fi\/about\/\",\"name\":\"Aalto Speakers - Ihmiset aallon takana\",\"isPartOf\":{\"@id\":\"https:\/\/aaltospeakers.fi\/#website\"},\"primaryImageOfPage\":{\"@id\":\"https:\/\/aaltospeakers.fi\/fi\/about\/#primaryimage\"},\"image\":{\"@id\":\"https:\/\/aaltospeakers.fi\/fi\/about\/#primaryimage\"},\"thumbnailUrl\":\"http:\/\/aaltospeakers.fi\/wp-content\/uploads\/2023\/01\/IMG_0974-scaled-min-1024x768.jpeg\",\"datePublished\":\"2021-08-18T05:35:45+00:00\",\"dateModified\":\"2025-06-12T07:35:55+00:00\",\"description\":\"Tarina on hyvin tyypillinen: joukko alan toimijoita oli tyytym\u00e4tt\u00f6mi\u00e4 siihen, ett\u00e4 asioita ei tehty riitt\u00e4v\u00e4n hyvin.\",\"breadcrumb\":{\"@id\":\"https:\/\/aaltospeakers.fi\/fi\/about\/#breadcrumb\"},\"inLanguage\":\"en-GB\",\"potentialAction\":[{\"@type\":\"ReadAction\",\"target\":[\"https:\/\/aaltospeakers.fi\/fi\/about\/\"]}]},{\"@type\":\"ImageObject\",\"inLanguage\":\"en-GB\",\"@id\":\"https:\/\/aaltospeakers.fi\/fi\/about\/#primaryimage\",\"url\":\"http:\/\/aaltospeakers.fi\/wp-content\/uploads\/2023\/01\/IMG_0974-scaled-min-1024x768.jpeg\",\"contentUrl\":\"http:\/\/aaltospeakers.fi\/wp-content\/uploads\/2023\/01\/IMG_0974-scaled-min-1024x768.jpeg\"},{\"@type\":\"BreadcrumbList\",\"@id\":\"https:\/\/aaltospeakers.fi\/fi\/about\/#breadcrumb\",\"itemListElement\":[{\"@type\":\"ListItem\",\"position\":1,\"name\":\"Home\",\"item\":\"https:\/\/aaltospeakers.fi\/\"},{\"@type\":\"ListItem\",\"position\":2,\"name\":\"About\"}]},{\"@type\":\"WebSite\",\"@id\":\"https:\/\/aaltospeakers.fi\/#website\",\"url\":\"https:\/\/aaltospeakers.fi\/\",\"name\":\"Aalto Speakers\",\"description\":\"Aalto Speakers webshop\",\"publisher\":{\"@id\":\"https:\/\/aaltospeakers.fi\/#organization\"},\"potentialAction\":[{\"@type\":\"SearchAction\",\"target\":{\"@type\":\"EntryPoint\",\"urlTemplate\":\"https:\/\/aaltospeakers.fi\/?s={search_term_string}\"},\"query-input\":{\"@type\":\"PropertyValueSpecification\",\"valueRequired\":true,\"valueName\":\"search_term_string\"}}],\"inLanguage\":\"en-GB\"},{\"@type\":\"Organization\",\"@id\":\"https:\/\/aaltospeakers.fi\/#organization\",\"name\":\"Aalto Speakers\",\"url\":\"https:\/\/aaltospeakers.fi\/\",\"logo\":{\"@type\":\"ImageObject\",\"inLanguage\":\"en-GB\",\"@id\":\"https:\/\/aaltospeakers.fi\/#\/schema\/logo\/image\/\",\"url\":\"https:\/\/i0.wp.com\/aaltospeakers.fi\/wp-content\/uploads\/2023\/01\/cropped-aalto_logo_bk.png?fit=785%2C261&ssl=1\",\"contentUrl\":\"https:\/\/i0.wp.com\/aaltospeakers.fi\/wp-content\/uploads\/2023\/01\/cropped-aalto_logo_bk.png?fit=785%2C261&ssl=1\",\"width\":785,\"height\":261,\"caption\":\"Aalto Speakers\"},\"image\":{\"@id\":\"https:\/\/aaltospeakers.fi\/#\/schema\/logo\/image\/\"},\"sameAs\":[\"https:\/\/www.facebook.com\/people\/AALTO\/100057490748330\/\"]}]}<\/script>\n<!-- \/ Yoast SEO plugin. -->","yoast_head_json":{"title":"Aalto Speakers - Ihmiset aallon takana","description":"Tarina on hyvin tyypillinen: joukko alan toimijoita oli tyytym\u00e4tt\u00f6mi\u00e4 siihen, ett\u00e4 asioita ei tehty riitt\u00e4v\u00e4n hyvin.","robots":{"index":"index","follow":"follow","max-snippet":"max-snippet:-1","max-image-preview":"max-image-preview:large","max-video-preview":"max-video-preview:-1"},"canonical":"https:\/\/aaltospeakers.fi\/en\/about\/","og_locale":"en_GB","og_type":"article","og_title":"Aalto Speakers - Ihmiset aallon takana","og_description":"Tarina on hyvin tyypillinen: joukko alan toimijoita oli tyytym\u00e4tt\u00f6mi\u00e4 siihen, ett\u00e4 asioita ei tehty riitt\u00e4v\u00e4n hyvin.","og_url":"https:\/\/aaltospeakers.fi\/en\/about\/","og_site_name":"Aalto Speakers","article_publisher":"https:\/\/www.facebook.com\/people\/AALTO\/100057490748330\/","article_modified_time":"2025-06-12T07:35:55+00:00","og_image":[{"url":"http:\/\/aaltospeakers.fi\/wp-content\/uploads\/2023\/01\/IMG_0974-scaled-min-1024x768.jpeg","type":"","width":"","height":""}],"twitter_card":"summary_large_image","twitter_misc":{"Estimated reading time":"2 minutes"},"schema":{"@context":"https:\/\/schema.org","@graph":[{"@type":"WebPage","@id":"https:\/\/aaltospeakers.fi\/fi\/about\/","url":"https:\/\/aaltospeakers.fi\/fi\/about\/","name":"Aalto Speakers - Ihmiset aallon takana","isPartOf":{"@id":"https:\/\/aaltospeakers.fi\/#website"},"primaryImageOfPage":{"@id":"https:\/\/aaltospeakers.fi\/fi\/about\/#primaryimage"},"image":{"@id":"https:\/\/aaltospeakers.fi\/fi\/about\/#primaryimage"},"thumbnailUrl":"http:\/\/aaltospeakers.fi\/wp-content\/uploads\/2023\/01\/IMG_0974-scaled-min-1024x768.jpeg","datePublished":"2021-08-18T05:35:45+00:00","dateModified":"2025-06-12T07:35:55+00:00","description":"Tarina on hyvin tyypillinen: joukko alan toimijoita oli tyytym\u00e4tt\u00f6mi\u00e4 siihen, ett\u00e4 asioita ei tehty riitt\u00e4v\u00e4n hyvin.","breadcrumb":{"@id":"https:\/\/aaltospeakers.fi\/fi\/about\/#breadcrumb"},"inLanguage":"en-GB","potentialAction":[{"@type":"ReadAction","target":["https:\/\/aaltospeakers.fi\/fi\/about\/"]}]},{"@type":"ImageObject","inLanguage":"en-GB","@id":"https:\/\/aaltospeakers.fi\/fi\/about\/#primaryimage","url":"http:\/\/aaltospeakers.fi\/wp-content\/uploads\/2023\/01\/IMG_0974-scaled-min-1024x768.jpeg","contentUrl":"http:\/\/aaltospeakers.fi\/wp-content\/uploads\/2023\/01\/IMG_0974-scaled-min-1024x768.jpeg"},{"@type":"BreadcrumbList","@id":"https:\/\/aaltospeakers.fi\/fi\/about\/#breadcrumb","itemListElement":[{"@type":"ListItem","position":1,"name":"Home","item":"https:\/\/aaltospeakers.fi\/"},{"@type":"ListItem","position":2,"name":"About"}]},{"@type":"WebSite","@id":"https:\/\/aaltospeakers.fi\/#website","url":"https:\/\/aaltospeakers.fi\/","name":"Aalto Speakers","description":"Aalto Speakers webshop","publisher":{"@id":"https:\/\/aaltospeakers.fi\/#organization"},"potentialAction":[{"@type":"SearchAction","target":{"@type":"EntryPoint","urlTemplate":"https:\/\/aaltospeakers.fi\/?s={search_term_string}"},"query-input":{"@type":"PropertyValueSpecification","valueRequired":true,"valueName":"search_term_string"}}],"inLanguage":"en-GB"},{"@type":"Organization","@id":"https:\/\/aaltospeakers.fi\/#organization","name":"Aalto Speakers","url":"https:\/\/aaltospeakers.fi\/","logo":{"@type":"ImageObject","inLanguage":"en-GB","@id":"https:\/\/aaltospeakers.fi\/#\/schema\/logo\/image\/","url":"https:\/\/i0.wp.com\/aaltospeakers.fi\/wp-content\/uploads\/2023\/01\/cropped-aalto_logo_bk.png?fit=785%2C261&ssl=1","contentUrl":"https:\/\/i0.wp.com\/aaltospeakers.fi\/wp-content\/uploads\/2023\/01\/cropped-aalto_logo_bk.png?fit=785%2C261&ssl=1","width":785,"height":261,"caption":"Aalto Speakers"},"image":{"@id":"https:\/\/aaltospeakers.fi\/#\/schema\/logo\/image\/"},"sameAs":["https:\/\/www.facebook.com\/people\/AALTO\/100057490748330\/"]}]}},"jetpack_sharing_enabled":true,"_links":{"self":[{"href":"https:\/\/aaltospeakers.fi\/en\/wp-json\/wp\/v2\/pages\/252","targetHints":{"allow":["GET"]}}],"collection":[{"href":"https:\/\/aaltospeakers.fi\/en\/wp-json\/wp\/v2\/pages"}],"about":[{"href":"https:\/\/aaltospeakers.fi\/en\/wp-json\/wp\/v2\/types\/page"}],"author":[{"embeddable":true,"href":"https:\/\/aaltospeakers.fi\/en\/wp-json\/wp\/v2\/users\/2"}],"replies":[{"embeddable":true,"href":"https:\/\/aaltospeakers.fi\/en\/wp-json\/wp\/v2\/comments?post=252"}],"version-history":[{"count":56,"href":"https:\/\/aaltospeakers.fi\/en\/wp-json\/wp\/v2\/pages\/252\/revisions"}],"predecessor-version":[{"id":2394,"href":"https:\/\/aaltospeakers.fi\/en\/wp-json\/wp\/v2\/pages\/252\/revisions\/2394"}],"wp:attachment":[{"href":"https:\/\/aaltospeakers.fi\/en\/wp-json\/wp\/v2\/media?parent=252"}],"curies":[{"name":"wp","href":"https:\/\/api.w.org\/{rel}","templated":true}]}}