{"id":1396,"date":"2023-01-28T16:20:28","date_gmt":"2023-01-28T16:20:28","guid":{"rendered":"http:\/\/aaltospeakers.fi\/?post_type=product&#038;p=1396"},"modified":"2025-10-31T09:31:03","modified_gmt":"2025-10-31T09:31:03","slug":"aalto-1-evo","status":"publish","type":"product","link":"https:\/\/aaltospeakers.fi\/en\/product\/aalto-1-evo\/","title":{"rendered":"AALTO 1 EVO"},"content":{"rendered":"<p style=\"font-weight: 400;\">The new AALTO 1 EVO is an upgraded version of the already excellent AALTO 1. The updated EVO features a completely redesigned crossover and a unique 3D-printed reflex port specifically crafted for this speaker. The performance of the EVO has seen a significant improvement!<\/p>\n<p style=\"font-weight: 400;\">AALTO 1 EVO is a downright compact speaker, making it naturally suitable for various purposes.<\/p>\n<p style=\"font-weight: 400;\">It is designed to be used not only in a traditional pedestal setting, but also on a TV stand to improve the often mediocre sound of flat-screen TVs, as a high-quality computer speaker on a desktop, or even as a wall-mounted studio monitor.<\/p>\n<p style=\"font-weight: 400;\">For this purpose, AALTO 1 EVO features a 1\/4\u201d thread on the rear panel for wall or ceiling mounting.<\/p>\n<p>The cabinet is made by injection molding from a completely Finnish and recyclable natural fiber composite material. The properties of natural fiber composite as a speaker material are unmatched. Compared to ordinary plastics, this material allows the use of multiple material strengths, and its vibration characteristics are also superior.<\/p>\n<p style=\"font-weight: 400;\">In the design of the AALTO 1 EVO cabinet, a unique and clear Scandinavian design language has been taken into account, along with the constraints set by the laws of acoustics.<\/p>\n<p style=\"font-weight: 400;\">The double curved surfaces of the enclosure ensure natural shape rigidity, and the forward tapering shape minimizes standing waves inside the enclosure.<\/p>\n<p style=\"font-weight: 400;\">The technical implementation follows the well-known formula of all AALTO speakers - the bass driver of AALTO 1 produces deep, powerful and incredibly low-reaching bass, while the WLR1 tweeter unit delivers bright high frequencies and a clean midrange that seamlessly integrates with the bass.<\/p>","protected":false},"excerpt":{"rendered":"<p style=\"font-weight: 400;\">AALTO 1 EVO is a new compact bookshelf speaker designed for versatility in various settings and situations. EVO is an upgraded version of the popular AALTO 1.<\/p>\n<p style=\"font-weight: 400;\">The small and stylish AALTO 1 EVO seamlessly fits into a modern Scandinavian living room, while also performing effortlessly as a monitoring speaker in a studio setup.<\/p>\n<p>&nbsp;<\/p>\n<p style=\"font-weight: 400;\"><img decoding=\"async\" class=\"alignnone size-full wp-image-2145\" src=\"https:\/\/aaltospeakers.fi\/wp-content\/uploads\/2023\/11\/AVPlus-logo-suosittelemme.png\" alt=\"AVPlus suosittelemme\" width=\"250\" height=\"152\" srcset=\"https:\/\/i0.wp.com\/aaltospeakers.fi\/wp-content\/uploads\/2023\/11\/AVPlus-logo-suosittelemme.png?w=250&amp;ssl=1 250w, https:\/\/i0.wp.com\/aaltospeakers.fi\/wp-content\/uploads\/2023\/11\/AVPlus-logo-suosittelemme.png?resize=18%2C12&amp;ssl=1 18w\" sizes=\"(max-width: 250px) 100vw, 250px\" \/><\/p>","protected":false},"featured_media":1901,"template":"","meta":{"site-sidebar-layout":"default","site-content-layout":"default","ast-site-content-layout":"default","site-content-style":"default","site-sidebar-style":"default","ast-global-header-display":"","ast-banner-title-visibility":"","ast-main-header-display":"","ast-hfb-above-header-display":"","ast-hfb-below-header-display":"","ast-hfb-mobile-header-display":"","site-post-title":"","ast-breadcrumbs-content":"","ast-featured-img":"","footer-sml-layout":"","ast-disable-related-posts":"","theme-transparent-header-meta":"default","adv-header-id-meta":"","stick-header-meta":"default","header-above-stick-meta":"","header-main-stick-meta":"","header-below-stick-meta":"","astra-migrate-meta-layouts":"set","ast-page-background-enabled":"default","ast-page-background-meta":{"desktop":{"background-color":"var(--ast-global-color-4)","background-image":"","background-repeat":"repeat","background-position":"center center","background-size":"auto","background-attachment":"scroll","background-type":"","background-media":"","overlay-type":"","overlay-color":"","overlay-opacity":"","overlay-gradient":""},"tablet":{"background-color":"","background-image":"","background-repeat":"repeat","background-position":"center center","background-size":"auto","background-attachment":"scroll","background-type":"","background-media":"","overlay-type":"","overlay-color":"","overlay-opacity":"","overlay-gradient":""},"mobile":{"background-color":"","background-image":"","background-repeat":"repeat","background-position":"center center","background-size":"auto","background-attachment":"scroll","background-type":"","background-media":"","overlay-type":"","overlay-color":"","overlay-opacity":"","overlay-gradient":""}},"ast-content-background-meta":{"desktop":{"background-color":"var(--ast-global-color-5)","background-image":"","background-repeat":"repeat","background-position":"center center","background-size":"auto","background-attachment":"scroll","background-type":"","background-media":"","overlay-type":"","overlay-color":"","overlay-opacity":"","overlay-gradient":""},"tablet":{"background-color":"var(--ast-global-color-5)","background-image":"","background-repeat":"repeat","background-position":"center center","background-size":"auto","background-attachment":"scroll","background-type":"","background-media":"","overlay-type":"","overlay-color":"","overlay-opacity":"","overlay-gradient":""},"mobile":{"background-color":"var(--ast-global-color-5)","background-image":"","background-repeat":"repeat","background-position":"center center","background-size":"auto","background-attachment":"scroll","background-type":"","background-media":"","overlay-type":"","overlay-color":"","overlay-opacity":"","overlay-gradient":""}}},"product_brand":[],"product_cat":[36],"product_tag":[],"class_list":{"0":"post-1396","1":"product","2":"type-product","3":"status-publish","4":"has-post-thumbnail","6":"product_cat-kaiuttimet-fi","7":"desktop-align-left","8":"tablet-align-left","9":"mobile-align-left","11":"first","12":"instock","13":"taxable","14":"shipping-taxable","15":"purchasable","16":"product-type-simple"},"yoast_head":"<!-- This site is optimized with the Yoast SEO plugin v26.7 - https:\/\/yoast.com\/wordpress\/plugins\/seo\/ -->\n<title>AALTO 1 EVO - Aalto Speakers<\/title>\n<meta name=\"description\" content=\"AALTO 1 EVO soveltuu parantamaan televisioiden \u00e4\u00e4nt\u00e4, ty\u00f6p\u00f6yd\u00e4lle laadukkaaksi tietokonekaiuttimeksi, tai vaikkapa sein\u00e4lle asennettavaksi studiomonitoriksi.\" \/>\n<meta name=\"robots\" content=\"index, follow, max-snippet:-1, max-image-preview:large, max-video-preview:-1\" \/>\n<link rel=\"canonical\" href=\"https:\/\/aaltospeakers.fi\/en\/product\/aalto-1-evo\/\" \/>\n<meta property=\"og:locale\" content=\"en_GB\" \/>\n<meta property=\"og:type\" content=\"article\" \/>\n<meta property=\"og:title\" content=\"AALTO 1 EVO - Aalto Speakers\" \/>\n<meta property=\"og:description\" content=\"AALTO 1 EVO soveltuu parantamaan televisioiden \u00e4\u00e4nt\u00e4, ty\u00f6p\u00f6yd\u00e4lle laadukkaaksi tietokonekaiuttimeksi, tai vaikkapa sein\u00e4lle asennettavaksi studiomonitoriksi.\" \/>\n<meta property=\"og:url\" content=\"https:\/\/aaltospeakers.fi\/en\/product\/aalto-1-evo\/\" \/>\n<meta property=\"og:site_name\" content=\"Aalto Speakers\" \/>\n<meta property=\"article:publisher\" content=\"https:\/\/www.facebook.com\/people\/AALTO\/100057490748330\/\" \/>\n<meta property=\"article:modified_time\" content=\"2025-10-31T09:31:03+00:00\" \/>\n<meta property=\"og:image\" content=\"http:\/\/aaltospeakers.fi\/wp-content\/uploads\/2023\/01\/IMG_0970-scaled-min.jpeg\" \/>\n\t<meta property=\"og:image:width\" content=\"1920\" \/>\n\t<meta property=\"og:image:height\" content=\"2560\" \/>\n\t<meta property=\"og:image:type\" content=\"image\/jpeg\" \/>\n<meta name=\"twitter:card\" content=\"summary_large_image\" \/>\n<meta name=\"twitter:label1\" content=\"Estimated reading time\" \/>\n\t<meta name=\"twitter:data1\" content=\"2 minutes\" \/>\n<script type=\"application\/ld+json\" class=\"yoast-schema-graph\">{\"@context\":\"https:\/\/schema.org\",\"@graph\":[{\"@type\":\"WebPage\",\"@id\":\"https:\/\/aaltospeakers.fi\/product\/aalto-1-evo\/\",\"url\":\"https:\/\/aaltospeakers.fi\/product\/aalto-1-evo\/\",\"name\":\"AALTO 1 EVO - Aalto Speakers\",\"isPartOf\":{\"@id\":\"https:\/\/aaltospeakers.fi\/#website\"},\"primaryImageOfPage\":{\"@id\":\"https:\/\/aaltospeakers.fi\/product\/aalto-1-evo\/#primaryimage\"},\"image\":{\"@id\":\"https:\/\/aaltospeakers.fi\/product\/aalto-1-evo\/#primaryimage\"},\"thumbnailUrl\":\"https:\/\/i0.wp.com\/aaltospeakers.fi\/wp-content\/uploads\/2023\/01\/IMG_0970-scaled-min.jpeg?fit=1920%2C2560&ssl=1\",\"datePublished\":\"2023-01-28T16:20:28+00:00\",\"dateModified\":\"2025-10-31T09:31:03+00:00\",\"description\":\"AALTO 1 EVO soveltuu parantamaan televisioiden \u00e4\u00e4nt\u00e4, ty\u00f6p\u00f6yd\u00e4lle laadukkaaksi tietokonekaiuttimeksi, tai vaikkapa sein\u00e4lle asennettavaksi studiomonitoriksi.\",\"breadcrumb\":{\"@id\":\"https:\/\/aaltospeakers.fi\/product\/aalto-1-evo\/#breadcrumb\"},\"inLanguage\":\"en-GB\",\"potentialAction\":[{\"@type\":\"ReadAction\",\"target\":[\"https:\/\/aaltospeakers.fi\/product\/aalto-1-evo\/\"]}]},{\"@type\":\"ImageObject\",\"inLanguage\":\"en-GB\",\"@id\":\"https:\/\/aaltospeakers.fi\/product\/aalto-1-evo\/#primaryimage\",\"url\":\"https:\/\/i0.wp.com\/aaltospeakers.fi\/wp-content\/uploads\/2023\/01\/IMG_0970-scaled-min.jpeg?fit=1920%2C2560&ssl=1\",\"contentUrl\":\"https:\/\/i0.wp.com\/aaltospeakers.fi\/wp-content\/uploads\/2023\/01\/IMG_0970-scaled-min.jpeg?fit=1920%2C2560&ssl=1\",\"width\":1920,\"height\":2560,\"caption\":\"white aalto 1 speaker\"},{\"@type\":\"BreadcrumbList\",\"@id\":\"https:\/\/aaltospeakers.fi\/product\/aalto-1-evo\/#breadcrumb\",\"itemListElement\":[{\"@type\":\"ListItem\",\"position\":1,\"name\":\"Home\",\"item\":\"https:\/\/aaltospeakers.fi\/\"},{\"@type\":\"ListItem\",\"position\":2,\"name\":\"Kaiuttimet\",\"item\":\"https:\/\/aaltospeakers.fi\/kaiuttimet\/\"},{\"@type\":\"ListItem\",\"position\":3,\"name\":\"AALTO 1 EVO\"}]},{\"@type\":\"WebSite\",\"@id\":\"https:\/\/aaltospeakers.fi\/#website\",\"url\":\"https:\/\/aaltospeakers.fi\/\",\"name\":\"Aalto Speakers\",\"description\":\"Aalto Speakers webshop\",\"publisher\":{\"@id\":\"https:\/\/aaltospeakers.fi\/#organization\"},\"potentialAction\":[{\"@type\":\"SearchAction\",\"target\":{\"@type\":\"EntryPoint\",\"urlTemplate\":\"https:\/\/aaltospeakers.fi\/?s={search_term_string}\"},\"query-input\":{\"@type\":\"PropertyValueSpecification\",\"valueRequired\":true,\"valueName\":\"search_term_string\"}}],\"inLanguage\":\"en-GB\"},{\"@type\":\"Organization\",\"@id\":\"https:\/\/aaltospeakers.fi\/#organization\",\"name\":\"Aalto Speakers\",\"url\":\"https:\/\/aaltospeakers.fi\/\",\"logo\":{\"@type\":\"ImageObject\",\"inLanguage\":\"en-GB\",\"@id\":\"https:\/\/aaltospeakers.fi\/#\/schema\/logo\/image\/\",\"url\":\"https:\/\/i0.wp.com\/aaltospeakers.fi\/wp-content\/uploads\/2023\/01\/cropped-aalto_logo_bk.png?fit=785%2C261&ssl=1\",\"contentUrl\":\"https:\/\/i0.wp.com\/aaltospeakers.fi\/wp-content\/uploads\/2023\/01\/cropped-aalto_logo_bk.png?fit=785%2C261&ssl=1\",\"width\":785,\"height\":261,\"caption\":\"Aalto Speakers\"},\"image\":{\"@id\":\"https:\/\/aaltospeakers.fi\/#\/schema\/logo\/image\/\"},\"sameAs\":[\"https:\/\/www.facebook.com\/people\/AALTO\/100057490748330\/\"]}]}<\/script>\n<!-- \/ Yoast SEO plugin. -->","yoast_head_json":{"title":"AALTO 1 EVO - Aalto Speakers","description":"AALTO 1 EVO soveltuu parantamaan televisioiden \u00e4\u00e4nt\u00e4, ty\u00f6p\u00f6yd\u00e4lle laadukkaaksi tietokonekaiuttimeksi, tai vaikkapa sein\u00e4lle asennettavaksi studiomonitoriksi.","robots":{"index":"index","follow":"follow","max-snippet":"max-snippet:-1","max-image-preview":"max-image-preview:large","max-video-preview":"max-video-preview:-1"},"canonical":"https:\/\/aaltospeakers.fi\/en\/product\/aalto-1-evo\/","og_locale":"en_GB","og_type":"article","og_title":"AALTO 1 EVO - Aalto Speakers","og_description":"AALTO 1 EVO soveltuu parantamaan televisioiden \u00e4\u00e4nt\u00e4, ty\u00f6p\u00f6yd\u00e4lle laadukkaaksi tietokonekaiuttimeksi, tai vaikkapa sein\u00e4lle asennettavaksi studiomonitoriksi.","og_url":"https:\/\/aaltospeakers.fi\/en\/product\/aalto-1-evo\/","og_site_name":"Aalto Speakers","article_publisher":"https:\/\/www.facebook.com\/people\/AALTO\/100057490748330\/","article_modified_time":"2025-10-31T09:31:03+00:00","og_image":[{"width":1920,"height":2560,"url":"http:\/\/aaltospeakers.fi\/wp-content\/uploads\/2023\/01\/IMG_0970-scaled-min.jpeg","type":"image\/jpeg"}],"twitter_card":"summary_large_image","twitter_misc":{"Estimated reading time":"2 minutes"},"schema":{"@context":"https:\/\/schema.org","@graph":[{"@type":"WebPage","@id":"https:\/\/aaltospeakers.fi\/product\/aalto-1-evo\/","url":"https:\/\/aaltospeakers.fi\/product\/aalto-1-evo\/","name":"AALTO 1 EVO - Aalto Speakers","isPartOf":{"@id":"https:\/\/aaltospeakers.fi\/#website"},"primaryImageOfPage":{"@id":"https:\/\/aaltospeakers.fi\/product\/aalto-1-evo\/#primaryimage"},"image":{"@id":"https:\/\/aaltospeakers.fi\/product\/aalto-1-evo\/#primaryimage"},"thumbnailUrl":"https:\/\/i0.wp.com\/aaltospeakers.fi\/wp-content\/uploads\/2023\/01\/IMG_0970-scaled-min.jpeg?fit=1920%2C2560&ssl=1","datePublished":"2023-01-28T16:20:28+00:00","dateModified":"2025-10-31T09:31:03+00:00","description":"AALTO 1 EVO soveltuu parantamaan televisioiden \u00e4\u00e4nt\u00e4, ty\u00f6p\u00f6yd\u00e4lle laadukkaaksi tietokonekaiuttimeksi, tai vaikkapa sein\u00e4lle asennettavaksi studiomonitoriksi.","breadcrumb":{"@id":"https:\/\/aaltospeakers.fi\/product\/aalto-1-evo\/#breadcrumb"},"inLanguage":"en-GB","potentialAction":[{"@type":"ReadAction","target":["https:\/\/aaltospeakers.fi\/product\/aalto-1-evo\/"]}]},{"@type":"ImageObject","inLanguage":"en-GB","@id":"https:\/\/aaltospeakers.fi\/product\/aalto-1-evo\/#primaryimage","url":"https:\/\/i0.wp.com\/aaltospeakers.fi\/wp-content\/uploads\/2023\/01\/IMG_0970-scaled-min.jpeg?fit=1920%2C2560&ssl=1","contentUrl":"https:\/\/i0.wp.com\/aaltospeakers.fi\/wp-content\/uploads\/2023\/01\/IMG_0970-scaled-min.jpeg?fit=1920%2C2560&ssl=1","width":1920,"height":2560,"caption":"white aalto 1 speaker"},{"@type":"BreadcrumbList","@id":"https:\/\/aaltospeakers.fi\/product\/aalto-1-evo\/#breadcrumb","itemListElement":[{"@type":"ListItem","position":1,"name":"Home","item":"https:\/\/aaltospeakers.fi\/"},{"@type":"ListItem","position":2,"name":"Kaiuttimet","item":"https:\/\/aaltospeakers.fi\/kaiuttimet\/"},{"@type":"ListItem","position":3,"name":"AALTO 1 EVO"}]},{"@type":"WebSite","@id":"https:\/\/aaltospeakers.fi\/#website","url":"https:\/\/aaltospeakers.fi\/","name":"Aalto Speakers","description":"Aalto Speakers webshop","publisher":{"@id":"https:\/\/aaltospeakers.fi\/#organization"},"potentialAction":[{"@type":"SearchAction","target":{"@type":"EntryPoint","urlTemplate":"https:\/\/aaltospeakers.fi\/?s={search_term_string}"},"query-input":{"@type":"PropertyValueSpecification","valueRequired":true,"valueName":"search_term_string"}}],"inLanguage":"en-GB"},{"@type":"Organization","@id":"https:\/\/aaltospeakers.fi\/#organization","name":"Aalto Speakers","url":"https:\/\/aaltospeakers.fi\/","logo":{"@type":"ImageObject","inLanguage":"en-GB","@id":"https:\/\/aaltospeakers.fi\/#\/schema\/logo\/image\/","url":"https:\/\/i0.wp.com\/aaltospeakers.fi\/wp-content\/uploads\/2023\/01\/cropped-aalto_logo_bk.png?fit=785%2C261&ssl=1","contentUrl":"https:\/\/i0.wp.com\/aaltospeakers.fi\/wp-content\/uploads\/2023\/01\/cropped-aalto_logo_bk.png?fit=785%2C261&ssl=1","width":785,"height":261,"caption":"Aalto Speakers"},"image":{"@id":"https:\/\/aaltospeakers.fi\/#\/schema\/logo\/image\/"},"sameAs":["https:\/\/www.facebook.com\/people\/AALTO\/100057490748330\/"]}]}},"jetpack_sharing_enabled":true,"_links":{"self":[{"href":"https:\/\/aaltospeakers.fi\/en\/wp-json\/wp\/v2\/product\/1396","targetHints":{"allow":["GET"]}}],"collection":[{"href":"https:\/\/aaltospeakers.fi\/en\/wp-json\/wp\/v2\/product"}],"about":[{"href":"https:\/\/aaltospeakers.fi\/en\/wp-json\/wp\/v2\/types\/product"}],"version-history":[{"count":8,"href":"https:\/\/aaltospeakers.fi\/en\/wp-json\/wp\/v2\/product\/1396\/revisions"}],"predecessor-version":[{"id":1579,"href":"https:\/\/aaltospeakers.fi\/en\/wp-json\/wp\/v2\/product\/1396\/revisions\/1579"}],"wp:featuredmedia":[{"embeddable":true,"href":"https:\/\/aaltospeakers.fi\/en\/wp-json\/wp\/v2\/media\/1901"}],"wp:attachment":[{"href":"https:\/\/aaltospeakers.fi\/en\/wp-json\/wp\/v2\/media?parent=1396"}],"wp:term":[{"taxonomy":"product_brand","embeddable":true,"href":"https:\/\/aaltospeakers.fi\/en\/wp-json\/wp\/v2\/product_brand?post=1396"},{"taxonomy":"product_cat","embeddable":true,"href":"https:\/\/aaltospeakers.fi\/en\/wp-json\/wp\/v2\/product_cat?post=1396"},{"taxonomy":"product_tag","embeddable":true,"href":"https:\/\/aaltospeakers.fi\/en\/wp-json\/wp\/v2\/product_tag?post=1396"}],"curies":[{"name":"wp","href":"https:\/\/api.w.org\/{rel}","templated":true}]}}