{"id":2273,"date":"2024-09-15T06:53:33","date_gmt":"2024-09-15T06:53:33","guid":{"rendered":"https:\/\/aaltospeakers.fi\/?post_type=product&#038;p=2273"},"modified":"2026-01-01T16:07:28","modified_gmt":"2026-01-01T16:07:28","slug":"aalto-3","status":"publish","type":"product","link":"https:\/\/aaltospeakers.fi\/en\/product\/aalto-3\/","title":{"rendered":"Aalto 3 Active Stream"},"content":{"rendered":"<p>Aalto 3 is a high-performance active DSP stand-mounted speaker that brings advanced drivers and top-tier acoustic design within reach of more music lovers. At its core are premium 6.5-inch long-stroke bass driver and an 8-inch passive radiator. The speaker features a speakon connector at the back, selected to ensure a perfect connection.<\/p>\n<p>The amplifier unit is housed in a separate enclosure and is not directly integrated with the speakers. This design allows for easy connection of a television via HDMI cable. The speakers are connected to the amplifier using speaker cables with speakon connectors, eliminating the need for a separate power cable, unlike typical active speakers.<\/p>\n<p>The amplifier combines ease of use with versatile connectivity options. It delivers 4 x 50 W of power per pair, ensuring clear and dynamic sound reproduction. The amplifier supports both analog and digital connections, including a 3.5 mm analog input, digital SPDIF, and, most importantly, modern HDMI ARC.<\/p>\n<p>Streaming is seamless with Google Chromecast, Apple AirPlay 2, Spotify Connect, and DLNA over Wi-Fi, as well as via Bluetooth.<\/p>\n<p>Operating principle: 2-way, passive radiator<br \/>\nComponents: 6.5\u2033 bass-midrange, 8\u2033 passive radiator, and 26 mm aluminum dome tweeter.<br \/>\nDimensions: 240 x 400 x 250 mm (W x H x D)<br \/>\nVolume: 14 liters net<br \/>\nEnclosure material: MDF<br \/>\nWeight: 9kg<br \/>\nToistoalue: 31-23500 Hz, -6 dB<br \/>\nCrossover Frequency: 2400 Hz<\/p>\n<p>Amplifier power: 4 x 50 W \/ pair<br \/>\nConnections: 3.5mm analog and digital SPDIF, HDMI ARC, USB type A (service\/update), optical input supporting up to 192 kHz\/24-bit SPDIF<br \/>\nStreaming: Google ChromeCast (Wi-Fi), Apple AirPlay 2 (Wi-Fi), Spotify Connect (Wi-Fi), DLNA (Wi-Fi), Bluetooth audio<br \/>\nPower connector: IEC C8<br \/>\nCooling: Passive (no fan)<\/p>\n<p>Accessories: Remote control (not essential)<\/p>","protected":false},"excerpt":{"rendered":"<p>Aalto 3 brings top-tier acoustic design and premium components within reach of music lovers who value uncompromising sound quality.<\/p>","protected":false},"featured_media":2304,"template":"","meta":{"site-sidebar-layout":"default","site-content-layout":"","ast-site-content-layout":"default","site-content-style":"default","site-sidebar-style":"default","ast-global-header-display":"","ast-banner-title-visibility":"","ast-main-header-display":"","ast-hfb-above-header-display":"","ast-hfb-below-header-display":"","ast-hfb-mobile-header-display":"","site-post-title":"","ast-breadcrumbs-content":"","ast-featured-img":"","footer-sml-layout":"","ast-disable-related-posts":"","theme-transparent-header-meta":"default","adv-header-id-meta":"","stick-header-meta":"","header-above-stick-meta":"","header-main-stick-meta":"","header-below-stick-meta":"","astra-migrate-meta-layouts":"set","ast-page-background-enabled":"default","ast-page-background-meta":{"desktop":{"background-color":"var(--ast-global-color-4)","background-image":"","background-repeat":"repeat","background-position":"center center","background-size":"auto","background-attachment":"scroll","background-type":"","background-media":"","overlay-type":"","overlay-color":"","overlay-opacity":"","overlay-gradient":""},"tablet":{"background-color":"","background-image":"","background-repeat":"repeat","background-position":"center center","background-size":"auto","background-attachment":"scroll","background-type":"","background-media":"","overlay-type":"","overlay-color":"","overlay-opacity":"","overlay-gradient":""},"mobile":{"background-color":"","background-image":"","background-repeat":"repeat","background-position":"center center","background-size":"auto","background-attachment":"scroll","background-type":"","background-media":"","overlay-type":"","overlay-color":"","overlay-opacity":"","overlay-gradient":""}},"ast-content-background-meta":{"desktop":{"background-color":"var(--ast-global-color-5)","background-image":"","background-repeat":"repeat","background-position":"center center","background-size":"auto","background-attachment":"scroll","background-type":"","background-media":"","overlay-type":"","overlay-color":"","overlay-opacity":"","overlay-gradient":""},"tablet":{"background-color":"var(--ast-global-color-5)","background-image":"","background-repeat":"repeat","background-position":"center center","background-size":"auto","background-attachment":"scroll","background-type":"","background-media":"","overlay-type":"","overlay-color":"","overlay-opacity":"","overlay-gradient":""},"mobile":{"background-color":"var(--ast-global-color-5)","background-image":"","background-repeat":"repeat","background-position":"center center","background-size":"auto","background-attachment":"scroll","background-type":"","background-media":"","overlay-type":"","overlay-color":"","overlay-opacity":"","overlay-gradient":""}}},"product_brand":[],"product_cat":[37,36],"product_tag":[],"class_list":{"0":"post-2273","1":"product","2":"type-product","3":"status-publish","4":"has-post-thumbnail","6":"product_cat-aktiivikaiuttimet-fi","7":"product_cat-kaiuttimet-fi","8":"desktop-align-left","9":"tablet-align-left","10":"mobile-align-left","12":"first","13":"instock","14":"taxable","15":"shipping-taxable","16":"purchasable","17":"product-type-variable","18":"has-default-attributes"},"yoast_head":"<!-- This site is optimized with the Yoast SEO plugin v26.7 - https:\/\/yoast.com\/wordpress\/plugins\/seo\/ -->\n<title>Aalto 3 Active Stream - Aalto Speakers<\/title>\n<meta name=\"robots\" content=\"index, follow, max-snippet:-1, max-image-preview:large, max-video-preview:-1\" \/>\n<link rel=\"canonical\" href=\"https:\/\/aaltospeakers.fi\/en\/product\/aalto-3\/\" \/>\n<meta property=\"og:locale\" content=\"en_GB\" \/>\n<meta property=\"og:type\" content=\"article\" \/>\n<meta property=\"og:title\" content=\"Aalto 3 Active Stream - Aalto Speakers\" \/>\n<meta property=\"og:description\" content=\"Aalto 3 tuo huippuluokan akustisen suunnittelun ja ensiluokkaiset komponentit tinkim\u00e4t\u00f6nt\u00e4 \u00e4\u00e4nenlaatua arvostavien musiikin yst\u00e4vien ulottuville.\" \/>\n<meta property=\"og:url\" content=\"https:\/\/aaltospeakers.fi\/en\/product\/aalto-3\/\" \/>\n<meta property=\"og:site_name\" content=\"Aalto Speakers\" \/>\n<meta property=\"article:publisher\" content=\"https:\/\/www.facebook.com\/people\/AALTO\/100057490748330\/\" \/>\n<meta property=\"article:modified_time\" content=\"2026-01-01T16:07:28+00:00\" \/>\n<meta property=\"og:image\" content=\"http:\/\/aaltospeakers.fi\/wp-content\/uploads\/2024\/09\/IMG_1832-1-scaled.jpeg\" \/>\n\t<meta property=\"og:image:width\" content=\"1526\" \/>\n\t<meta property=\"og:image:height\" content=\"2560\" \/>\n\t<meta property=\"og:image:type\" content=\"image\/jpeg\" \/>\n<meta name=\"twitter:card\" content=\"summary_large_image\" \/>\n<meta name=\"twitter:label1\" content=\"Estimated reading time\" \/>\n\t<meta name=\"twitter:data1\" content=\"2 minutes\" \/>\n<script type=\"application\/ld+json\" class=\"yoast-schema-graph\">{\"@context\":\"https:\/\/schema.org\",\"@graph\":[{\"@type\":\"WebPage\",\"@id\":\"https:\/\/aaltospeakers.fi\/product\/aalto-3\/\",\"url\":\"https:\/\/aaltospeakers.fi\/product\/aalto-3\/\",\"name\":\"Aalto 3 Active Stream - Aalto Speakers\",\"isPartOf\":{\"@id\":\"https:\/\/aaltospeakers.fi\/#website\"},\"primaryImageOfPage\":{\"@id\":\"https:\/\/aaltospeakers.fi\/product\/aalto-3\/#primaryimage\"},\"image\":{\"@id\":\"https:\/\/aaltospeakers.fi\/product\/aalto-3\/#primaryimage\"},\"thumbnailUrl\":\"https:\/\/i0.wp.com\/aaltospeakers.fi\/wp-content\/uploads\/2024\/09\/IMG_1832-1-scaled.jpeg?fit=1526%2C2560&ssl=1\",\"datePublished\":\"2024-09-15T06:53:33+00:00\",\"dateModified\":\"2026-01-01T16:07:28+00:00\",\"breadcrumb\":{\"@id\":\"https:\/\/aaltospeakers.fi\/product\/aalto-3\/#breadcrumb\"},\"inLanguage\":\"en-GB\",\"potentialAction\":[{\"@type\":\"ReadAction\",\"target\":[\"https:\/\/aaltospeakers.fi\/product\/aalto-3\/\"]}]},{\"@type\":\"ImageObject\",\"inLanguage\":\"en-GB\",\"@id\":\"https:\/\/aaltospeakers.fi\/product\/aalto-3\/#primaryimage\",\"url\":\"https:\/\/i0.wp.com\/aaltospeakers.fi\/wp-content\/uploads\/2024\/09\/IMG_1832-1-scaled.jpeg?fit=1526%2C2560&ssl=1\",\"contentUrl\":\"https:\/\/i0.wp.com\/aaltospeakers.fi\/wp-content\/uploads\/2024\/09\/IMG_1832-1-scaled.jpeg?fit=1526%2C2560&ssl=1\",\"width\":1526,\"height\":2560},{\"@type\":\"BreadcrumbList\",\"@id\":\"https:\/\/aaltospeakers.fi\/product\/aalto-3\/#breadcrumb\",\"itemListElement\":[{\"@type\":\"ListItem\",\"position\":1,\"name\":\"Home\",\"item\":\"https:\/\/aaltospeakers.fi\/\"},{\"@type\":\"ListItem\",\"position\":2,\"name\":\"Kaiuttimet\",\"item\":\"https:\/\/aaltospeakers.fi\/kaiuttimet\/\"},{\"@type\":\"ListItem\",\"position\":3,\"name\":\"Aalto 3 Active Stream\"}]},{\"@type\":\"WebSite\",\"@id\":\"https:\/\/aaltospeakers.fi\/#website\",\"url\":\"https:\/\/aaltospeakers.fi\/\",\"name\":\"Aalto Speakers\",\"description\":\"Aalto Speakers webshop\",\"publisher\":{\"@id\":\"https:\/\/aaltospeakers.fi\/#organization\"},\"potentialAction\":[{\"@type\":\"SearchAction\",\"target\":{\"@type\":\"EntryPoint\",\"urlTemplate\":\"https:\/\/aaltospeakers.fi\/?s={search_term_string}\"},\"query-input\":{\"@type\":\"PropertyValueSpecification\",\"valueRequired\":true,\"valueName\":\"search_term_string\"}}],\"inLanguage\":\"en-GB\"},{\"@type\":\"Organization\",\"@id\":\"https:\/\/aaltospeakers.fi\/#organization\",\"name\":\"Aalto Speakers\",\"url\":\"https:\/\/aaltospeakers.fi\/\",\"logo\":{\"@type\":\"ImageObject\",\"inLanguage\":\"en-GB\",\"@id\":\"https:\/\/aaltospeakers.fi\/#\/schema\/logo\/image\/\",\"url\":\"https:\/\/i0.wp.com\/aaltospeakers.fi\/wp-content\/uploads\/2023\/01\/cropped-aalto_logo_bk.png?fit=785%2C261&ssl=1\",\"contentUrl\":\"https:\/\/i0.wp.com\/aaltospeakers.fi\/wp-content\/uploads\/2023\/01\/cropped-aalto_logo_bk.png?fit=785%2C261&ssl=1\",\"width\":785,\"height\":261,\"caption\":\"Aalto Speakers\"},\"image\":{\"@id\":\"https:\/\/aaltospeakers.fi\/#\/schema\/logo\/image\/\"},\"sameAs\":[\"https:\/\/www.facebook.com\/people\/AALTO\/100057490748330\/\"]}]}<\/script>\n<!-- \/ Yoast SEO plugin. -->","yoast_head_json":{"title":"Aalto 3 Active Stream - Aalto Speakers","robots":{"index":"index","follow":"follow","max-snippet":"max-snippet:-1","max-image-preview":"max-image-preview:large","max-video-preview":"max-video-preview:-1"},"canonical":"https:\/\/aaltospeakers.fi\/en\/product\/aalto-3\/","og_locale":"en_GB","og_type":"article","og_title":"Aalto 3 Active Stream - Aalto Speakers","og_description":"Aalto 3 tuo huippuluokan akustisen suunnittelun ja ensiluokkaiset komponentit tinkim\u00e4t\u00f6nt\u00e4 \u00e4\u00e4nenlaatua arvostavien musiikin yst\u00e4vien ulottuville.","og_url":"https:\/\/aaltospeakers.fi\/en\/product\/aalto-3\/","og_site_name":"Aalto Speakers","article_publisher":"https:\/\/www.facebook.com\/people\/AALTO\/100057490748330\/","article_modified_time":"2026-01-01T16:07:28+00:00","og_image":[{"width":1526,"height":2560,"url":"http:\/\/aaltospeakers.fi\/wp-content\/uploads\/2024\/09\/IMG_1832-1-scaled.jpeg","type":"image\/jpeg"}],"twitter_card":"summary_large_image","twitter_misc":{"Estimated reading time":"2 minutes"},"schema":{"@context":"https:\/\/schema.org","@graph":[{"@type":"WebPage","@id":"https:\/\/aaltospeakers.fi\/product\/aalto-3\/","url":"https:\/\/aaltospeakers.fi\/product\/aalto-3\/","name":"Aalto 3 Active Stream - Aalto Speakers","isPartOf":{"@id":"https:\/\/aaltospeakers.fi\/#website"},"primaryImageOfPage":{"@id":"https:\/\/aaltospeakers.fi\/product\/aalto-3\/#primaryimage"},"image":{"@id":"https:\/\/aaltospeakers.fi\/product\/aalto-3\/#primaryimage"},"thumbnailUrl":"https:\/\/i0.wp.com\/aaltospeakers.fi\/wp-content\/uploads\/2024\/09\/IMG_1832-1-scaled.jpeg?fit=1526%2C2560&ssl=1","datePublished":"2024-09-15T06:53:33+00:00","dateModified":"2026-01-01T16:07:28+00:00","breadcrumb":{"@id":"https:\/\/aaltospeakers.fi\/product\/aalto-3\/#breadcrumb"},"inLanguage":"en-GB","potentialAction":[{"@type":"ReadAction","target":["https:\/\/aaltospeakers.fi\/product\/aalto-3\/"]}]},{"@type":"ImageObject","inLanguage":"en-GB","@id":"https:\/\/aaltospeakers.fi\/product\/aalto-3\/#primaryimage","url":"https:\/\/i0.wp.com\/aaltospeakers.fi\/wp-content\/uploads\/2024\/09\/IMG_1832-1-scaled.jpeg?fit=1526%2C2560&ssl=1","contentUrl":"https:\/\/i0.wp.com\/aaltospeakers.fi\/wp-content\/uploads\/2024\/09\/IMG_1832-1-scaled.jpeg?fit=1526%2C2560&ssl=1","width":1526,"height":2560},{"@type":"BreadcrumbList","@id":"https:\/\/aaltospeakers.fi\/product\/aalto-3\/#breadcrumb","itemListElement":[{"@type":"ListItem","position":1,"name":"Home","item":"https:\/\/aaltospeakers.fi\/"},{"@type":"ListItem","position":2,"name":"Kaiuttimet","item":"https:\/\/aaltospeakers.fi\/kaiuttimet\/"},{"@type":"ListItem","position":3,"name":"Aalto 3 Active Stream"}]},{"@type":"WebSite","@id":"https:\/\/aaltospeakers.fi\/#website","url":"https:\/\/aaltospeakers.fi\/","name":"Aalto Speakers","description":"Aalto Speakers webshop","publisher":{"@id":"https:\/\/aaltospeakers.fi\/#organization"},"potentialAction":[{"@type":"SearchAction","target":{"@type":"EntryPoint","urlTemplate":"https:\/\/aaltospeakers.fi\/?s={search_term_string}"},"query-input":{"@type":"PropertyValueSpecification","valueRequired":true,"valueName":"search_term_string"}}],"inLanguage":"en-GB"},{"@type":"Organization","@id":"https:\/\/aaltospeakers.fi\/#organization","name":"Aalto Speakers","url":"https:\/\/aaltospeakers.fi\/","logo":{"@type":"ImageObject","inLanguage":"en-GB","@id":"https:\/\/aaltospeakers.fi\/#\/schema\/logo\/image\/","url":"https:\/\/i0.wp.com\/aaltospeakers.fi\/wp-content\/uploads\/2023\/01\/cropped-aalto_logo_bk.png?fit=785%2C261&ssl=1","contentUrl":"https:\/\/i0.wp.com\/aaltospeakers.fi\/wp-content\/uploads\/2023\/01\/cropped-aalto_logo_bk.png?fit=785%2C261&ssl=1","width":785,"height":261,"caption":"Aalto Speakers"},"image":{"@id":"https:\/\/aaltospeakers.fi\/#\/schema\/logo\/image\/"},"sameAs":["https:\/\/www.facebook.com\/people\/AALTO\/100057490748330\/"]}]}},"jetpack_sharing_enabled":true,"_links":{"self":[{"href":"https:\/\/aaltospeakers.fi\/en\/wp-json\/wp\/v2\/product\/2273","targetHints":{"allow":["GET"]}}],"collection":[{"href":"https:\/\/aaltospeakers.fi\/en\/wp-json\/wp\/v2\/product"}],"about":[{"href":"https:\/\/aaltospeakers.fi\/en\/wp-json\/wp\/v2\/types\/product"}],"version-history":[{"count":13,"href":"https:\/\/aaltospeakers.fi\/en\/wp-json\/wp\/v2\/product\/2273\/revisions"}],"predecessor-version":[{"id":2431,"href":"https:\/\/aaltospeakers.fi\/en\/wp-json\/wp\/v2\/product\/2273\/revisions\/2431"}],"wp:featuredmedia":[{"embeddable":true,"href":"https:\/\/aaltospeakers.fi\/en\/wp-json\/wp\/v2\/media\/2304"}],"wp:attachment":[{"href":"https:\/\/aaltospeakers.fi\/en\/wp-json\/wp\/v2\/media?parent=2273"}],"wp:term":[{"taxonomy":"product_brand","embeddable":true,"href":"https:\/\/aaltospeakers.fi\/en\/wp-json\/wp\/v2\/product_brand?post=2273"},{"taxonomy":"product_cat","embeddable":true,"href":"https:\/\/aaltospeakers.fi\/en\/wp-json\/wp\/v2\/product_cat?post=2273"},{"taxonomy":"product_tag","embeddable":true,"href":"https:\/\/aaltospeakers.fi\/en\/wp-json\/wp\/v2\/product_tag?post=2273"}],"curies":[{"name":"wp","href":"https:\/\/api.w.org\/{rel}","templated":true}]}}