{"id":2337,"date":"2024-10-17T15:49:53","date_gmt":"2024-10-17T15:49:53","guid":{"rendered":"https:\/\/aaltospeakers.fi\/?post_type=product&#038;p=2337"},"modified":"2025-05-28T05:25:48","modified_gmt":"2025-05-28T05:25:48","slug":"aalto-9","status":"publish","type":"product","link":"https:\/\/aaltospeakers.fi\/en\/product\/aalto-9\/","title":{"rendered":"Aalto 9"},"content":{"rendered":"<p>The Aalto 9 is a unique and carefully designed speaker that represents the highest possible sound quality. This large-scale three-way speaker with a bass reflex structure delivers an incredibly wide and precise sound. The design is the work of renowned speaker designer Kimmo Saunisto, whose goal was to create a speaker that effortlessly reproduces any type of material. A speaker that doesn't need to pretend to be big, yet has remarkable authority and dynamics.<\/p>\n<p>The bass of the Aalto 9 is driven by a massive 21-inch paper cone driver capable of handling up to 1100 watts of power. The midrange is delivered by a 10-inch paper cone, while the precision of the high frequencies is ensured by a 1-inch compression driver with a horn.<\/p>\n<p>The frequency response is impressive, reaching deep down to 20 Hz and extending up to 24,000 Hz. The phase response remains exceptionally accurate, ensuring a natural sound quality.<\/p>\n<p>The amplifier is a professional-grade model that delivers a robust total power output of over 1500 watts. It features an analog XLR input, AES\/EBU XLR connection, and an optional Dante input. Additionally, there is a USB port for room correction, which can be adjusted using dedicated software compatible with Windows and Mac OS environments.<\/p>\n<p>This is a speaker that combines the designer's uncompromising vision with the highest possible performance \u2013 the perfect choice for those who seek the best.<\/p>\n<p>Operating principle: 3-way, bass reflex.<br \/>\nBass: 21\" paper cone, AES power handling 1100 W.<br \/>\nMidrange: 10\" paper cone, AES power handling 300 W.<br \/>\nTweeter: 1\" compression driver with horn, AES power handling 80 W.<br \/>\nCrossover frequencies: 220 Hz linear phase 36 dB\/oct and 1450 Hz linear phase 36 dB\/oct.<br \/>\nFrequency response: 20 \u2013 24,000 Hz, phase response \u00b110 degrees from 80 \u2013 24,000 Hz.<br \/>\nProcessing delay: 10.54 ms.<br \/>\nTotal power output of the amplifier: 1500 W.<br \/>\nInputs: Analog XLR, AES\/EBU XLR, optional Dante input, USB for room correction, touchscreen.<br \/>\nRoom correction: FourAudio System Software, compatible with Windows 7-11 or Mac OS 10.10.<\/p>","protected":false},"excerpt":{"rendered":"<p>The Aalto 9 is made to order, and the color of the speaker can be chosen to suit your preference. This is a speaker designed with perfection in mind.<\/p>","protected":false},"featured_media":2369,"template":"","meta":{"site-sidebar-layout":"default","site-content-layout":"","ast-site-content-layout":"default","site-content-style":"default","site-sidebar-style":"default","ast-global-header-display":"","ast-banner-title-visibility":"","ast-main-header-display":"","ast-hfb-above-header-display":"","ast-hfb-below-header-display":"","ast-hfb-mobile-header-display":"","site-post-title":"","ast-breadcrumbs-content":"","ast-featured-img":"","footer-sml-layout":"","ast-disable-related-posts":"","theme-transparent-header-meta":"default","adv-header-id-meta":"","stick-header-meta":"","header-above-stick-meta":"","header-main-stick-meta":"","header-below-stick-meta":"","astra-migrate-meta-layouts":"set","ast-page-background-enabled":"default","ast-page-background-meta":{"desktop":{"background-color":"var(--ast-global-color-4)","background-image":"","background-repeat":"repeat","background-position":"center center","background-size":"auto","background-attachment":"scroll","background-type":"","background-media":"","overlay-type":"","overlay-color":"","overlay-opacity":"","overlay-gradient":""},"tablet":{"background-color":"","background-image":"","background-repeat":"repeat","background-position":"center center","background-size":"auto","background-attachment":"scroll","background-type":"","background-media":"","overlay-type":"","overlay-color":"","overlay-opacity":"","overlay-gradient":""},"mobile":{"background-color":"","background-image":"","background-repeat":"repeat","background-position":"center center","background-size":"auto","background-attachment":"scroll","background-type":"","background-media":"","overlay-type":"","overlay-color":"","overlay-opacity":"","overlay-gradient":""}},"ast-content-background-meta":{"desktop":{"background-color":"var(--ast-global-color-5)","background-image":"","background-repeat":"repeat","background-position":"center center","background-size":"auto","background-attachment":"scroll","background-type":"","background-media":"","overlay-type":"","overlay-color":"","overlay-opacity":"","overlay-gradient":""},"tablet":{"background-color":"var(--ast-global-color-5)","background-image":"","background-repeat":"repeat","background-position":"center center","background-size":"auto","background-attachment":"scroll","background-type":"","background-media":"","overlay-type":"","overlay-color":"","overlay-opacity":"","overlay-gradient":""},"mobile":{"background-color":"var(--ast-global-color-5)","background-image":"","background-repeat":"repeat","background-position":"center center","background-size":"auto","background-attachment":"scroll","background-type":"","background-media":"","overlay-type":"","overlay-color":"","overlay-opacity":"","overlay-gradient":""}}},"product_brand":[],"product_cat":[37,36],"product_tag":[],"class_list":{"0":"post-2337","1":"product","2":"type-product","3":"status-publish","4":"has-post-thumbnail","6":"product_cat-aktiivikaiuttimet-fi","7":"product_cat-kaiuttimet-fi","8":"desktop-align-left","9":"tablet-align-left","10":"mobile-align-left","12":"first","13":"onbackorder","14":"taxable","15":"shipping-taxable","16":"purchasable","17":"product-type-simple"},"yoast_head":"<!-- This site is optimized with the Yoast SEO plugin v26.7 - https:\/\/yoast.com\/wordpress\/plugins\/seo\/ -->\n<title>Aalto 9 - Aalto Speakers<\/title>\n<meta name=\"robots\" content=\"index, follow, max-snippet:-1, max-image-preview:large, max-video-preview:-1\" \/>\n<link rel=\"canonical\" href=\"https:\/\/aaltospeakers.fi\/en\/product\/aalto-9\/\" \/>\n<meta property=\"og:locale\" content=\"en_GB\" \/>\n<meta property=\"og:type\" content=\"article\" \/>\n<meta property=\"og:title\" content=\"Aalto 9 - Aalto Speakers\" \/>\n<meta property=\"og:description\" content=\"Aalto 9 valmistetaan tilauksesta ja kaiuttimen v\u00e4ri on valittavissa mieleisekseen. T\u00e4m\u00e4 on kaiutin, joka on suunniteltu t\u00e4ydellisyytt\u00e4 tavoitellen.\" \/>\n<meta property=\"og:url\" content=\"https:\/\/aaltospeakers.fi\/en\/product\/aalto-9\/\" \/>\n<meta property=\"og:site_name\" content=\"Aalto Speakers\" \/>\n<meta property=\"article:publisher\" content=\"https:\/\/www.facebook.com\/people\/AALTO\/100057490748330\/\" \/>\n<meta property=\"article:modified_time\" content=\"2025-05-28T05:25:48+00:00\" \/>\n<meta property=\"og:image\" content=\"http:\/\/aaltospeakers.fi\/wp-content\/uploads\/2024\/10\/54182789248_adf0aa20fd_k.jpg\" \/>\n\t<meta property=\"og:image:width\" content=\"1365\" \/>\n\t<meta property=\"og:image:height\" content=\"2047\" \/>\n\t<meta property=\"og:image:type\" content=\"image\/jpeg\" \/>\n<meta name=\"twitter:card\" content=\"summary_large_image\" \/>\n<meta name=\"twitter:label1\" content=\"Estimated reading time\" \/>\n\t<meta name=\"twitter:data1\" content=\"2 minutes\" \/>\n<script type=\"application\/ld+json\" class=\"yoast-schema-graph\">{\"@context\":\"https:\/\/schema.org\",\"@graph\":[{\"@type\":\"WebPage\",\"@id\":\"https:\/\/aaltospeakers.fi\/product\/aalto-9\/\",\"url\":\"https:\/\/aaltospeakers.fi\/product\/aalto-9\/\",\"name\":\"Aalto 9 - Aalto Speakers\",\"isPartOf\":{\"@id\":\"https:\/\/aaltospeakers.fi\/#website\"},\"primaryImageOfPage\":{\"@id\":\"https:\/\/aaltospeakers.fi\/product\/aalto-9\/#primaryimage\"},\"image\":{\"@id\":\"https:\/\/aaltospeakers.fi\/product\/aalto-9\/#primaryimage\"},\"thumbnailUrl\":\"https:\/\/i0.wp.com\/aaltospeakers.fi\/wp-content\/uploads\/2024\/10\/54182789248_adf0aa20fd_k.jpg?fit=1365%2C2047&ssl=1\",\"datePublished\":\"2024-10-17T15:49:53+00:00\",\"dateModified\":\"2025-05-28T05:25:48+00:00\",\"breadcrumb\":{\"@id\":\"https:\/\/aaltospeakers.fi\/product\/aalto-9\/#breadcrumb\"},\"inLanguage\":\"en-GB\",\"potentialAction\":[{\"@type\":\"ReadAction\",\"target\":[\"https:\/\/aaltospeakers.fi\/product\/aalto-9\/\"]}]},{\"@type\":\"ImageObject\",\"inLanguage\":\"en-GB\",\"@id\":\"https:\/\/aaltospeakers.fi\/product\/aalto-9\/#primaryimage\",\"url\":\"https:\/\/i0.wp.com\/aaltospeakers.fi\/wp-content\/uploads\/2024\/10\/54182789248_adf0aa20fd_k.jpg?fit=1365%2C2047&ssl=1\",\"contentUrl\":\"https:\/\/i0.wp.com\/aaltospeakers.fi\/wp-content\/uploads\/2024\/10\/54182789248_adf0aa20fd_k.jpg?fit=1365%2C2047&ssl=1\",\"width\":1365,\"height\":2047},{\"@type\":\"BreadcrumbList\",\"@id\":\"https:\/\/aaltospeakers.fi\/product\/aalto-9\/#breadcrumb\",\"itemListElement\":[{\"@type\":\"ListItem\",\"position\":1,\"name\":\"Home\",\"item\":\"https:\/\/aaltospeakers.fi\/\"},{\"@type\":\"ListItem\",\"position\":2,\"name\":\"Kaiuttimet\",\"item\":\"https:\/\/aaltospeakers.fi\/kaiuttimet\/\"},{\"@type\":\"ListItem\",\"position\":3,\"name\":\"Aalto 9\"}]},{\"@type\":\"WebSite\",\"@id\":\"https:\/\/aaltospeakers.fi\/#website\",\"url\":\"https:\/\/aaltospeakers.fi\/\",\"name\":\"Aalto Speakers\",\"description\":\"Aalto Speakers webshop\",\"publisher\":{\"@id\":\"https:\/\/aaltospeakers.fi\/#organization\"},\"potentialAction\":[{\"@type\":\"SearchAction\",\"target\":{\"@type\":\"EntryPoint\",\"urlTemplate\":\"https:\/\/aaltospeakers.fi\/?s={search_term_string}\"},\"query-input\":{\"@type\":\"PropertyValueSpecification\",\"valueRequired\":true,\"valueName\":\"search_term_string\"}}],\"inLanguage\":\"en-GB\"},{\"@type\":\"Organization\",\"@id\":\"https:\/\/aaltospeakers.fi\/#organization\",\"name\":\"Aalto Speakers\",\"url\":\"https:\/\/aaltospeakers.fi\/\",\"logo\":{\"@type\":\"ImageObject\",\"inLanguage\":\"en-GB\",\"@id\":\"https:\/\/aaltospeakers.fi\/#\/schema\/logo\/image\/\",\"url\":\"https:\/\/i0.wp.com\/aaltospeakers.fi\/wp-content\/uploads\/2023\/01\/cropped-aalto_logo_bk.png?fit=785%2C261&ssl=1\",\"contentUrl\":\"https:\/\/i0.wp.com\/aaltospeakers.fi\/wp-content\/uploads\/2023\/01\/cropped-aalto_logo_bk.png?fit=785%2C261&ssl=1\",\"width\":785,\"height\":261,\"caption\":\"Aalto Speakers\"},\"image\":{\"@id\":\"https:\/\/aaltospeakers.fi\/#\/schema\/logo\/image\/\"},\"sameAs\":[\"https:\/\/www.facebook.com\/people\/AALTO\/100057490748330\/\"]}]}<\/script>\n<!-- \/ Yoast SEO plugin. -->","yoast_head_json":{"title":"Aalto 9 - Aalto Speakers","robots":{"index":"index","follow":"follow","max-snippet":"max-snippet:-1","max-image-preview":"max-image-preview:large","max-video-preview":"max-video-preview:-1"},"canonical":"https:\/\/aaltospeakers.fi\/en\/product\/aalto-9\/","og_locale":"en_GB","og_type":"article","og_title":"Aalto 9 - Aalto Speakers","og_description":"Aalto 9 valmistetaan tilauksesta ja kaiuttimen v\u00e4ri on valittavissa mieleisekseen. T\u00e4m\u00e4 on kaiutin, joka on suunniteltu t\u00e4ydellisyytt\u00e4 tavoitellen.","og_url":"https:\/\/aaltospeakers.fi\/en\/product\/aalto-9\/","og_site_name":"Aalto Speakers","article_publisher":"https:\/\/www.facebook.com\/people\/AALTO\/100057490748330\/","article_modified_time":"2025-05-28T05:25:48+00:00","og_image":[{"width":1365,"height":2047,"url":"http:\/\/aaltospeakers.fi\/wp-content\/uploads\/2024\/10\/54182789248_adf0aa20fd_k.jpg","type":"image\/jpeg"}],"twitter_card":"summary_large_image","twitter_misc":{"Estimated reading time":"2 minutes"},"schema":{"@context":"https:\/\/schema.org","@graph":[{"@type":"WebPage","@id":"https:\/\/aaltospeakers.fi\/product\/aalto-9\/","url":"https:\/\/aaltospeakers.fi\/product\/aalto-9\/","name":"Aalto 9 - Aalto Speakers","isPartOf":{"@id":"https:\/\/aaltospeakers.fi\/#website"},"primaryImageOfPage":{"@id":"https:\/\/aaltospeakers.fi\/product\/aalto-9\/#primaryimage"},"image":{"@id":"https:\/\/aaltospeakers.fi\/product\/aalto-9\/#primaryimage"},"thumbnailUrl":"https:\/\/i0.wp.com\/aaltospeakers.fi\/wp-content\/uploads\/2024\/10\/54182789248_adf0aa20fd_k.jpg?fit=1365%2C2047&ssl=1","datePublished":"2024-10-17T15:49:53+00:00","dateModified":"2025-05-28T05:25:48+00:00","breadcrumb":{"@id":"https:\/\/aaltospeakers.fi\/product\/aalto-9\/#breadcrumb"},"inLanguage":"en-GB","potentialAction":[{"@type":"ReadAction","target":["https:\/\/aaltospeakers.fi\/product\/aalto-9\/"]}]},{"@type":"ImageObject","inLanguage":"en-GB","@id":"https:\/\/aaltospeakers.fi\/product\/aalto-9\/#primaryimage","url":"https:\/\/i0.wp.com\/aaltospeakers.fi\/wp-content\/uploads\/2024\/10\/54182789248_adf0aa20fd_k.jpg?fit=1365%2C2047&ssl=1","contentUrl":"https:\/\/i0.wp.com\/aaltospeakers.fi\/wp-content\/uploads\/2024\/10\/54182789248_adf0aa20fd_k.jpg?fit=1365%2C2047&ssl=1","width":1365,"height":2047},{"@type":"BreadcrumbList","@id":"https:\/\/aaltospeakers.fi\/product\/aalto-9\/#breadcrumb","itemListElement":[{"@type":"ListItem","position":1,"name":"Home","item":"https:\/\/aaltospeakers.fi\/"},{"@type":"ListItem","position":2,"name":"Kaiuttimet","item":"https:\/\/aaltospeakers.fi\/kaiuttimet\/"},{"@type":"ListItem","position":3,"name":"Aalto 9"}]},{"@type":"WebSite","@id":"https:\/\/aaltospeakers.fi\/#website","url":"https:\/\/aaltospeakers.fi\/","name":"Aalto Speakers","description":"Aalto Speakers webshop","publisher":{"@id":"https:\/\/aaltospeakers.fi\/#organization"},"potentialAction":[{"@type":"SearchAction","target":{"@type":"EntryPoint","urlTemplate":"https:\/\/aaltospeakers.fi\/?s={search_term_string}"},"query-input":{"@type":"PropertyValueSpecification","valueRequired":true,"valueName":"search_term_string"}}],"inLanguage":"en-GB"},{"@type":"Organization","@id":"https:\/\/aaltospeakers.fi\/#organization","name":"Aalto Speakers","url":"https:\/\/aaltospeakers.fi\/","logo":{"@type":"ImageObject","inLanguage":"en-GB","@id":"https:\/\/aaltospeakers.fi\/#\/schema\/logo\/image\/","url":"https:\/\/i0.wp.com\/aaltospeakers.fi\/wp-content\/uploads\/2023\/01\/cropped-aalto_logo_bk.png?fit=785%2C261&ssl=1","contentUrl":"https:\/\/i0.wp.com\/aaltospeakers.fi\/wp-content\/uploads\/2023\/01\/cropped-aalto_logo_bk.png?fit=785%2C261&ssl=1","width":785,"height":261,"caption":"Aalto Speakers"},"image":{"@id":"https:\/\/aaltospeakers.fi\/#\/schema\/logo\/image\/"},"sameAs":["https:\/\/www.facebook.com\/people\/AALTO\/100057490748330\/"]}]}},"jetpack_sharing_enabled":true,"_links":{"self":[{"href":"https:\/\/aaltospeakers.fi\/en\/wp-json\/wp\/v2\/product\/2337","targetHints":{"allow":["GET"]}}],"collection":[{"href":"https:\/\/aaltospeakers.fi\/en\/wp-json\/wp\/v2\/product"}],"about":[{"href":"https:\/\/aaltospeakers.fi\/en\/wp-json\/wp\/v2\/types\/product"}],"version-history":[{"count":11,"href":"https:\/\/aaltospeakers.fi\/en\/wp-json\/wp\/v2\/product\/2337\/revisions"}],"predecessor-version":[{"id":2370,"href":"https:\/\/aaltospeakers.fi\/en\/wp-json\/wp\/v2\/product\/2337\/revisions\/2370"}],"wp:featuredmedia":[{"embeddable":true,"href":"https:\/\/aaltospeakers.fi\/en\/wp-json\/wp\/v2\/media\/2369"}],"wp:attachment":[{"href":"https:\/\/aaltospeakers.fi\/en\/wp-json\/wp\/v2\/media?parent=2337"}],"wp:term":[{"taxonomy":"product_brand","embeddable":true,"href":"https:\/\/aaltospeakers.fi\/en\/wp-json\/wp\/v2\/product_brand?post=2337"},{"taxonomy":"product_cat","embeddable":true,"href":"https:\/\/aaltospeakers.fi\/en\/wp-json\/wp\/v2\/product_cat?post=2337"},{"taxonomy":"product_tag","embeddable":true,"href":"https:\/\/aaltospeakers.fi\/en\/wp-json\/wp\/v2\/product_tag?post=2337"}],"curies":[{"name":"wp","href":"https:\/\/api.w.org\/{rel}","templated":true}]}}