{"id":3,"date":"2023-01-17T18:10:13","date_gmt":"2023-01-17T18:10:13","guid":{"rendered":"http:\/\/aaltospeakers.fi\/?page_id=3"},"modified":"2024-10-07T17:56:21","modified_gmt":"2024-10-07T17:56:21","slug":"privacy-policy","status":"publish","type":"page","link":"https:\/\/aaltospeakers.fi\/fi\/privacy-policy\/","title":{"rendered":"Tietosuoja"},"content":{"rendered":"\n<p>Suomen Kaiutintehdas Oy 3115899-4 (j\u00e4ljemp\u00e4n\u00e4 &#8221;me&#8221; tai &#8221;yrityksemme&#8221;) kunnioittaa henkil\u00f6tietojen yksityisyytt\u00e4 ja k\u00e4sittelemme henkil\u00f6tietoja GDPR:n (EU:n yleisen tietosuoja-asetuksen) mukaisesti. <\/p>\n\n\n\n<p>T\u00e4m\u00e4 tietosuojaseloste kuvaa, miten k\u00e4sittelemme henkil\u00f6tietoja verkkokauppamme kautta ker\u00e4tt\u00e4v\u00e4n tiedon perusteella.<\/p>\n\n\n\n<p><strong>Maksutavat<\/strong><\/p>\n\n\n\n<p>Maksupalvelun tarjoaa Verifone Finland Oy (0943819-9). Verifone Finland Oy on Finanssivalvonnan toimiluvan saanut maksulaitos.<\/p>\n\n\n\n<p> Maksutapahtumat toteutetaan Verifone Finland Oy:n suojatussa tietoturvallisessa maksuymp\u00e4rist\u00f6ss\u00e4. Yleisimpien verkkopankki-, kortti- ja muiden maksujen vastaanottajana tiliotteella sek\u00e4 mahdollisilla korttilaskuilla n\u00e4kyy Verifone Finland Oy, joka v\u00e4litt\u00e4\u00e4 maksut kauppiaalle.<\/p>\n\n\n\n<p>Muiden maksutapojen osalta Verifone Finland Oy toimii maksutapahtumatietojen v\u00e4litt\u00e4j\u00e4n\u00e4, jolloin maksun vastaanottajana n\u00e4kyy (yrityksen nimi).<\/p>\n\n\n\n<p>Maksamiseen liittyviss\u00e4 kysymyksiss\u00e4 voit ottaa yhteytt\u00e4 Verifoneen:<\/p>\n\n\n\n<p><br>Verifone Finland Oy<br>Vantaankoskentie 14<br>01670 Vantaa<br>Asiakaspalvelu: 020 753 5192<br>&#107;u&#x6c;u&#x74;&#116;&#x61;&#106;&#x61;&#64;v&#x65;r&#x69;&#102;&#x6f;&#110;&#x65;&#46;&#x66;&#105;<br><\/p>\n\n\n\n<p><strong>Voit maksaa verkkokaupassa seuraavilla maksutavoilla:<\/strong><\/p>\n\n\n\n<p>Kaikki suomalaiset verkkopankkimaksut: Osuuspankki, Nordea, Danske Bank, S\u00e4\u00e4st\u00f6pankki, Aktia, Oma S\u00e4\u00e4st\u00f6pankki, POP Pankki, Handelsbanken, S-Pankki ja \u00c5landsbanken.<\/p>\n\n\n\n<p>Visa- ja Mastercard-korttiperheet: Visa Credit, Visa Debit, Mastercard Credit, Mastercard Debit, Visa Electron, Maestro ja Eurocard.<\/p>\n\n\n\n<p><strong>Mobiilimaksutavat<\/strong><\/p>\n\n\n\n<p>Siirto-, ja MobilePay -mobiilimaksutavat.<\/p>\n\n\n\n<p><strong>Verkkomaksujen tietoturva<\/strong><\/p>\n\n\n\n<p>K\u00e4yt\u00e4mme tietoturvallista SSL-salattua yhteytt\u00e4 luottokortti- ja muita tilaustietoja k\u00e4sitelt\u00e4ess\u00e4. <\/p>\n\n\n\n<p>Emme s\u00e4ilyt\u00e4 luottokorttitietoja tietoj\u00e4rjestelmiss\u00e4mme vaan ne k\u00e4sitell\u00e4\u00e4n ja s\u00e4ilytet\u00e4\u00e4n Verifonen turvallisessa PCI DSS -sertifioidussa j\u00e4rjestelm\u00e4ss\u00e4.<\/p>\n\n\n\n<p><strong>Klarna<\/strong><\/p>\n\n\n\n<p>Yhdess\u00e4 Klarna Bank AB:n (julk.) kanssa (p\u00e4\u00e4toimipaikan osoite Sveav\u00e4gen 46, 111 34 Tukholma, Ruotsi) tarjoamme seuraavia maksutapoja, joissa maksu tehd\u00e4\u00e4n suoraan Klarnalle:<\/p>\n\n\n\n<p>Maksa my\u00f6hemmin: Osta nyt. Maksa 30 p\u00e4iv\u00e4n kuluessa klarnalla. Klarna laskun maksuaika on 30 p\u00e4iv\u00e4\u00e4 tuotteiden toimituksesta ilman kuluja. Lis\u00e4ksi voit valita pidemm\u00e4n maksuajan pienell\u00e4 lis\u00e4maksulla.<\/p>\n\n\n\n<p>Pilko maksut: Voit maksaa ostoksesi joustavasti kuukausieriss\u00e4 ilman aloitus- ja k\u00e4sittelymaksuja. Maksat vain koron 18.90%.<br>Vakiomuotoiset eurooppalaiset kuluttajaluottotiedot<a href=\"https:\/\/cdn.klarna.com\/1.0\/shared\/content\/legal\/fi_fi\/consumer_credit.pdf\" target=\"_blank\" rel=\"noreferrer noopener\">&nbsp;t\u00e4\u00e4lt\u00e4.<\/a><\/p>\n\n\n\n<p>Jotta sinulle voidaan tarjota Klarnan maksutapoja, v\u00e4lit\u00e4mme sinusta tietoa Klarnalle, kuten yhteystietosi ja tiedot tilauksesta, jotta Klarna voi arvioida, voidaanko sinulle tarjota eri maksutapoja, ja tarjota sinulle sopivat maksutavat.<\/p>\n\n\n\n<p>L\u00f6yd\u00e4t lis\u00e4tietoa Klarnasta&nbsp;<a href=\"https:\/\/www.klarna.com\/fi\" target=\"_blank\" rel=\"noreferrer noopener\">t\u00e4\u00e4lt\u00e4<\/a>&nbsp;ja Klarnan k\u00e4ytt\u00f6ehdot&nbsp;<a href=\"https:\/\/cdn.klarna.com\/1.0\/shared\/content\/legal\/terms\/0\/fi_fi\/user\" target=\"_blank\" rel=\"noreferrer noopener\">t\u00e4\u00e4lt\u00e4<\/a>. Klarna k\u00e4sittelee henkil\u00f6tietojasi soveltuvan lains\u00e4\u00e4d\u00e4nn\u00f6n ja Klarnan tietosuojaselosteen mukaisesti.<\/p>\n\n\n\n<p><strong>Tiedonkeruu<\/strong><\/p>\n\n\n\n<p>Ker\u00e4\u00e4mme henkil\u00f6tietoja, kun rekister\u00f6idyt verkkokauppamme asiakkaaksi, teet tilauksen tai viestit\u00e4t meille. <\/p>\n\n\n\n<p>Ker\u00e4\u00e4mme seuraavia tietoja:<\/p>\n\n\n\n<p>Nimi<br>Osoite<br>S\u00e4hk\u00f6postiosoite<br>Puhelinnumero<br>Tilauksen tiedot<br>Tietojen k\u00e4ytt\u00f6<\/p>\n\n\n\n<p>K\u00e4yt\u00e4mme ker\u00e4ttyj\u00e4 tietoja seuraaviin tarkoituksiin:<\/p>\n\n\n\n<p>Tilauksen toimittaminen ja toimituksen seuranta<br>Asiakassuhteen yll\u00e4pito ja kehitt\u00e4minen<br>Markkinointi ja tarjousten l\u00e4hett\u00e4minen (mik\u00e4li olet antanut suostumuksesi)<br>Tilastollisten tietojen ker\u00e4\u00e4minen ja analysointi<br>Tietojen jakaminen<\/p>\n\n\n\n<p>Emme jaa henkil\u00f6tietojasi kolmansille osapuolille, paitsi silloin, kun se on tarpeen tilauksen toimittamiseksi tai laillisesti velvoittavien lakien noudattamiseksi.<\/p>\n\n\n\n<p><strong>Tietojen s\u00e4ilytys<\/strong><\/p>\n\n\n\n<p>S\u00e4ilyt\u00e4mme henkil\u00f6tietojasi niin kauan kuin se on tarpeellista asiakassuhteiden yll\u00e4pidon tai laillisten velvoitteiden noudattamiseksi.<\/p>\n\n\n\n<p><strong>Henkil\u00f6tietojen suojaus<\/strong><\/p>\n\n\n\n<p>Suojelemme henkil\u00f6tietojasi huolellisesti ja k\u00e4yt\u00e4mme tarvittavia teknisi\u00e4 ja hallinnollisia toimenpiteit\u00e4 tietojen suojaamiseksi. <\/p>\n\n\n\n<p>Kuitenkin, internetiss\u00e4 tapahtuvassa tiedonsiirrossa voi aina olla jonkin verran riskej\u00e4, ja siksi emme voi t\u00e4ysin taata tietojen turvallisuutta.<\/p>\n\n\n\n<p><strong>Ev\u00e4steiden k\u00e4ytt\u00f6<\/strong><\/p>\n\n\n\n<p>K\u00e4yt\u00e4mme verkkosivullamme ev\u00e4steit\u00e4 tarjotaksemme parhaan mahdollisen k\u00e4ytt\u00f6kokemuksen. <\/p>\n\n\n\n<p>K\u00e4yt\u00e4mme CookieYes -wordpress pluginia hallitaksemme ev\u00e4steiden k\u00e4ytt\u00f6\u00e4 ja tarjotaksemme k\u00e4ytt\u00e4jille mahdollisuuden hallita ev\u00e4steiden k\u00e4ytt\u00f6\u00e4.<\/p>\n\n\n\n<p>Ev\u00e4steet ovat pieni\u00e4 tekstitiedostoja, joita tallennetaan selaimeesi ja joita k\u00e4ytet\u00e4\u00e4n esimerkiksi sivuston toiminnallisuuksien parantamiseen ja k\u00e4ytt\u00e4j\u00e4n henkil\u00f6kohtaisten preferenssien muistamiseen.<\/p>\n\n\n\n<p>Voit hallita ev\u00e4steiden k\u00e4ytt\u00f6\u00e4 selaimesi asetuksista. Huomaa, ett\u00e4 jos est\u00e4t ev\u00e4steiden k\u00e4yt\u00f6n, jotkin verkkosivumme toiminnallisuuksista eiv\u00e4t v\u00e4ltt\u00e4m\u00e4tt\u00e4 toimi oikein.<\/p>\n\n\n\n<p>T\u00e4m\u00e4n tietosuojaselosteen ja verkkosivumme k\u00e4ytt\u00f6ehtojen yhteydess\u00e4 tarkoittaa henkil\u00f6tietojen k\u00e4sittely my\u00f6s ev\u00e4steiden k\u00e4ytt\u00f6\u00e4.<\/p>\n\n\n\n<p><strong>Oikeudet henkil\u00f6tietojen omistajalla<\/strong><\/p>\n\n\n\n<p>Sinulla on oikeus tarkastaa henkil\u00f6tietosi, pyyt\u00e4\u00e4 niiden oikaisua tai poistamista. <\/p>\n\n\n\n<p>Voit peruuttaa suostumuksesi markkinointiin milloin tahansa. Voit tehd\u00e4 n\u00e4m\u00e4 pyynt\u00f6j\u00e4 ottamalla yhteytt\u00e4 s\u00e4hk\u00f6postitse osoitteeseen sales&#64;aaltos&#112;&#101;&#97;&#107;&#101;&#114;&#115;&#46;&#102;&#105;. <\/p>\n\n\n\n<p>Sinulla on my\u00f6s oikeus tehd\u00e4 valitus valvontaviranomaiselle, jos katsot, ett\u00e4 henkil\u00f6tietojesi k\u00e4sittely ei ole GDPR:n mukaista.<\/p>\n\n\n\n<p><strong>Palautukset \/ Vaihdot<\/strong><\/p>\n\n\n\n<ul class=\"wp-block-list\">\n<li>Kaikilla tuotteillamme on t\u00e4ysi 14 vuorokauden vaihto- ja palautusoikeus.<\/li>\n\n\n\n<li>Palautettavan tai vaihdettavan tuotteen tulee olla uuden veroinen sinettien kanssa ja pakattuna alkuper\u00e4iseen pakkaukseen.<\/li>\n\n\n\n<li>Tuotteet palautetaan samaa kuljetustapaa&nbsp;k\u00e4ytt\u00e4en asiakaspalautuksena.<\/li>\n\n\n\n<li>Muistathan my\u00f6s liitt\u00e4\u00e4 mukaan pankkitietosi, mik\u00e4li haluat purkaa kaupan.<\/li>\n\n\n\n<li>Yrityksemme vastuu tuotteen huonosta saatavuudesta, viranomais- ja maahantuontirajoituksista rajoittuu aina kaupan purkamiseen ja etuk\u00e4teen maksettujen rahojen palauttamiseen.<\/li>\n\n\n\n<li>Suomen Kaiutintehdas Oy pid\u00e4tt\u00e4\u00e4 itsell\u00e4\u00e4n oikeuden olla toimittamatta tuotteita asiakkaille, jotka toistuvasti palauttavat tai j\u00e4tt\u00e4v\u00e4t noutamatta tilaamansa tuotteet.<\/li>\n<\/ul>\n\n\n\n<p><strong>Muutokset tietosuojaselosteeseen<\/strong><\/p>\n\n\n\n<p>Pid\u00e4t\u00e4mme oikeuden tehd\u00e4 muutoksia t\u00e4h\u00e4n tietosuojaselosteeseen milloin tahansa ilmoittamatta siit\u00e4 erikseen. Suosittelemme s\u00e4\u00e4nn\u00f6llisesti tarkistamaan t\u00e4m\u00e4n sivun p\u00e4ivitykset.<\/p>\n\n\n\n<p><strong>Yhteystiedot<\/strong><\/p>\n\n\n\n<p>Jos sinulla on kysytt\u00e4v\u00e4\u00e4 tietosuojaselosteesta tai henkil\u00f6tietojesi k\u00e4sittelyst\u00e4, ota yhteytt\u00e4 s\u00e4hk\u00f6postitse osoitteeseen s&#97;&#108;&#101;&#x73;&#x40;&#x61;al&#116;&#111;&#x73;&#x70;&#x65;&#x61;ke&#114;&#115;&#x2e;&#x66;&#x69;.<\/p>\n\n\n\n<p>T\u00e4m\u00e4 tietosuojaseloste on voimassa 12.2.2023 alkaen.<\/p>\n","protected":false},"excerpt":{"rendered":"<p>Suomen Kaiutintehdas Oy 3115899-4 (j\u00e4ljemp\u00e4n\u00e4 &#8221;me&#8221; tai &#8221;yrityksemme&#8221;) kunnioittaa henkil\u00f6tietojen yksityisyytt\u00e4 ja k\u00e4sittelemme henkil\u00f6tietoja GDPR:n (EU:n yleisen tietosuoja-asetuksen) mukaisesti. T\u00e4m\u00e4 tietosuojaseloste kuvaa, miten k\u00e4sittelemme henkil\u00f6tietoja verkkokauppamme kautta ker\u00e4tt\u00e4v\u00e4n tiedon perusteella. Maksutavat Maksupalvelun tarjoaa Verifone Finland Oy (0943819-9). Verifone Finland Oy on Finanssivalvonnan toimiluvan saanut maksulaitos. Maksutapahtumat toteutetaan Verifone Finland Oy:n suojatussa tietoturvallisessa maksuymp\u00e4rist\u00f6ss\u00e4. Yleisimpien verkkopankki-, [&hellip;]<\/p>\n","protected":false},"author":2,"featured_media":0,"parent":0,"menu_order":0,"comment_status":"closed","ping_status":"closed","template":"","meta":{"site-sidebar-layout":"default","site-content-layout":"","ast-site-content-layout":"default","site-content-style":"default","site-sidebar-style":"default","ast-global-header-display":"","ast-banner-title-visibility":"","ast-main-header-display":"","ast-hfb-above-header-display":"","ast-hfb-below-header-display":"","ast-hfb-mobile-header-display":"","site-post-title":"","ast-breadcrumbs-content":"","ast-featured-img":"","footer-sml-layout":"","ast-disable-related-posts":"","theme-transparent-header-meta":"","adv-header-id-meta":"","stick-header-meta":"","header-above-stick-meta":"","header-main-stick-meta":"","header-below-stick-meta":"","astra-migrate-meta-layouts":"set","ast-page-background-enabled":"default","ast-page-background-meta":{"desktop":{"background-color":"var(--ast-global-color-4)","background-image":"","background-repeat":"repeat","background-position":"center center","background-size":"auto","background-attachment":"scroll","background-type":"","background-media":"","overlay-type":"","overlay-color":"","overlay-opacity":"","overlay-gradient":""},"tablet":{"background-color":"","background-image":"","background-repeat":"repeat","background-position":"center center","background-size":"auto","background-attachment":"scroll","background-type":"","background-media":"","overlay-type":"","overlay-color":"","overlay-opacity":"","overlay-gradient":""},"mobile":{"background-color":"","background-image":"","background-repeat":"repeat","background-position":"center center","background-size":"auto","background-attachment":"scroll","background-type":"","background-media":"","overlay-type":"","overlay-color":"","overlay-opacity":"","overlay-gradient":""}},"ast-content-background-meta":{"desktop":{"background-color":"var(--ast-global-color-5)","background-image":"","background-repeat":"repeat","background-position":"center center","background-size":"auto","background-attachment":"scroll","background-type":"","background-media":"","overlay-type":"","overlay-color":"","overlay-opacity":"","overlay-gradient":""},"tablet":{"background-color":"var(--ast-global-color-5)","background-image":"","background-repeat":"repeat","background-position":"center center","background-size":"auto","background-attachment":"scroll","background-type":"","background-media":"","overlay-type":"","overlay-color":"","overlay-opacity":"","overlay-gradient":""},"mobile":{"background-color":"var(--ast-global-color-5)","background-image":"","background-repeat":"repeat","background-position":"center center","background-size":"auto","background-attachment":"scroll","background-type":"","background-media":"","overlay-type":"","overlay-color":"","overlay-opacity":"","overlay-gradient":""}},"footnotes":""},"class_list":["post-3","page","type-page","status-publish","hentry"],"yoast_head":"<!-- This site is optimized with the Yoast SEO plugin v26.7 - https:\/\/yoast.com\/wordpress\/plugins\/seo\/ -->\n<title>Tietosuoja - Aalto Speakers<\/title>\n<meta name=\"robots\" content=\"index, follow, max-snippet:-1, max-image-preview:large, max-video-preview:-1\" \/>\n<link rel=\"canonical\" href=\"https:\/\/aaltospeakers.fi\/fi\/privacy-policy\/\" \/>\n<meta property=\"og:locale\" content=\"fi_FI\" \/>\n<meta property=\"og:type\" content=\"article\" \/>\n<meta property=\"og:title\" content=\"Tietosuoja - Aalto Speakers\" \/>\n<meta property=\"og:description\" content=\"Suomen Kaiutintehdas Oy 3115899-4 (j\u00e4ljemp\u00e4n\u00e4 &#8221;me&#8221; tai &#8221;yrityksemme&#8221;) kunnioittaa henkil\u00f6tietojen yksityisyytt\u00e4 ja k\u00e4sittelemme henkil\u00f6tietoja GDPR:n (EU:n yleisen tietosuoja-asetuksen) mukaisesti. T\u00e4m\u00e4 tietosuojaseloste kuvaa, miten k\u00e4sittelemme henkil\u00f6tietoja verkkokauppamme kautta ker\u00e4tt\u00e4v\u00e4n tiedon perusteella. Maksutavat Maksupalvelun tarjoaa Verifone Finland Oy (0943819-9). Verifone Finland Oy on Finanssivalvonnan toimiluvan saanut maksulaitos. Maksutapahtumat toteutetaan Verifone Finland Oy:n suojatussa tietoturvallisessa maksuymp\u00e4rist\u00f6ss\u00e4. Yleisimpien verkkopankki-, [&hellip;]\" \/>\n<meta property=\"og:url\" content=\"https:\/\/aaltospeakers.fi\/fi\/privacy-policy\/\" \/>\n<meta property=\"og:site_name\" content=\"Aalto Speakers\" \/>\n<meta property=\"article:publisher\" content=\"https:\/\/www.facebook.com\/people\/AALTO\/100057490748330\/\" \/>\n<meta property=\"article:modified_time\" content=\"2024-10-07T17:56:21+00:00\" \/>\n<meta name=\"twitter:card\" content=\"summary_large_image\" \/>\n<meta name=\"twitter:label1\" content=\"Arvioitu lukuaika\" \/>\n\t<meta name=\"twitter:data1\" content=\"4 minuuttia\" \/>\n<script type=\"application\/ld+json\" class=\"yoast-schema-graph\">{\"@context\":\"https:\/\/schema.org\",\"@graph\":[{\"@type\":\"WebPage\",\"@id\":\"https:\/\/aaltospeakers.fi\/privacy-policy\/\",\"url\":\"https:\/\/aaltospeakers.fi\/privacy-policy\/\",\"name\":\"Tietosuoja - Aalto Speakers\",\"isPartOf\":{\"@id\":\"https:\/\/aaltospeakers.fi\/#website\"},\"datePublished\":\"2023-01-17T18:10:13+00:00\",\"dateModified\":\"2024-10-07T17:56:21+00:00\",\"breadcrumb\":{\"@id\":\"https:\/\/aaltospeakers.fi\/privacy-policy\/#breadcrumb\"},\"inLanguage\":\"fi\",\"potentialAction\":[{\"@type\":\"ReadAction\",\"target\":[\"https:\/\/aaltospeakers.fi\/privacy-policy\/\"]}]},{\"@type\":\"BreadcrumbList\",\"@id\":\"https:\/\/aaltospeakers.fi\/privacy-policy\/#breadcrumb\",\"itemListElement\":[{\"@type\":\"ListItem\",\"position\":1,\"name\":\"Home\",\"item\":\"https:\/\/aaltospeakers.fi\/\"},{\"@type\":\"ListItem\",\"position\":2,\"name\":\"Tietosuoja\"}]},{\"@type\":\"WebSite\",\"@id\":\"https:\/\/aaltospeakers.fi\/#website\",\"url\":\"https:\/\/aaltospeakers.fi\/\",\"name\":\"Aalto Speakers\",\"description\":\"Aalto Speakers webshop\",\"publisher\":{\"@id\":\"https:\/\/aaltospeakers.fi\/#organization\"},\"potentialAction\":[{\"@type\":\"SearchAction\",\"target\":{\"@type\":\"EntryPoint\",\"urlTemplate\":\"https:\/\/aaltospeakers.fi\/?s={search_term_string}\"},\"query-input\":{\"@type\":\"PropertyValueSpecification\",\"valueRequired\":true,\"valueName\":\"search_term_string\"}}],\"inLanguage\":\"fi\"},{\"@type\":\"Organization\",\"@id\":\"https:\/\/aaltospeakers.fi\/#organization\",\"name\":\"Aalto Speakers\",\"url\":\"https:\/\/aaltospeakers.fi\/\",\"logo\":{\"@type\":\"ImageObject\",\"inLanguage\":\"fi\",\"@id\":\"https:\/\/aaltospeakers.fi\/#\/schema\/logo\/image\/\",\"url\":\"https:\/\/i0.wp.com\/aaltospeakers.fi\/wp-content\/uploads\/2023\/01\/cropped-aalto_logo_bk.png?fit=785%2C261&ssl=1\",\"contentUrl\":\"https:\/\/i0.wp.com\/aaltospeakers.fi\/wp-content\/uploads\/2023\/01\/cropped-aalto_logo_bk.png?fit=785%2C261&ssl=1\",\"width\":785,\"height\":261,\"caption\":\"Aalto Speakers\"},\"image\":{\"@id\":\"https:\/\/aaltospeakers.fi\/#\/schema\/logo\/image\/\"},\"sameAs\":[\"https:\/\/www.facebook.com\/people\/AALTO\/100057490748330\/\"]}]}<\/script>\n<!-- \/ Yoast SEO plugin. -->","yoast_head_json":{"title":"Tietosuoja - Aalto Speakers","robots":{"index":"index","follow":"follow","max-snippet":"max-snippet:-1","max-image-preview":"max-image-preview:large","max-video-preview":"max-video-preview:-1"},"canonical":"https:\/\/aaltospeakers.fi\/fi\/privacy-policy\/","og_locale":"fi_FI","og_type":"article","og_title":"Tietosuoja - Aalto Speakers","og_description":"Suomen Kaiutintehdas Oy 3115899-4 (j\u00e4ljemp\u00e4n\u00e4 &#8221;me&#8221; tai &#8221;yrityksemme&#8221;) kunnioittaa henkil\u00f6tietojen yksityisyytt\u00e4 ja k\u00e4sittelemme henkil\u00f6tietoja GDPR:n (EU:n yleisen tietosuoja-asetuksen) mukaisesti. T\u00e4m\u00e4 tietosuojaseloste kuvaa, miten k\u00e4sittelemme henkil\u00f6tietoja verkkokauppamme kautta ker\u00e4tt\u00e4v\u00e4n tiedon perusteella. Maksutavat Maksupalvelun tarjoaa Verifone Finland Oy (0943819-9). Verifone Finland Oy on Finanssivalvonnan toimiluvan saanut maksulaitos. Maksutapahtumat toteutetaan Verifone Finland Oy:n suojatussa tietoturvallisessa maksuymp\u00e4rist\u00f6ss\u00e4. Yleisimpien verkkopankki-, [&hellip;]","og_url":"https:\/\/aaltospeakers.fi\/fi\/privacy-policy\/","og_site_name":"Aalto Speakers","article_publisher":"https:\/\/www.facebook.com\/people\/AALTO\/100057490748330\/","article_modified_time":"2024-10-07T17:56:21+00:00","twitter_card":"summary_large_image","twitter_misc":{"Arvioitu lukuaika":"4 minuuttia"},"schema":{"@context":"https:\/\/schema.org","@graph":[{"@type":"WebPage","@id":"https:\/\/aaltospeakers.fi\/privacy-policy\/","url":"https:\/\/aaltospeakers.fi\/privacy-policy\/","name":"Tietosuoja - Aalto Speakers","isPartOf":{"@id":"https:\/\/aaltospeakers.fi\/#website"},"datePublished":"2023-01-17T18:10:13+00:00","dateModified":"2024-10-07T17:56:21+00:00","breadcrumb":{"@id":"https:\/\/aaltospeakers.fi\/privacy-policy\/#breadcrumb"},"inLanguage":"fi","potentialAction":[{"@type":"ReadAction","target":["https:\/\/aaltospeakers.fi\/privacy-policy\/"]}]},{"@type":"BreadcrumbList","@id":"https:\/\/aaltospeakers.fi\/privacy-policy\/#breadcrumb","itemListElement":[{"@type":"ListItem","position":1,"name":"Home","item":"https:\/\/aaltospeakers.fi\/"},{"@type":"ListItem","position":2,"name":"Tietosuoja"}]},{"@type":"WebSite","@id":"https:\/\/aaltospeakers.fi\/#website","url":"https:\/\/aaltospeakers.fi\/","name":"Aalto Speakers","description":"Aalto Speakers webshop","publisher":{"@id":"https:\/\/aaltospeakers.fi\/#organization"},"potentialAction":[{"@type":"SearchAction","target":{"@type":"EntryPoint","urlTemplate":"https:\/\/aaltospeakers.fi\/?s={search_term_string}"},"query-input":{"@type":"PropertyValueSpecification","valueRequired":true,"valueName":"search_term_string"}}],"inLanguage":"fi"},{"@type":"Organization","@id":"https:\/\/aaltospeakers.fi\/#organization","name":"Aalto Speakers","url":"https:\/\/aaltospeakers.fi\/","logo":{"@type":"ImageObject","inLanguage":"fi","@id":"https:\/\/aaltospeakers.fi\/#\/schema\/logo\/image\/","url":"https:\/\/i0.wp.com\/aaltospeakers.fi\/wp-content\/uploads\/2023\/01\/cropped-aalto_logo_bk.png?fit=785%2C261&ssl=1","contentUrl":"https:\/\/i0.wp.com\/aaltospeakers.fi\/wp-content\/uploads\/2023\/01\/cropped-aalto_logo_bk.png?fit=785%2C261&ssl=1","width":785,"height":261,"caption":"Aalto Speakers"},"image":{"@id":"https:\/\/aaltospeakers.fi\/#\/schema\/logo\/image\/"},"sameAs":["https:\/\/www.facebook.com\/people\/AALTO\/100057490748330\/"]}]}},"jetpack_sharing_enabled":true,"_links":{"self":[{"href":"https:\/\/aaltospeakers.fi\/fi\/wp-json\/wp\/v2\/pages\/3","targetHints":{"allow":["GET"]}}],"collection":[{"href":"https:\/\/aaltospeakers.fi\/fi\/wp-json\/wp\/v2\/pages"}],"about":[{"href":"https:\/\/aaltospeakers.fi\/fi\/wp-json\/wp\/v2\/types\/page"}],"author":[{"embeddable":true,"href":"https:\/\/aaltospeakers.fi\/fi\/wp-json\/wp\/v2\/users\/2"}],"replies":[{"embeddable":true,"href":"https:\/\/aaltospeakers.fi\/fi\/wp-json\/wp\/v2\/comments?post=3"}],"version-history":[{"count":11,"href":"https:\/\/aaltospeakers.fi\/fi\/wp-json\/wp\/v2\/pages\/3\/revisions"}],"predecessor-version":[{"id":2335,"href":"https:\/\/aaltospeakers.fi\/fi\/wp-json\/wp\/v2\/pages\/3\/revisions\/2335"}],"wp:attachment":[{"href":"https:\/\/aaltospeakers.fi\/fi\/wp-json\/wp\/v2\/media?parent=3"}],"curies":[{"name":"wp","href":"https:\/\/api.w.org\/{rel}","templated":true}]}}