{"id":2220,"date":"2024-02-21T18:10:00","date_gmt":"2024-02-21T18:10:00","guid":{"rendered":"https:\/\/aaltospeakers.fi\/?post_type=product&#038;p=2220"},"modified":"2025-01-03T10:22:13","modified_gmt":"2025-01-03T10:22:13","slug":"taipuu-kero-l-active-pro","status":"publish","type":"product","link":"https:\/\/aaltospeakers.fi\/fi\/product\/taipuu-kero-l-active-pro\/","title":{"rendered":"Taipuu Kero L Active Pro"},"content":{"rendered":"<p>Suomessa valmistettu tinkim\u00e4t\u00f6n lattiakaiutin, joka kamppailee maailman parhaiden lattiakaiuttimien kanssa.<\/p>\n<p>Kero on suomalaisen Taipuun ensimm\u00e4inen lattiakaiutin. Lapin luonnosta innoituksen saanut Kero vie huipulle. Kero tarkoittaa tunturin lakea, joten nimi kuvastaa jo kaiuttimen syntyfilosofiaa &#8211; tehd\u00e4 kohtuullisen kokoinen kaiutin t\u00e4ysin tinkim\u00e4tt\u00f6m\u00e4sti. Taipuun kaiuttimet valmistetaan k\u00e4sity\u00f6n\u00e4 Kempeleess\u00e4 ja jokainen kaiutin mitataan tarkasti vastaamaan niille m\u00e4\u00e4ritelty\u00e4 speksi\u00e4.<\/p>\n<p>Kero on vain 28 litran tilavuudellaan helposti sijoitettavissa niin visuaalisesti kuin soundimieless\u00e4 huoneeseen kuin huoneeseen. 2 kappaletta 6,5 tuuman pitk\u00e4iskuista bassoelementi\u00e4 tuottavat h\u00e4mm\u00e4stytt\u00e4v\u00e4n syv\u00e4n bassotoiston ja lis\u00e4ksi kotelon sivuilla on 4 x 6,5 tuuman passiivis\u00e4teilij\u00e4. Kotelo on 3D-mallinnusta hy\u00f6dynt\u00e4en muotoiltu minimoimaan diffraktiot.<\/p>\n<p>Kerossa k\u00e4ytet\u00e4\u00e4n tanskalaisen Purifin state-of-the-art elementtej\u00e4. Elementtien tehonkesto on omassa luokassaan ja hyv\u00e4ll\u00e4 vahvistuksella n\u00e4ist\u00e4 kompakteista kaiuttimista saadaankin tarvittaessa eritt\u00e4in suuri \u00e4\u00e4nenpaine minimaalisella s\u00e4r\u00f6ll\u00e4.<\/p>\n<p>Tekniset tiedot:<\/p>\n<p>Toimintaperiaate: 2.5-tie, passiivis\u00e4teilij\u00e4t<\/p>\n<p>Elementit: Purifi Audio 6.5&#8243; basso-keski\u00e4\u00e4ni 2kpl, Purifi Audio 6.5&#8243; passivis\u00e4teilij\u00e4 4 kpl ja SB Acoustics 29mm Beryllium-kalotti<\/p>\n<p>Mitat (L x K x S): 210 x 1000 x 300mm<\/p>\n<p>Tilavuus: 28 litraa netto<\/p>\n<p>Kotelomateriaali: MDF<\/p>\n<p>Toistoalue: 33 &#8211; 24000 Hz, -6dB<\/p>\n<p>Jakotaajuudet: 310Hz (alempi basso-keski\u00e4\u00e4ni) ja 2950 Hz<\/p>\n<p>Vahvistinteho: 245+245+245 W, diskantin suojaustaso 100\/140 W RMS\/huippu<\/p>\n<p>Liit\u00e4nn\u00e4t: Analoginen XLR, AES\/EBU XLR, USB type B (taajuuskorjaus)<\/p>\n<p>Virtaliitin: IEC C14<\/p>\n<p>J\u00e4\u00e4hdytys: Passivinen (ei puhallinta)<\/p>\n<p>Tajuuskorjaus: FourAudio System -sovelluksella, Windows tai macOS<\/p>\n<p>Valmistettu Suomessa<\/p>\n","protected":false},"excerpt":{"rendered":"<p>Loistava tilaisuus tarttua viimeisiin Taipuu Kero L Active Pro -lattiakaiuttimiin suoraan valmistajan varastosta uskomattomaan hintaan!<br \/>\nSaatavilla en\u00e4\u00e4 yksi pari satiininvalkoisena.<\/p>\n","protected":false},"featured_media":2225,"template":"","meta":{"site-sidebar-layout":"default","site-content-layout":"default","ast-site-content-layout":"default","site-content-style":"default","site-sidebar-style":"default","ast-global-header-display":"","ast-banner-title-visibility":"","ast-main-header-display":"","ast-hfb-above-header-display":"","ast-hfb-below-header-display":"","ast-hfb-mobile-header-display":"","site-post-title":"","ast-breadcrumbs-content":"","ast-featured-img":"","footer-sml-layout":"","ast-disable-related-posts":"","theme-transparent-header-meta":"default","adv-header-id-meta":"","stick-header-meta":"","header-above-stick-meta":"","header-main-stick-meta":"","header-below-stick-meta":"","astra-migrate-meta-layouts":"set","ast-page-background-enabled":"default","ast-page-background-meta":{"desktop":{"background-color":"var(--ast-global-color-4)","background-image":"","background-repeat":"repeat","background-position":"center center","background-size":"auto","background-attachment":"scroll","background-type":"","background-media":"","overlay-type":"","overlay-color":"","overlay-opacity":"","overlay-gradient":""},"tablet":{"background-color":"","background-image":"","background-repeat":"repeat","background-position":"center center","background-size":"auto","background-attachment":"scroll","background-type":"","background-media":"","overlay-type":"","overlay-color":"","overlay-opacity":"","overlay-gradient":""},"mobile":{"background-color":"","background-image":"","background-repeat":"repeat","background-position":"center center","background-size":"auto","background-attachment":"scroll","background-type":"","background-media":"","overlay-type":"","overlay-color":"","overlay-opacity":"","overlay-gradient":""}},"ast-content-background-meta":{"desktop":{"background-color":"var(--ast-global-color-5)","background-image":"","background-repeat":"repeat","background-position":"center center","background-size":"auto","background-attachment":"scroll","background-type":"","background-media":"","overlay-type":"","overlay-color":"","overlay-opacity":"","overlay-gradient":""},"tablet":{"background-color":"var(--ast-global-color-5)","background-image":"","background-repeat":"repeat","background-position":"center center","background-size":"auto","background-attachment":"scroll","background-type":"","background-media":"","overlay-type":"","overlay-color":"","overlay-opacity":"","overlay-gradient":""},"mobile":{"background-color":"var(--ast-global-color-5)","background-image":"","background-repeat":"repeat","background-position":"center center","background-size":"auto","background-attachment":"scroll","background-type":"","background-media":"","overlay-type":"","overlay-color":"","overlay-opacity":"","overlay-gradient":""}}},"product_brand":[],"product_cat":[37,36],"product_tag":[],"class_list":{"0":"post-2220","1":"product","2":"type-product","3":"status-publish","4":"has-post-thumbnail","6":"product_cat-aktiivikaiuttimet-fi","7":"product_cat-kaiuttimet-fi","8":"desktop-align-left","9":"tablet-align-left","10":"mobile-align-left","12":"first","13":"instock","14":"sale","15":"taxable","16":"shipping-taxable","17":"purchasable","18":"product-type-simple"},"yoast_head":"<!-- This site is optimized with the Yoast SEO plugin v26.7 - https:\/\/yoast.com\/wordpress\/plugins\/seo\/ -->\n<title>Taipuu Kero L Active Pro - Aalto Speakers<\/title>\n<meta name=\"robots\" content=\"index, follow, max-snippet:-1, max-image-preview:large, max-video-preview:-1\" \/>\n<link rel=\"canonical\" href=\"https:\/\/aaltospeakers.fi\/fi\/product\/taipuu-kero-l-active-pro\/\" \/>\n<meta property=\"og:locale\" content=\"fi_FI\" \/>\n<meta property=\"og:type\" content=\"article\" \/>\n<meta property=\"og:title\" content=\"Taipuu Kero L Active Pro - Aalto Speakers\" \/>\n<meta property=\"og:description\" content=\"Loistava tilaisuus tarttua viimeisiin Taipuu Kero L Active Pro -lattiakaiuttimiin suoraan valmistajan varastosta uskomattomaan hintaan! Saatavilla en\u00e4\u00e4 yksi pari satiininvalkoisena.\" \/>\n<meta property=\"og:url\" content=\"https:\/\/aaltospeakers.fi\/fi\/product\/taipuu-kero-l-active-pro\/\" \/>\n<meta property=\"og:site_name\" content=\"Aalto Speakers\" \/>\n<meta property=\"article:publisher\" content=\"https:\/\/www.facebook.com\/people\/AALTO\/100057490748330\/\" \/>\n<meta property=\"article:modified_time\" content=\"2025-01-03T10:22:13+00:00\" \/>\n<meta property=\"og:image\" content=\"http:\/\/aaltospeakers.fi\/wp-content\/uploads\/2024\/02\/TaipuuKeroL-3Suuri_37baebe7-4aac-4e9f-9926-b7861e987930_500x.jpg.webp\" \/>\n\t<meta property=\"og:image:width\" content=\"500\" \/>\n\t<meta property=\"og:image:height\" content=\"821\" \/>\n\t<meta property=\"og:image:type\" content=\"image\/webp\" \/>\n<meta name=\"twitter:card\" content=\"summary_large_image\" \/>\n<meta name=\"twitter:label1\" content=\"Arvioitu lukuaika\" \/>\n\t<meta name=\"twitter:data1\" content=\"2 minuuttia\" \/>\n<script type=\"application\/ld+json\" class=\"yoast-schema-graph\">{\"@context\":\"https:\/\/schema.org\",\"@graph\":[{\"@type\":\"WebPage\",\"@id\":\"https:\/\/aaltospeakers.fi\/product\/taipuu-kero-l-active-pro\/\",\"url\":\"https:\/\/aaltospeakers.fi\/product\/taipuu-kero-l-active-pro\/\",\"name\":\"Taipuu Kero L Active Pro - Aalto Speakers\",\"isPartOf\":{\"@id\":\"https:\/\/aaltospeakers.fi\/#website\"},\"primaryImageOfPage\":{\"@id\":\"https:\/\/aaltospeakers.fi\/product\/taipuu-kero-l-active-pro\/#primaryimage\"},\"image\":{\"@id\":\"https:\/\/aaltospeakers.fi\/product\/taipuu-kero-l-active-pro\/#primaryimage\"},\"thumbnailUrl\":\"https:\/\/i0.wp.com\/aaltospeakers.fi\/wp-content\/uploads\/2024\/02\/TaipuuKeroL-3Suuri_37baebe7-4aac-4e9f-9926-b7861e987930_500x.jpg.webp?fit=500%2C821&ssl=1\",\"datePublished\":\"2024-02-21T18:10:00+00:00\",\"dateModified\":\"2025-01-03T10:22:13+00:00\",\"breadcrumb\":{\"@id\":\"https:\/\/aaltospeakers.fi\/product\/taipuu-kero-l-active-pro\/#breadcrumb\"},\"inLanguage\":\"fi\",\"potentialAction\":[{\"@type\":\"ReadAction\",\"target\":[\"https:\/\/aaltospeakers.fi\/product\/taipuu-kero-l-active-pro\/\"]}]},{\"@type\":\"ImageObject\",\"inLanguage\":\"fi\",\"@id\":\"https:\/\/aaltospeakers.fi\/product\/taipuu-kero-l-active-pro\/#primaryimage\",\"url\":\"https:\/\/i0.wp.com\/aaltospeakers.fi\/wp-content\/uploads\/2024\/02\/TaipuuKeroL-3Suuri_37baebe7-4aac-4e9f-9926-b7861e987930_500x.jpg.webp?fit=500%2C821&ssl=1\",\"contentUrl\":\"https:\/\/i0.wp.com\/aaltospeakers.fi\/wp-content\/uploads\/2024\/02\/TaipuuKeroL-3Suuri_37baebe7-4aac-4e9f-9926-b7861e987930_500x.jpg.webp?fit=500%2C821&ssl=1\",\"width\":500,\"height\":821},{\"@type\":\"BreadcrumbList\",\"@id\":\"https:\/\/aaltospeakers.fi\/product\/taipuu-kero-l-active-pro\/#breadcrumb\",\"itemListElement\":[{\"@type\":\"ListItem\",\"position\":1,\"name\":\"Home\",\"item\":\"https:\/\/aaltospeakers.fi\/\"},{\"@type\":\"ListItem\",\"position\":2,\"name\":\"Kaiuttimet\",\"item\":\"https:\/\/aaltospeakers.fi\/kaiuttimet\/\"},{\"@type\":\"ListItem\",\"position\":3,\"name\":\"Taipuu Kero L Active Pro\"}]},{\"@type\":\"WebSite\",\"@id\":\"https:\/\/aaltospeakers.fi\/#website\",\"url\":\"https:\/\/aaltospeakers.fi\/\",\"name\":\"Aalto Speakers\",\"description\":\"Aalto Speakers webshop\",\"publisher\":{\"@id\":\"https:\/\/aaltospeakers.fi\/#organization\"},\"potentialAction\":[{\"@type\":\"SearchAction\",\"target\":{\"@type\":\"EntryPoint\",\"urlTemplate\":\"https:\/\/aaltospeakers.fi\/?s={search_term_string}\"},\"query-input\":{\"@type\":\"PropertyValueSpecification\",\"valueRequired\":true,\"valueName\":\"search_term_string\"}}],\"inLanguage\":\"fi\"},{\"@type\":\"Organization\",\"@id\":\"https:\/\/aaltospeakers.fi\/#organization\",\"name\":\"Aalto Speakers\",\"url\":\"https:\/\/aaltospeakers.fi\/\",\"logo\":{\"@type\":\"ImageObject\",\"inLanguage\":\"fi\",\"@id\":\"https:\/\/aaltospeakers.fi\/#\/schema\/logo\/image\/\",\"url\":\"https:\/\/i0.wp.com\/aaltospeakers.fi\/wp-content\/uploads\/2023\/01\/cropped-aalto_logo_bk.png?fit=785%2C261&ssl=1\",\"contentUrl\":\"https:\/\/i0.wp.com\/aaltospeakers.fi\/wp-content\/uploads\/2023\/01\/cropped-aalto_logo_bk.png?fit=785%2C261&ssl=1\",\"width\":785,\"height\":261,\"caption\":\"Aalto Speakers\"},\"image\":{\"@id\":\"https:\/\/aaltospeakers.fi\/#\/schema\/logo\/image\/\"},\"sameAs\":[\"https:\/\/www.facebook.com\/people\/AALTO\/100057490748330\/\"]}]}<\/script>\n<!-- \/ Yoast SEO plugin. -->","yoast_head_json":{"title":"Taipuu Kero L Active Pro - Aalto Speakers","robots":{"index":"index","follow":"follow","max-snippet":"max-snippet:-1","max-image-preview":"max-image-preview:large","max-video-preview":"max-video-preview:-1"},"canonical":"https:\/\/aaltospeakers.fi\/fi\/product\/taipuu-kero-l-active-pro\/","og_locale":"fi_FI","og_type":"article","og_title":"Taipuu Kero L Active Pro - Aalto Speakers","og_description":"Loistava tilaisuus tarttua viimeisiin Taipuu Kero L Active Pro -lattiakaiuttimiin suoraan valmistajan varastosta uskomattomaan hintaan! Saatavilla en\u00e4\u00e4 yksi pari satiininvalkoisena.","og_url":"https:\/\/aaltospeakers.fi\/fi\/product\/taipuu-kero-l-active-pro\/","og_site_name":"Aalto Speakers","article_publisher":"https:\/\/www.facebook.com\/people\/AALTO\/100057490748330\/","article_modified_time":"2025-01-03T10:22:13+00:00","og_image":[{"width":500,"height":821,"url":"http:\/\/aaltospeakers.fi\/wp-content\/uploads\/2024\/02\/TaipuuKeroL-3Suuri_37baebe7-4aac-4e9f-9926-b7861e987930_500x.jpg.webp","type":"image\/webp"}],"twitter_card":"summary_large_image","twitter_misc":{"Arvioitu lukuaika":"2 minuuttia"},"schema":{"@context":"https:\/\/schema.org","@graph":[{"@type":"WebPage","@id":"https:\/\/aaltospeakers.fi\/product\/taipuu-kero-l-active-pro\/","url":"https:\/\/aaltospeakers.fi\/product\/taipuu-kero-l-active-pro\/","name":"Taipuu Kero L Active Pro - Aalto Speakers","isPartOf":{"@id":"https:\/\/aaltospeakers.fi\/#website"},"primaryImageOfPage":{"@id":"https:\/\/aaltospeakers.fi\/product\/taipuu-kero-l-active-pro\/#primaryimage"},"image":{"@id":"https:\/\/aaltospeakers.fi\/product\/taipuu-kero-l-active-pro\/#primaryimage"},"thumbnailUrl":"https:\/\/i0.wp.com\/aaltospeakers.fi\/wp-content\/uploads\/2024\/02\/TaipuuKeroL-3Suuri_37baebe7-4aac-4e9f-9926-b7861e987930_500x.jpg.webp?fit=500%2C821&ssl=1","datePublished":"2024-02-21T18:10:00+00:00","dateModified":"2025-01-03T10:22:13+00:00","breadcrumb":{"@id":"https:\/\/aaltospeakers.fi\/product\/taipuu-kero-l-active-pro\/#breadcrumb"},"inLanguage":"fi","potentialAction":[{"@type":"ReadAction","target":["https:\/\/aaltospeakers.fi\/product\/taipuu-kero-l-active-pro\/"]}]},{"@type":"ImageObject","inLanguage":"fi","@id":"https:\/\/aaltospeakers.fi\/product\/taipuu-kero-l-active-pro\/#primaryimage","url":"https:\/\/i0.wp.com\/aaltospeakers.fi\/wp-content\/uploads\/2024\/02\/TaipuuKeroL-3Suuri_37baebe7-4aac-4e9f-9926-b7861e987930_500x.jpg.webp?fit=500%2C821&ssl=1","contentUrl":"https:\/\/i0.wp.com\/aaltospeakers.fi\/wp-content\/uploads\/2024\/02\/TaipuuKeroL-3Suuri_37baebe7-4aac-4e9f-9926-b7861e987930_500x.jpg.webp?fit=500%2C821&ssl=1","width":500,"height":821},{"@type":"BreadcrumbList","@id":"https:\/\/aaltospeakers.fi\/product\/taipuu-kero-l-active-pro\/#breadcrumb","itemListElement":[{"@type":"ListItem","position":1,"name":"Home","item":"https:\/\/aaltospeakers.fi\/"},{"@type":"ListItem","position":2,"name":"Kaiuttimet","item":"https:\/\/aaltospeakers.fi\/kaiuttimet\/"},{"@type":"ListItem","position":3,"name":"Taipuu Kero L Active Pro"}]},{"@type":"WebSite","@id":"https:\/\/aaltospeakers.fi\/#website","url":"https:\/\/aaltospeakers.fi\/","name":"Aalto Speakers","description":"Aalto Speakers webshop","publisher":{"@id":"https:\/\/aaltospeakers.fi\/#organization"},"potentialAction":[{"@type":"SearchAction","target":{"@type":"EntryPoint","urlTemplate":"https:\/\/aaltospeakers.fi\/?s={search_term_string}"},"query-input":{"@type":"PropertyValueSpecification","valueRequired":true,"valueName":"search_term_string"}}],"inLanguage":"fi"},{"@type":"Organization","@id":"https:\/\/aaltospeakers.fi\/#organization","name":"Aalto Speakers","url":"https:\/\/aaltospeakers.fi\/","logo":{"@type":"ImageObject","inLanguage":"fi","@id":"https:\/\/aaltospeakers.fi\/#\/schema\/logo\/image\/","url":"https:\/\/i0.wp.com\/aaltospeakers.fi\/wp-content\/uploads\/2023\/01\/cropped-aalto_logo_bk.png?fit=785%2C261&ssl=1","contentUrl":"https:\/\/i0.wp.com\/aaltospeakers.fi\/wp-content\/uploads\/2023\/01\/cropped-aalto_logo_bk.png?fit=785%2C261&ssl=1","width":785,"height":261,"caption":"Aalto Speakers"},"image":{"@id":"https:\/\/aaltospeakers.fi\/#\/schema\/logo\/image\/"},"sameAs":["https:\/\/www.facebook.com\/people\/AALTO\/100057490748330\/"]}]}},"jetpack_sharing_enabled":true,"_links":{"self":[{"href":"https:\/\/aaltospeakers.fi\/fi\/wp-json\/wp\/v2\/product\/2220","targetHints":{"allow":["GET"]}}],"collection":[{"href":"https:\/\/aaltospeakers.fi\/fi\/wp-json\/wp\/v2\/product"}],"about":[{"href":"https:\/\/aaltospeakers.fi\/fi\/wp-json\/wp\/v2\/types\/product"}],"version-history":[{"count":6,"href":"https:\/\/aaltospeakers.fi\/fi\/wp-json\/wp\/v2\/product\/2220\/revisions"}],"predecessor-version":[{"id":2374,"href":"https:\/\/aaltospeakers.fi\/fi\/wp-json\/wp\/v2\/product\/2220\/revisions\/2374"}],"wp:featuredmedia":[{"embeddable":true,"href":"https:\/\/aaltospeakers.fi\/fi\/wp-json\/wp\/v2\/media\/2225"}],"wp:attachment":[{"href":"https:\/\/aaltospeakers.fi\/fi\/wp-json\/wp\/v2\/media?parent=2220"}],"wp:term":[{"taxonomy":"product_brand","embeddable":true,"href":"https:\/\/aaltospeakers.fi\/fi\/wp-json\/wp\/v2\/product_brand?post=2220"},{"taxonomy":"product_cat","embeddable":true,"href":"https:\/\/aaltospeakers.fi\/fi\/wp-json\/wp\/v2\/product_cat?post=2220"},{"taxonomy":"product_tag","embeddable":true,"href":"https:\/\/aaltospeakers.fi\/fi\/wp-json\/wp\/v2\/product_tag?post=2220"}],"curies":[{"name":"wp","href":"https:\/\/api.w.org\/{rel}","templated":true}]}}