{"id":2269,"date":"2024-09-13T05:37:31","date_gmt":"2024-09-13T05:37:31","guid":{"rendered":"https:\/\/aaltospeakers.fi\/?post_type=product&#038;p=2269"},"modified":"2024-10-08T15:59:00","modified_gmt":"2024-10-08T15:59:00","slug":"taipuu-speakers-3-tie-dsp-aktiivikaiutinpari","status":"publish","type":"product","link":"https:\/\/aaltospeakers.fi\/fi\/product\/taipuu-speakers-3-tie-dsp-aktiivikaiutinpari\/","title":{"rendered":"Taipuu Speakers 3-tie DSP-aktiivikaiutinpari"},"content":{"rendered":"<p>Taipuu Speakersin 3-tie aktiivikaiutin on massiivinen \u00e4\u00e4nenl\u00e4hde. Kaiuttimessa on suljettu kotelo, jonka sis\u00e4ll\u00e4 ovat edistyksellinen DSP-vahvistin s\u00e4\u00e4dett\u00e4v\u00e4ll\u00e4 huonekorjauksella, 15\u201d koaksaalielementti, jossa on 1,5\u201d diskantti sek\u00e4 18\u201d bassoelementti.<\/p>\n<p>Tekniset tiedot:<\/p>\n<p>Taajuusvaste: 20\u201320 000 Hz<br \/>\nVahvistinteho: 1000 + 250 + 250 W (low + mid + high)<br \/>\nElementit: 18\u201d low, 15\u201d mid + 1,5\u201d high (koaksiaali)<br \/>\nLiit\u00e4nn\u00e4t: analoginen tulo XLR, digitaalinen tulo AES\/EBU XLR, DanteTM-v\u00e4yl\u00e4 RJ45, virtaliitin Neutrik PowerCon True sek\u00e4 USB DSP:n hallintaan<br \/>\nKotelo: suljettu<br \/>\nMitat (korkeus, leveys, syvyys): 1190 x 560 x 400 mm<\/p>\n","protected":false},"excerpt":{"rendered":"<p>Taipuu Speakersin 3-tie aktiivikaiutin on massiivinen \u00e4\u00e4nenl\u00e4hde. Kaiuttimessa on suljettu kotelo, jonka sis\u00e4ll\u00e4 ovat edistyksellinen DSP-vahvistin s\u00e4\u00e4dett\u00e4v\u00e4ll\u00e4 huonekorjauksella, 15\u201d koaksaalielementti, jossa on 1,5\u201d diskantti sek\u00e4 18\u201d bassoelementti. Tekniset tiedot: Taajuusvaste: 20\u201320 000 Hz Vahvistinteho: 1000 + 250 + 250 W (low + mid + high) Elementit: 18\u201d low, 15\u201d mid + 1,5\u201d high (koaksiaali) Liit\u00e4nn\u00e4t: [&hellip;]<\/p>\n","protected":false},"featured_media":2271,"template":"","meta":{"site-sidebar-layout":"default","site-content-layout":"","ast-site-content-layout":"default","site-content-style":"default","site-sidebar-style":"default","ast-global-header-display":"","ast-banner-title-visibility":"","ast-main-header-display":"","ast-hfb-above-header-display":"","ast-hfb-below-header-display":"","ast-hfb-mobile-header-display":"","site-post-title":"","ast-breadcrumbs-content":"","ast-featured-img":"","footer-sml-layout":"","ast-disable-related-posts":"","theme-transparent-header-meta":"default","adv-header-id-meta":"","stick-header-meta":"","header-above-stick-meta":"","header-main-stick-meta":"","header-below-stick-meta":"","astra-migrate-meta-layouts":"set","ast-page-background-enabled":"default","ast-page-background-meta":{"desktop":{"background-color":"var(--ast-global-color-4)","background-image":"","background-repeat":"repeat","background-position":"center center","background-size":"auto","background-attachment":"scroll","background-type":"","background-media":"","overlay-type":"","overlay-color":"","overlay-opacity":"","overlay-gradient":""},"tablet":{"background-color":"","background-image":"","background-repeat":"repeat","background-position":"center center","background-size":"auto","background-attachment":"scroll","background-type":"","background-media":"","overlay-type":"","overlay-color":"","overlay-opacity":"","overlay-gradient":""},"mobile":{"background-color":"","background-image":"","background-repeat":"repeat","background-position":"center center","background-size":"auto","background-attachment":"scroll","background-type":"","background-media":"","overlay-type":"","overlay-color":"","overlay-opacity":"","overlay-gradient":""}},"ast-content-background-meta":{"desktop":{"background-color":"var(--ast-global-color-5)","background-image":"","background-repeat":"repeat","background-position":"center center","background-size":"auto","background-attachment":"scroll","background-type":"","background-media":"","overlay-type":"","overlay-color":"","overlay-opacity":"","overlay-gradient":""},"tablet":{"background-color":"var(--ast-global-color-5)","background-image":"","background-repeat":"repeat","background-position":"center center","background-size":"auto","background-attachment":"scroll","background-type":"","background-media":"","overlay-type":"","overlay-color":"","overlay-opacity":"","overlay-gradient":""},"mobile":{"background-color":"var(--ast-global-color-5)","background-image":"","background-repeat":"repeat","background-position":"center center","background-size":"auto","background-attachment":"scroll","background-type":"","background-media":"","overlay-type":"","overlay-color":"","overlay-opacity":"","overlay-gradient":""}}},"product_brand":[],"product_cat":[37,36],"product_tag":[],"class_list":{"0":"post-2269","1":"product","2":"type-product","3":"status-publish","4":"has-post-thumbnail","6":"product_cat-aktiivikaiuttimet-fi","7":"product_cat-kaiuttimet-fi","8":"desktop-align-left","9":"tablet-align-left","10":"mobile-align-left","12":"first","13":"instock","14":"sale","15":"taxable","16":"shipping-taxable","17":"purchasable","18":"product-type-simple"},"yoast_head":"<!-- This site is optimized with the Yoast SEO plugin v26.7 - https:\/\/yoast.com\/wordpress\/plugins\/seo\/ -->\n<title>Taipuu Speakers 3-tie DSP-aktiivikaiutinpari - Aalto Speakers<\/title>\n<meta name=\"robots\" content=\"index, follow, max-snippet:-1, max-image-preview:large, max-video-preview:-1\" \/>\n<link rel=\"canonical\" href=\"https:\/\/aaltospeakers.fi\/fi\/product\/taipuu-speakers-3-tie-dsp-aktiivikaiutinpari\/\" \/>\n<meta property=\"og:locale\" content=\"fi_FI\" \/>\n<meta property=\"og:type\" content=\"article\" \/>\n<meta property=\"og:title\" content=\"Taipuu Speakers 3-tie DSP-aktiivikaiutinpari - Aalto Speakers\" \/>\n<meta property=\"og:description\" content=\"Taipuu Speakersin 3-tie aktiivikaiutin on massiivinen \u00e4\u00e4nenl\u00e4hde. Kaiuttimessa on suljettu kotelo, jonka sis\u00e4ll\u00e4 ovat edistyksellinen DSP-vahvistin s\u00e4\u00e4dett\u00e4v\u00e4ll\u00e4 huonekorjauksella, 15\u201d koaksaalielementti, jossa on 1,5\u201d diskantti sek\u00e4 18\u201d bassoelementti. Tekniset tiedot: Taajuusvaste: 20\u201320 000 Hz Vahvistinteho: 1000 + 250 + 250 W (low + mid + high) Elementit: 18\u201d low, 15\u201d mid + 1,5\u201d high (koaksiaali) Liit\u00e4nn\u00e4t: [&hellip;]\" \/>\n<meta property=\"og:url\" content=\"https:\/\/aaltospeakers.fi\/fi\/product\/taipuu-speakers-3-tie-dsp-aktiivikaiutinpari\/\" \/>\n<meta property=\"og:site_name\" content=\"Aalto Speakers\" \/>\n<meta property=\"article:publisher\" content=\"https:\/\/www.facebook.com\/people\/AALTO\/100057490748330\/\" \/>\n<meta property=\"article:modified_time\" content=\"2024-10-08T15:59:00+00:00\" \/>\n<meta property=\"og:image\" content=\"http:\/\/aaltospeakers.fi\/wp-content\/uploads\/2024\/09\/IMG_5199.webp\" \/>\n\t<meta property=\"og:image:width\" content=\"1200\" \/>\n\t<meta property=\"og:image:height\" content=\"1600\" \/>\n\t<meta property=\"og:image:type\" content=\"image\/webp\" \/>\n<meta name=\"twitter:card\" content=\"summary_large_image\" \/>\n<meta name=\"twitter:label1\" content=\"Arvioitu lukuaika\" \/>\n\t<meta name=\"twitter:data1\" content=\"1 minuutti\" \/>\n<script type=\"application\/ld+json\" class=\"yoast-schema-graph\">{\"@context\":\"https:\/\/schema.org\",\"@graph\":[{\"@type\":\"WebPage\",\"@id\":\"https:\/\/aaltospeakers.fi\/product\/taipuu-speakers-3-tie-dsp-aktiivikaiutinpari\/\",\"url\":\"https:\/\/aaltospeakers.fi\/product\/taipuu-speakers-3-tie-dsp-aktiivikaiutinpari\/\",\"name\":\"Taipuu Speakers 3-tie DSP-aktiivikaiutinpari - Aalto Speakers\",\"isPartOf\":{\"@id\":\"https:\/\/aaltospeakers.fi\/#website\"},\"primaryImageOfPage\":{\"@id\":\"https:\/\/aaltospeakers.fi\/product\/taipuu-speakers-3-tie-dsp-aktiivikaiutinpari\/#primaryimage\"},\"image\":{\"@id\":\"https:\/\/aaltospeakers.fi\/product\/taipuu-speakers-3-tie-dsp-aktiivikaiutinpari\/#primaryimage\"},\"thumbnailUrl\":\"https:\/\/i0.wp.com\/aaltospeakers.fi\/wp-content\/uploads\/2024\/09\/IMG_5199.webp?fit=1200%2C1600&ssl=1\",\"datePublished\":\"2024-09-13T05:37:31+00:00\",\"dateModified\":\"2024-10-08T15:59:00+00:00\",\"breadcrumb\":{\"@id\":\"https:\/\/aaltospeakers.fi\/product\/taipuu-speakers-3-tie-dsp-aktiivikaiutinpari\/#breadcrumb\"},\"inLanguage\":\"fi\",\"potentialAction\":[{\"@type\":\"ReadAction\",\"target\":[\"https:\/\/aaltospeakers.fi\/product\/taipuu-speakers-3-tie-dsp-aktiivikaiutinpari\/\"]}]},{\"@type\":\"ImageObject\",\"inLanguage\":\"fi\",\"@id\":\"https:\/\/aaltospeakers.fi\/product\/taipuu-speakers-3-tie-dsp-aktiivikaiutinpari\/#primaryimage\",\"url\":\"https:\/\/i0.wp.com\/aaltospeakers.fi\/wp-content\/uploads\/2024\/09\/IMG_5199.webp?fit=1200%2C1600&ssl=1\",\"contentUrl\":\"https:\/\/i0.wp.com\/aaltospeakers.fi\/wp-content\/uploads\/2024\/09\/IMG_5199.webp?fit=1200%2C1600&ssl=1\",\"width\":1200,\"height\":1600},{\"@type\":\"BreadcrumbList\",\"@id\":\"https:\/\/aaltospeakers.fi\/product\/taipuu-speakers-3-tie-dsp-aktiivikaiutinpari\/#breadcrumb\",\"itemListElement\":[{\"@type\":\"ListItem\",\"position\":1,\"name\":\"Home\",\"item\":\"https:\/\/aaltospeakers.fi\/\"},{\"@type\":\"ListItem\",\"position\":2,\"name\":\"Kaiuttimet\",\"item\":\"https:\/\/aaltospeakers.fi\/kaiuttimet\/\"},{\"@type\":\"ListItem\",\"position\":3,\"name\":\"Taipuu Speakers 3-tie DSP-aktiivikaiutinpari\"}]},{\"@type\":\"WebSite\",\"@id\":\"https:\/\/aaltospeakers.fi\/#website\",\"url\":\"https:\/\/aaltospeakers.fi\/\",\"name\":\"Aalto Speakers\",\"description\":\"Aalto Speakers webshop\",\"publisher\":{\"@id\":\"https:\/\/aaltospeakers.fi\/#organization\"},\"potentialAction\":[{\"@type\":\"SearchAction\",\"target\":{\"@type\":\"EntryPoint\",\"urlTemplate\":\"https:\/\/aaltospeakers.fi\/?s={search_term_string}\"},\"query-input\":{\"@type\":\"PropertyValueSpecification\",\"valueRequired\":true,\"valueName\":\"search_term_string\"}}],\"inLanguage\":\"fi\"},{\"@type\":\"Organization\",\"@id\":\"https:\/\/aaltospeakers.fi\/#organization\",\"name\":\"Aalto Speakers\",\"url\":\"https:\/\/aaltospeakers.fi\/\",\"logo\":{\"@type\":\"ImageObject\",\"inLanguage\":\"fi\",\"@id\":\"https:\/\/aaltospeakers.fi\/#\/schema\/logo\/image\/\",\"url\":\"https:\/\/i0.wp.com\/aaltospeakers.fi\/wp-content\/uploads\/2023\/01\/cropped-aalto_logo_bk.png?fit=785%2C261&ssl=1\",\"contentUrl\":\"https:\/\/i0.wp.com\/aaltospeakers.fi\/wp-content\/uploads\/2023\/01\/cropped-aalto_logo_bk.png?fit=785%2C261&ssl=1\",\"width\":785,\"height\":261,\"caption\":\"Aalto Speakers\"},\"image\":{\"@id\":\"https:\/\/aaltospeakers.fi\/#\/schema\/logo\/image\/\"},\"sameAs\":[\"https:\/\/www.facebook.com\/people\/AALTO\/100057490748330\/\"]}]}<\/script>\n<!-- \/ Yoast SEO plugin. -->","yoast_head_json":{"title":"Taipuu Speakers 3-tie DSP-aktiivikaiutinpari - Aalto Speakers","robots":{"index":"index","follow":"follow","max-snippet":"max-snippet:-1","max-image-preview":"max-image-preview:large","max-video-preview":"max-video-preview:-1"},"canonical":"https:\/\/aaltospeakers.fi\/fi\/product\/taipuu-speakers-3-tie-dsp-aktiivikaiutinpari\/","og_locale":"fi_FI","og_type":"article","og_title":"Taipuu Speakers 3-tie DSP-aktiivikaiutinpari - Aalto Speakers","og_description":"Taipuu Speakersin 3-tie aktiivikaiutin on massiivinen \u00e4\u00e4nenl\u00e4hde. Kaiuttimessa on suljettu kotelo, jonka sis\u00e4ll\u00e4 ovat edistyksellinen DSP-vahvistin s\u00e4\u00e4dett\u00e4v\u00e4ll\u00e4 huonekorjauksella, 15\u201d koaksaalielementti, jossa on 1,5\u201d diskantti sek\u00e4 18\u201d bassoelementti. Tekniset tiedot: Taajuusvaste: 20\u201320 000 Hz Vahvistinteho: 1000 + 250 + 250 W (low + mid + high) Elementit: 18\u201d low, 15\u201d mid + 1,5\u201d high (koaksiaali) Liit\u00e4nn\u00e4t: [&hellip;]","og_url":"https:\/\/aaltospeakers.fi\/fi\/product\/taipuu-speakers-3-tie-dsp-aktiivikaiutinpari\/","og_site_name":"Aalto Speakers","article_publisher":"https:\/\/www.facebook.com\/people\/AALTO\/100057490748330\/","article_modified_time":"2024-10-08T15:59:00+00:00","og_image":[{"width":1200,"height":1600,"url":"http:\/\/aaltospeakers.fi\/wp-content\/uploads\/2024\/09\/IMG_5199.webp","type":"image\/webp"}],"twitter_card":"summary_large_image","twitter_misc":{"Arvioitu lukuaika":"1 minuutti"},"schema":{"@context":"https:\/\/schema.org","@graph":[{"@type":"WebPage","@id":"https:\/\/aaltospeakers.fi\/product\/taipuu-speakers-3-tie-dsp-aktiivikaiutinpari\/","url":"https:\/\/aaltospeakers.fi\/product\/taipuu-speakers-3-tie-dsp-aktiivikaiutinpari\/","name":"Taipuu Speakers 3-tie DSP-aktiivikaiutinpari - Aalto Speakers","isPartOf":{"@id":"https:\/\/aaltospeakers.fi\/#website"},"primaryImageOfPage":{"@id":"https:\/\/aaltospeakers.fi\/product\/taipuu-speakers-3-tie-dsp-aktiivikaiutinpari\/#primaryimage"},"image":{"@id":"https:\/\/aaltospeakers.fi\/product\/taipuu-speakers-3-tie-dsp-aktiivikaiutinpari\/#primaryimage"},"thumbnailUrl":"https:\/\/i0.wp.com\/aaltospeakers.fi\/wp-content\/uploads\/2024\/09\/IMG_5199.webp?fit=1200%2C1600&ssl=1","datePublished":"2024-09-13T05:37:31+00:00","dateModified":"2024-10-08T15:59:00+00:00","breadcrumb":{"@id":"https:\/\/aaltospeakers.fi\/product\/taipuu-speakers-3-tie-dsp-aktiivikaiutinpari\/#breadcrumb"},"inLanguage":"fi","potentialAction":[{"@type":"ReadAction","target":["https:\/\/aaltospeakers.fi\/product\/taipuu-speakers-3-tie-dsp-aktiivikaiutinpari\/"]}]},{"@type":"ImageObject","inLanguage":"fi","@id":"https:\/\/aaltospeakers.fi\/product\/taipuu-speakers-3-tie-dsp-aktiivikaiutinpari\/#primaryimage","url":"https:\/\/i0.wp.com\/aaltospeakers.fi\/wp-content\/uploads\/2024\/09\/IMG_5199.webp?fit=1200%2C1600&ssl=1","contentUrl":"https:\/\/i0.wp.com\/aaltospeakers.fi\/wp-content\/uploads\/2024\/09\/IMG_5199.webp?fit=1200%2C1600&ssl=1","width":1200,"height":1600},{"@type":"BreadcrumbList","@id":"https:\/\/aaltospeakers.fi\/product\/taipuu-speakers-3-tie-dsp-aktiivikaiutinpari\/#breadcrumb","itemListElement":[{"@type":"ListItem","position":1,"name":"Home","item":"https:\/\/aaltospeakers.fi\/"},{"@type":"ListItem","position":2,"name":"Kaiuttimet","item":"https:\/\/aaltospeakers.fi\/kaiuttimet\/"},{"@type":"ListItem","position":3,"name":"Taipuu Speakers 3-tie DSP-aktiivikaiutinpari"}]},{"@type":"WebSite","@id":"https:\/\/aaltospeakers.fi\/#website","url":"https:\/\/aaltospeakers.fi\/","name":"Aalto Speakers","description":"Aalto Speakers webshop","publisher":{"@id":"https:\/\/aaltospeakers.fi\/#organization"},"potentialAction":[{"@type":"SearchAction","target":{"@type":"EntryPoint","urlTemplate":"https:\/\/aaltospeakers.fi\/?s={search_term_string}"},"query-input":{"@type":"PropertyValueSpecification","valueRequired":true,"valueName":"search_term_string"}}],"inLanguage":"fi"},{"@type":"Organization","@id":"https:\/\/aaltospeakers.fi\/#organization","name":"Aalto Speakers","url":"https:\/\/aaltospeakers.fi\/","logo":{"@type":"ImageObject","inLanguage":"fi","@id":"https:\/\/aaltospeakers.fi\/#\/schema\/logo\/image\/","url":"https:\/\/i0.wp.com\/aaltospeakers.fi\/wp-content\/uploads\/2023\/01\/cropped-aalto_logo_bk.png?fit=785%2C261&ssl=1","contentUrl":"https:\/\/i0.wp.com\/aaltospeakers.fi\/wp-content\/uploads\/2023\/01\/cropped-aalto_logo_bk.png?fit=785%2C261&ssl=1","width":785,"height":261,"caption":"Aalto Speakers"},"image":{"@id":"https:\/\/aaltospeakers.fi\/#\/schema\/logo\/image\/"},"sameAs":["https:\/\/www.facebook.com\/people\/AALTO\/100057490748330\/"]}]}},"jetpack_sharing_enabled":true,"_links":{"self":[{"href":"https:\/\/aaltospeakers.fi\/fi\/wp-json\/wp\/v2\/product\/2269","targetHints":{"allow":["GET"]}}],"collection":[{"href":"https:\/\/aaltospeakers.fi\/fi\/wp-json\/wp\/v2\/product"}],"about":[{"href":"https:\/\/aaltospeakers.fi\/fi\/wp-json\/wp\/v2\/types\/product"}],"version-history":[{"count":1,"href":"https:\/\/aaltospeakers.fi\/fi\/wp-json\/wp\/v2\/product\/2269\/revisions"}],"predecessor-version":[{"id":2270,"href":"https:\/\/aaltospeakers.fi\/fi\/wp-json\/wp\/v2\/product\/2269\/revisions\/2270"}],"wp:featuredmedia":[{"embeddable":true,"href":"https:\/\/aaltospeakers.fi\/fi\/wp-json\/wp\/v2\/media\/2271"}],"wp:attachment":[{"href":"https:\/\/aaltospeakers.fi\/fi\/wp-json\/wp\/v2\/media?parent=2269"}],"wp:term":[{"taxonomy":"product_brand","embeddable":true,"href":"https:\/\/aaltospeakers.fi\/fi\/wp-json\/wp\/v2\/product_brand?post=2269"},{"taxonomy":"product_cat","embeddable":true,"href":"https:\/\/aaltospeakers.fi\/fi\/wp-json\/wp\/v2\/product_cat?post=2269"},{"taxonomy":"product_tag","embeddable":true,"href":"https:\/\/aaltospeakers.fi\/fi\/wp-json\/wp\/v2\/product_tag?post=2269"}],"curies":[{"name":"wp","href":"https:\/\/api.w.org\/{rel}","templated":true}]}}