{"id":2337,"date":"2024-10-17T15:49:53","date_gmt":"2024-10-17T15:49:53","guid":{"rendered":"https:\/\/aaltospeakers.fi\/?post_type=product&#038;p=2337"},"modified":"2025-05-28T05:25:48","modified_gmt":"2025-05-28T05:25:48","slug":"aalto-9","status":"publish","type":"product","link":"https:\/\/aaltospeakers.fi\/fi\/product\/aalto-9\/","title":{"rendered":"Aalto 9"},"content":{"rendered":"<p>Aalto 9 on ainutlaatuinen ja huolella suunniteltu kaiutin, joka edustaa parasta mahdollista \u00e4\u00e4nenlaatua. T\u00e4m\u00e4 suuren kokoluokan kolmitiekaiutin bassorefleksirakenteella tarjoaa uskomattoman laajan ja tarkan \u00e4\u00e4nen. Kaiuttimen suunnittelun takana on arvostettu kaiutinsuunnittelija Kimmo Saunisto, jonka tavoitteena oli luoda kaiutin jolle mink\u00e4 tahansa materiaalin toistaminen on helppoa. Kaiutin jonka ei tarvitse esitt\u00e4\u00e4 isoa. Kaiutin jolla on huikea auktoriteetti ja dynamiikka.<\/p>\n<p>Aalto 9:n basso tulee massiivisesta 21 tuuman paperikartiolla varustetusta elementist\u00e4, joka pystyy k\u00e4sittelem\u00e4\u00e4n jopa 1100 watin tehon. Keskialueen toisto hoituu 10 tuuman paperikartiolla ja korkeiden taajuuksien tarkkuuden takaa 1 tuuman kompressioajuri torvella.<\/p>\n<p>Taajuusvaste on vaikuttava, ulottuen syv\u00e4lle 20 Hz:iin ja aina 24 000 Hz asti. Vaihevaste pysyy poikkeuksellisen tarkkana, mik\u00e4 mahdollistaa luonnollisen \u00e4\u00e4nenlaadun.<\/p>\n<p>Vahvistimena toimii ammattik\u00e4ytt\u00f6\u00f6n soveltuva malli, joka tuottaa runsaan 1500 watin kokonaistehon. Vahvistimessa on\u00a0 analoginen XLR-tulo, AES\/EBU XLR -liit\u00e4nt\u00e4 ja valinnainen Dante-tulo. Lis\u00e4ksi siin\u00e4 on USB-portti huonekorjausta varten, jota voidaan s\u00e4\u00e4t\u00e4\u00e4 FourAudio System Software -ohjelmistolla Windows- ja Mac OS -ymp\u00e4rist\u00f6iss\u00e4.<\/p>\n<p>T\u00e4m\u00e4 on kaiutin, jossa yhdistyv\u00e4t suunnittelijan tinkim\u00e4t\u00f6n visio ja korkein mahdollinen suorituskyky \u2013 t\u00e4ydellinen valinta niille, jotka haluavat parasta.<\/p>\n<p>Toimintaperiaate: 3-tie, bassorefleksi<br \/>\nBasso: 21&#8243; paperikartio, AES tehonkesto 1100 W<br \/>\nKeski\u00e4\u00e4ni: 10&#8243;paperikartio, AES tehonkesto 300 W<br \/>\nDiskantti: 1&#8243; kompressioajuri torvessa AES tehonkesto 80 W<br \/>\nJakotaajuudet: 220 Hz lineaarivaiheinen 36 dB\/okt. ja 1450 Hz lineaarivaiheinen 36 dB\/okt.<br \/>\nTaajuusvaste: 20 &#8211; 24000 Hz, vaihevaste +\/-10 astetta 80 &#8211; 24000 Hz<br \/>\nProsessointiviive: 10,54 ms<br \/>\nVahvistimen kokonaisteho: 1500 W<br \/>\nTulot: Analoginen XLR, AES\/EBU XLR, valinnainen Dante tulo, USB huonekorjausta varten, kosketusn\u00e4ytt\u00f6.<br \/>\nHuonekorjaus: FourAudio System Software, Win 7-11 tai Mac OS 10.10<\/p>\n","protected":false},"excerpt":{"rendered":"<p>Aalto 9 valmistetaan tilauksesta ja kaiuttimen v\u00e4ri on valittavissa mieleisekseen. T\u00e4m\u00e4 on kaiutin, joka on suunniteltu t\u00e4ydellisyytt\u00e4 tavoitellen.<\/p>\n","protected":false},"featured_media":2369,"template":"","meta":{"site-sidebar-layout":"default","site-content-layout":"","ast-site-content-layout":"default","site-content-style":"default","site-sidebar-style":"default","ast-global-header-display":"","ast-banner-title-visibility":"","ast-main-header-display":"","ast-hfb-above-header-display":"","ast-hfb-below-header-display":"","ast-hfb-mobile-header-display":"","site-post-title":"","ast-breadcrumbs-content":"","ast-featured-img":"","footer-sml-layout":"","ast-disable-related-posts":"","theme-transparent-header-meta":"default","adv-header-id-meta":"","stick-header-meta":"","header-above-stick-meta":"","header-main-stick-meta":"","header-below-stick-meta":"","astra-migrate-meta-layouts":"set","ast-page-background-enabled":"default","ast-page-background-meta":{"desktop":{"background-color":"var(--ast-global-color-4)","background-image":"","background-repeat":"repeat","background-position":"center center","background-size":"auto","background-attachment":"scroll","background-type":"","background-media":"","overlay-type":"","overlay-color":"","overlay-opacity":"","overlay-gradient":""},"tablet":{"background-color":"","background-image":"","background-repeat":"repeat","background-position":"center center","background-size":"auto","background-attachment":"scroll","background-type":"","background-media":"","overlay-type":"","overlay-color":"","overlay-opacity":"","overlay-gradient":""},"mobile":{"background-color":"","background-image":"","background-repeat":"repeat","background-position":"center center","background-size":"auto","background-attachment":"scroll","background-type":"","background-media":"","overlay-type":"","overlay-color":"","overlay-opacity":"","overlay-gradient":""}},"ast-content-background-meta":{"desktop":{"background-color":"var(--ast-global-color-5)","background-image":"","background-repeat":"repeat","background-position":"center center","background-size":"auto","background-attachment":"scroll","background-type":"","background-media":"","overlay-type":"","overlay-color":"","overlay-opacity":"","overlay-gradient":""},"tablet":{"background-color":"var(--ast-global-color-5)","background-image":"","background-repeat":"repeat","background-position":"center center","background-size":"auto","background-attachment":"scroll","background-type":"","background-media":"","overlay-type":"","overlay-color":"","overlay-opacity":"","overlay-gradient":""},"mobile":{"background-color":"var(--ast-global-color-5)","background-image":"","background-repeat":"repeat","background-position":"center center","background-size":"auto","background-attachment":"scroll","background-type":"","background-media":"","overlay-type":"","overlay-color":"","overlay-opacity":"","overlay-gradient":""}}},"product_brand":[],"product_cat":[37,36],"product_tag":[],"class_list":{"0":"post-2337","1":"product","2":"type-product","3":"status-publish","4":"has-post-thumbnail","6":"product_cat-aktiivikaiuttimet-fi","7":"product_cat-kaiuttimet-fi","8":"desktop-align-left","9":"tablet-align-left","10":"mobile-align-left","12":"first","13":"onbackorder","14":"taxable","15":"shipping-taxable","16":"purchasable","17":"product-type-simple"},"yoast_head":"<!-- This site is optimized with the Yoast SEO plugin v26.7 - https:\/\/yoast.com\/wordpress\/plugins\/seo\/ -->\n<title>Aalto 9 - Aalto Speakers<\/title>\n<meta name=\"robots\" content=\"index, follow, max-snippet:-1, max-image-preview:large, max-video-preview:-1\" \/>\n<link rel=\"canonical\" href=\"https:\/\/aaltospeakers.fi\/fi\/product\/aalto-9\/\" \/>\n<meta property=\"og:locale\" content=\"fi_FI\" \/>\n<meta property=\"og:type\" content=\"article\" \/>\n<meta property=\"og:title\" content=\"Aalto 9 - Aalto Speakers\" \/>\n<meta property=\"og:description\" content=\"Aalto 9 valmistetaan tilauksesta ja kaiuttimen v\u00e4ri on valittavissa mieleisekseen. T\u00e4m\u00e4 on kaiutin, joka on suunniteltu t\u00e4ydellisyytt\u00e4 tavoitellen.\" \/>\n<meta property=\"og:url\" content=\"https:\/\/aaltospeakers.fi\/fi\/product\/aalto-9\/\" \/>\n<meta property=\"og:site_name\" content=\"Aalto Speakers\" \/>\n<meta property=\"article:publisher\" content=\"https:\/\/www.facebook.com\/people\/AALTO\/100057490748330\/\" \/>\n<meta property=\"article:modified_time\" content=\"2025-05-28T05:25:48+00:00\" \/>\n<meta property=\"og:image\" content=\"http:\/\/aaltospeakers.fi\/wp-content\/uploads\/2024\/10\/54182789248_adf0aa20fd_k.jpg\" \/>\n\t<meta property=\"og:image:width\" content=\"1365\" \/>\n\t<meta property=\"og:image:height\" content=\"2047\" \/>\n\t<meta property=\"og:image:type\" content=\"image\/jpeg\" \/>\n<meta name=\"twitter:card\" content=\"summary_large_image\" \/>\n<meta name=\"twitter:label1\" content=\"Arvioitu lukuaika\" \/>\n\t<meta name=\"twitter:data1\" content=\"2 minuuttia\" \/>\n<script type=\"application\/ld+json\" class=\"yoast-schema-graph\">{\"@context\":\"https:\/\/schema.org\",\"@graph\":[{\"@type\":\"WebPage\",\"@id\":\"https:\/\/aaltospeakers.fi\/product\/aalto-9\/\",\"url\":\"https:\/\/aaltospeakers.fi\/product\/aalto-9\/\",\"name\":\"Aalto 9 - Aalto Speakers\",\"isPartOf\":{\"@id\":\"https:\/\/aaltospeakers.fi\/#website\"},\"primaryImageOfPage\":{\"@id\":\"https:\/\/aaltospeakers.fi\/product\/aalto-9\/#primaryimage\"},\"image\":{\"@id\":\"https:\/\/aaltospeakers.fi\/product\/aalto-9\/#primaryimage\"},\"thumbnailUrl\":\"https:\/\/i0.wp.com\/aaltospeakers.fi\/wp-content\/uploads\/2024\/10\/54182789248_adf0aa20fd_k.jpg?fit=1365%2C2047&ssl=1\",\"datePublished\":\"2024-10-17T15:49:53+00:00\",\"dateModified\":\"2025-05-28T05:25:48+00:00\",\"breadcrumb\":{\"@id\":\"https:\/\/aaltospeakers.fi\/product\/aalto-9\/#breadcrumb\"},\"inLanguage\":\"fi\",\"potentialAction\":[{\"@type\":\"ReadAction\",\"target\":[\"https:\/\/aaltospeakers.fi\/product\/aalto-9\/\"]}]},{\"@type\":\"ImageObject\",\"inLanguage\":\"fi\",\"@id\":\"https:\/\/aaltospeakers.fi\/product\/aalto-9\/#primaryimage\",\"url\":\"https:\/\/i0.wp.com\/aaltospeakers.fi\/wp-content\/uploads\/2024\/10\/54182789248_adf0aa20fd_k.jpg?fit=1365%2C2047&ssl=1\",\"contentUrl\":\"https:\/\/i0.wp.com\/aaltospeakers.fi\/wp-content\/uploads\/2024\/10\/54182789248_adf0aa20fd_k.jpg?fit=1365%2C2047&ssl=1\",\"width\":1365,\"height\":2047},{\"@type\":\"BreadcrumbList\",\"@id\":\"https:\/\/aaltospeakers.fi\/product\/aalto-9\/#breadcrumb\",\"itemListElement\":[{\"@type\":\"ListItem\",\"position\":1,\"name\":\"Home\",\"item\":\"https:\/\/aaltospeakers.fi\/\"},{\"@type\":\"ListItem\",\"position\":2,\"name\":\"Kaiuttimet\",\"item\":\"https:\/\/aaltospeakers.fi\/kaiuttimet\/\"},{\"@type\":\"ListItem\",\"position\":3,\"name\":\"Aalto 9\"}]},{\"@type\":\"WebSite\",\"@id\":\"https:\/\/aaltospeakers.fi\/#website\",\"url\":\"https:\/\/aaltospeakers.fi\/\",\"name\":\"Aalto Speakers\",\"description\":\"Aalto Speakers webshop\",\"publisher\":{\"@id\":\"https:\/\/aaltospeakers.fi\/#organization\"},\"potentialAction\":[{\"@type\":\"SearchAction\",\"target\":{\"@type\":\"EntryPoint\",\"urlTemplate\":\"https:\/\/aaltospeakers.fi\/?s={search_term_string}\"},\"query-input\":{\"@type\":\"PropertyValueSpecification\",\"valueRequired\":true,\"valueName\":\"search_term_string\"}}],\"inLanguage\":\"fi\"},{\"@type\":\"Organization\",\"@id\":\"https:\/\/aaltospeakers.fi\/#organization\",\"name\":\"Aalto Speakers\",\"url\":\"https:\/\/aaltospeakers.fi\/\",\"logo\":{\"@type\":\"ImageObject\",\"inLanguage\":\"fi\",\"@id\":\"https:\/\/aaltospeakers.fi\/#\/schema\/logo\/image\/\",\"url\":\"https:\/\/i0.wp.com\/aaltospeakers.fi\/wp-content\/uploads\/2023\/01\/cropped-aalto_logo_bk.png?fit=785%2C261&ssl=1\",\"contentUrl\":\"https:\/\/i0.wp.com\/aaltospeakers.fi\/wp-content\/uploads\/2023\/01\/cropped-aalto_logo_bk.png?fit=785%2C261&ssl=1\",\"width\":785,\"height\":261,\"caption\":\"Aalto Speakers\"},\"image\":{\"@id\":\"https:\/\/aaltospeakers.fi\/#\/schema\/logo\/image\/\"},\"sameAs\":[\"https:\/\/www.facebook.com\/people\/AALTO\/100057490748330\/\"]}]}<\/script>\n<!-- \/ Yoast SEO plugin. -->","yoast_head_json":{"title":"Aalto 9 - Aalto Speakers","robots":{"index":"index","follow":"follow","max-snippet":"max-snippet:-1","max-image-preview":"max-image-preview:large","max-video-preview":"max-video-preview:-1"},"canonical":"https:\/\/aaltospeakers.fi\/fi\/product\/aalto-9\/","og_locale":"fi_FI","og_type":"article","og_title":"Aalto 9 - Aalto Speakers","og_description":"Aalto 9 valmistetaan tilauksesta ja kaiuttimen v\u00e4ri on valittavissa mieleisekseen. T\u00e4m\u00e4 on kaiutin, joka on suunniteltu t\u00e4ydellisyytt\u00e4 tavoitellen.","og_url":"https:\/\/aaltospeakers.fi\/fi\/product\/aalto-9\/","og_site_name":"Aalto Speakers","article_publisher":"https:\/\/www.facebook.com\/people\/AALTO\/100057490748330\/","article_modified_time":"2025-05-28T05:25:48+00:00","og_image":[{"width":1365,"height":2047,"url":"http:\/\/aaltospeakers.fi\/wp-content\/uploads\/2024\/10\/54182789248_adf0aa20fd_k.jpg","type":"image\/jpeg"}],"twitter_card":"summary_large_image","twitter_misc":{"Arvioitu lukuaika":"2 minuuttia"},"schema":{"@context":"https:\/\/schema.org","@graph":[{"@type":"WebPage","@id":"https:\/\/aaltospeakers.fi\/product\/aalto-9\/","url":"https:\/\/aaltospeakers.fi\/product\/aalto-9\/","name":"Aalto 9 - Aalto Speakers","isPartOf":{"@id":"https:\/\/aaltospeakers.fi\/#website"},"primaryImageOfPage":{"@id":"https:\/\/aaltospeakers.fi\/product\/aalto-9\/#primaryimage"},"image":{"@id":"https:\/\/aaltospeakers.fi\/product\/aalto-9\/#primaryimage"},"thumbnailUrl":"https:\/\/i0.wp.com\/aaltospeakers.fi\/wp-content\/uploads\/2024\/10\/54182789248_adf0aa20fd_k.jpg?fit=1365%2C2047&ssl=1","datePublished":"2024-10-17T15:49:53+00:00","dateModified":"2025-05-28T05:25:48+00:00","breadcrumb":{"@id":"https:\/\/aaltospeakers.fi\/product\/aalto-9\/#breadcrumb"},"inLanguage":"fi","potentialAction":[{"@type":"ReadAction","target":["https:\/\/aaltospeakers.fi\/product\/aalto-9\/"]}]},{"@type":"ImageObject","inLanguage":"fi","@id":"https:\/\/aaltospeakers.fi\/product\/aalto-9\/#primaryimage","url":"https:\/\/i0.wp.com\/aaltospeakers.fi\/wp-content\/uploads\/2024\/10\/54182789248_adf0aa20fd_k.jpg?fit=1365%2C2047&ssl=1","contentUrl":"https:\/\/i0.wp.com\/aaltospeakers.fi\/wp-content\/uploads\/2024\/10\/54182789248_adf0aa20fd_k.jpg?fit=1365%2C2047&ssl=1","width":1365,"height":2047},{"@type":"BreadcrumbList","@id":"https:\/\/aaltospeakers.fi\/product\/aalto-9\/#breadcrumb","itemListElement":[{"@type":"ListItem","position":1,"name":"Home","item":"https:\/\/aaltospeakers.fi\/"},{"@type":"ListItem","position":2,"name":"Kaiuttimet","item":"https:\/\/aaltospeakers.fi\/kaiuttimet\/"},{"@type":"ListItem","position":3,"name":"Aalto 9"}]},{"@type":"WebSite","@id":"https:\/\/aaltospeakers.fi\/#website","url":"https:\/\/aaltospeakers.fi\/","name":"Aalto Speakers","description":"Aalto Speakers webshop","publisher":{"@id":"https:\/\/aaltospeakers.fi\/#organization"},"potentialAction":[{"@type":"SearchAction","target":{"@type":"EntryPoint","urlTemplate":"https:\/\/aaltospeakers.fi\/?s={search_term_string}"},"query-input":{"@type":"PropertyValueSpecification","valueRequired":true,"valueName":"search_term_string"}}],"inLanguage":"fi"},{"@type":"Organization","@id":"https:\/\/aaltospeakers.fi\/#organization","name":"Aalto Speakers","url":"https:\/\/aaltospeakers.fi\/","logo":{"@type":"ImageObject","inLanguage":"fi","@id":"https:\/\/aaltospeakers.fi\/#\/schema\/logo\/image\/","url":"https:\/\/i0.wp.com\/aaltospeakers.fi\/wp-content\/uploads\/2023\/01\/cropped-aalto_logo_bk.png?fit=785%2C261&ssl=1","contentUrl":"https:\/\/i0.wp.com\/aaltospeakers.fi\/wp-content\/uploads\/2023\/01\/cropped-aalto_logo_bk.png?fit=785%2C261&ssl=1","width":785,"height":261,"caption":"Aalto Speakers"},"image":{"@id":"https:\/\/aaltospeakers.fi\/#\/schema\/logo\/image\/"},"sameAs":["https:\/\/www.facebook.com\/people\/AALTO\/100057490748330\/"]}]}},"jetpack_sharing_enabled":true,"_links":{"self":[{"href":"https:\/\/aaltospeakers.fi\/fi\/wp-json\/wp\/v2\/product\/2337","targetHints":{"allow":["GET"]}}],"collection":[{"href":"https:\/\/aaltospeakers.fi\/fi\/wp-json\/wp\/v2\/product"}],"about":[{"href":"https:\/\/aaltospeakers.fi\/fi\/wp-json\/wp\/v2\/types\/product"}],"version-history":[{"count":11,"href":"https:\/\/aaltospeakers.fi\/fi\/wp-json\/wp\/v2\/product\/2337\/revisions"}],"predecessor-version":[{"id":2370,"href":"https:\/\/aaltospeakers.fi\/fi\/wp-json\/wp\/v2\/product\/2337\/revisions\/2370"}],"wp:featuredmedia":[{"embeddable":true,"href":"https:\/\/aaltospeakers.fi\/fi\/wp-json\/wp\/v2\/media\/2369"}],"wp:attachment":[{"href":"https:\/\/aaltospeakers.fi\/fi\/wp-json\/wp\/v2\/media?parent=2337"}],"wp:term":[{"taxonomy":"product_brand","embeddable":true,"href":"https:\/\/aaltospeakers.fi\/fi\/wp-json\/wp\/v2\/product_brand?post=2337"},{"taxonomy":"product_cat","embeddable":true,"href":"https:\/\/aaltospeakers.fi\/fi\/wp-json\/wp\/v2\/product_cat?post=2337"},{"taxonomy":"product_tag","embeddable":true,"href":"https:\/\/aaltospeakers.fi\/fi\/wp-json\/wp\/v2\/product_tag?post=2337"}],"curies":[{"name":"wp","href":"https:\/\/api.w.org\/{rel}","templated":true}]}}