{"id":2397,"date":"2025-07-08T15:33:33","date_gmt":"2025-07-08T15:33:33","guid":{"rendered":"https:\/\/aaltospeakers.fi\/?post_type=product&#038;p=2397"},"modified":"2026-01-02T06:02:34","modified_gmt":"2026-01-02T06:02:34","slug":"aalto-3-passive","status":"publish","type":"product","link":"https:\/\/aaltospeakers.fi\/fi\/product\/aalto-3-passive\/","title":{"rendered":"Aalto 3 Passive"},"content":{"rendered":"<p>Aalto 3 on suorituskykyinen jalustakaiutin, jolla tuodaan edistykselliset kaiutinelementit ja huippuluokan akustinen suunnittelu yh\u00e4 useamman musiikin yst\u00e4v\u00e4n ulottuville. Kaiuttimen ytimen\u00e4 toimivat huippuluokan 6,5 tuuman pitk\u00e4iskuinen bassoelementti ja 8 tuuman passiivis\u00e4teilij\u00e4.<\/p>\n<p>Toimintaperiaate: 2-tie, passiivis\u00e4teilij\u00e4<br \/>\nElementit: 6.5&#8243; basso-keski\u00e4\u00e4ni, 8&#8243; passiivis\u00e4teilij\u00e4 ja 26 mm alumiinikalotti<br \/>\nMitat: 240 x 400 x 250 mm (L x K x S)<br \/>\nTilavuus: 14 litraa<br \/>\nKotelomateriaali: MDF 22 mm<br \/>\nPaino: 9.4 kg<br \/>\nToistoalue: 35-31000 Hz, -6 dB<br \/>\nJakotaajuus: 2400 Hz<br \/>\nHerkkyys: 83,5 dB\/2,83 V\/1 m<br \/>\nImpedanssi: 4 Ohmia, minimi 4 Ohmia @18 kHz<br \/>\nVahvistinsuositus: 50 &#8211; 250 W<br \/>\nLiit\u00e4nn\u00e4t: Naparuuvit<\/p>\n","protected":false},"excerpt":{"rendered":"<p>Aalto 3 on suorituskykyinen jalustakaiutin, jolla tuodaan edistykselliset kaiutinelementit ja huippuluokan akustinen suunnittelu yh\u00e4 useamman musiikin yst\u00e4v\u00e4n ulottuville. Kaiuttimen ytimen\u00e4 toimivat huippuluokan 6,5 tuuman pitk\u00e4iskuinen bassoelementti ja 8 tuuman passiivis\u00e4teilij\u00e4. Toimintaperiaate: 2-tie, passiivis\u00e4teilij\u00e4 Elementit: 6.5&#8243; basso-keski\u00e4\u00e4ni, 8&#8243; passiivis\u00e4teilij\u00e4 ja 26 mm alumiinikalotti Mitat: 240 x 400 x 250 mm (L x K x S) Tilavuus: [&hellip;]<\/p>\n","protected":false},"featured_media":2450,"template":"","meta":{"site-sidebar-layout":"default","site-content-layout":"","ast-site-content-layout":"default","site-content-style":"default","site-sidebar-style":"default","ast-global-header-display":"","ast-banner-title-visibility":"","ast-main-header-display":"","ast-hfb-above-header-display":"","ast-hfb-below-header-display":"","ast-hfb-mobile-header-display":"","site-post-title":"","ast-breadcrumbs-content":"","ast-featured-img":"","footer-sml-layout":"","ast-disable-related-posts":"","theme-transparent-header-meta":"default","adv-header-id-meta":"","stick-header-meta":"","header-above-stick-meta":"","header-main-stick-meta":"","header-below-stick-meta":"","astra-migrate-meta-layouts":"set","ast-page-background-enabled":"default","ast-page-background-meta":{"desktop":{"background-color":"var(--ast-global-color-4)","background-image":"","background-repeat":"repeat","background-position":"center center","background-size":"auto","background-attachment":"scroll","background-type":"","background-media":"","overlay-type":"","overlay-color":"","overlay-opacity":"","overlay-gradient":""},"tablet":{"background-color":"","background-image":"","background-repeat":"repeat","background-position":"center center","background-size":"auto","background-attachment":"scroll","background-type":"","background-media":"","overlay-type":"","overlay-color":"","overlay-opacity":"","overlay-gradient":""},"mobile":{"background-color":"","background-image":"","background-repeat":"repeat","background-position":"center center","background-size":"auto","background-attachment":"scroll","background-type":"","background-media":"","overlay-type":"","overlay-color":"","overlay-opacity":"","overlay-gradient":""}},"ast-content-background-meta":{"desktop":{"background-color":"var(--ast-global-color-5)","background-image":"","background-repeat":"repeat","background-position":"center center","background-size":"auto","background-attachment":"scroll","background-type":"","background-media":"","overlay-type":"","overlay-color":"","overlay-opacity":"","overlay-gradient":""},"tablet":{"background-color":"var(--ast-global-color-5)","background-image":"","background-repeat":"repeat","background-position":"center center","background-size":"auto","background-attachment":"scroll","background-type":"","background-media":"","overlay-type":"","overlay-color":"","overlay-opacity":"","overlay-gradient":""},"mobile":{"background-color":"var(--ast-global-color-5)","background-image":"","background-repeat":"repeat","background-position":"center center","background-size":"auto","background-attachment":"scroll","background-type":"","background-media":"","overlay-type":"","overlay-color":"","overlay-opacity":"","overlay-gradient":""}}},"product_brand":[],"product_cat":[36,81],"product_tag":[],"class_list":{"0":"post-2397","1":"product","2":"type-product","3":"status-publish","4":"has-post-thumbnail","6":"product_cat-kaiuttimet-fi","7":"product_cat-loudspeakers","8":"desktop-align-left","9":"tablet-align-left","10":"mobile-align-left","12":"first","13":"instock","14":"taxable","15":"shipping-taxable","16":"purchasable","17":"product-type-variable"},"yoast_head":"<!-- This site is optimized with the Yoast SEO plugin v26.7 - https:\/\/yoast.com\/wordpress\/plugins\/seo\/ -->\n<title>Aalto 3 Passive - Aalto Speakers<\/title>\n<meta name=\"robots\" content=\"index, follow, max-snippet:-1, max-image-preview:large, max-video-preview:-1\" \/>\n<link rel=\"canonical\" href=\"https:\/\/aaltospeakers.fi\/fi\/product\/aalto-3-passive\/\" \/>\n<meta property=\"og:locale\" content=\"fi_FI\" \/>\n<meta property=\"og:type\" content=\"article\" \/>\n<meta property=\"og:title\" content=\"Aalto 3 Passive - Aalto Speakers\" \/>\n<meta property=\"og:description\" content=\"Aalto 3 on suorituskykyinen jalustakaiutin, jolla tuodaan edistykselliset kaiutinelementit ja huippuluokan akustinen suunnittelu yh\u00e4 useamman musiikin yst\u00e4v\u00e4n ulottuville. Kaiuttimen ytimen\u00e4 toimivat huippuluokan 6,5 tuuman pitk\u00e4iskuinen bassoelementti ja 8 tuuman passiivis\u00e4teilij\u00e4. Toimintaperiaate: 2-tie, passiivis\u00e4teilij\u00e4 Elementit: 6.5&#8243; basso-keski\u00e4\u00e4ni, 8&#8243; passiivis\u00e4teilij\u00e4 ja 26 mm alumiinikalotti Mitat: 240 x 400 x 250 mm (L x K x S) Tilavuus: [&hellip;]\" \/>\n<meta property=\"og:url\" content=\"https:\/\/aaltospeakers.fi\/fi\/product\/aalto-3-passive\/\" \/>\n<meta property=\"og:site_name\" content=\"Aalto Speakers\" \/>\n<meta property=\"article:publisher\" content=\"https:\/\/www.facebook.com\/people\/AALTO\/100057490748330\/\" \/>\n<meta property=\"article:modified_time\" content=\"2026-01-02T06:02:34+00:00\" \/>\n<meta property=\"og:image\" content=\"http:\/\/aaltospeakers.fi\/wp-content\/uploads\/2025\/07\/Screenshot-2025-11-19-at-16.30.54.png\" \/>\n\t<meta property=\"og:image:width\" content=\"722\" \/>\n\t<meta property=\"og:image:height\" content=\"930\" \/>\n\t<meta property=\"og:image:type\" content=\"image\/png\" \/>\n<meta name=\"twitter:card\" content=\"summary_large_image\" \/>\n<meta name=\"twitter:label1\" content=\"Arvioitu lukuaika\" \/>\n\t<meta name=\"twitter:data1\" content=\"1 minuutti\" \/>\n<script type=\"application\/ld+json\" class=\"yoast-schema-graph\">{\"@context\":\"https:\/\/schema.org\",\"@graph\":[{\"@type\":\"WebPage\",\"@id\":\"https:\/\/aaltospeakers.fi\/product\/aalto-3-passive\/\",\"url\":\"https:\/\/aaltospeakers.fi\/product\/aalto-3-passive\/\",\"name\":\"Aalto 3 Passive - Aalto Speakers\",\"isPartOf\":{\"@id\":\"https:\/\/aaltospeakers.fi\/#website\"},\"primaryImageOfPage\":{\"@id\":\"https:\/\/aaltospeakers.fi\/product\/aalto-3-passive\/#primaryimage\"},\"image\":{\"@id\":\"https:\/\/aaltospeakers.fi\/product\/aalto-3-passive\/#primaryimage\"},\"thumbnailUrl\":\"https:\/\/i0.wp.com\/aaltospeakers.fi\/wp-content\/uploads\/2025\/07\/Screenshot-2025-11-19-at-16.30.54.png?fit=722%2C930&ssl=1\",\"datePublished\":\"2025-07-08T15:33:33+00:00\",\"dateModified\":\"2026-01-02T06:02:34+00:00\",\"breadcrumb\":{\"@id\":\"https:\/\/aaltospeakers.fi\/product\/aalto-3-passive\/#breadcrumb\"},\"inLanguage\":\"fi\",\"potentialAction\":[{\"@type\":\"ReadAction\",\"target\":[\"https:\/\/aaltospeakers.fi\/product\/aalto-3-passive\/\"]}]},{\"@type\":\"ImageObject\",\"inLanguage\":\"fi\",\"@id\":\"https:\/\/aaltospeakers.fi\/product\/aalto-3-passive\/#primaryimage\",\"url\":\"https:\/\/i0.wp.com\/aaltospeakers.fi\/wp-content\/uploads\/2025\/07\/Screenshot-2025-11-19-at-16.30.54.png?fit=722%2C930&ssl=1\",\"contentUrl\":\"https:\/\/i0.wp.com\/aaltospeakers.fi\/wp-content\/uploads\/2025\/07\/Screenshot-2025-11-19-at-16.30.54.png?fit=722%2C930&ssl=1\",\"width\":722,\"height\":930},{\"@type\":\"BreadcrumbList\",\"@id\":\"https:\/\/aaltospeakers.fi\/product\/aalto-3-passive\/#breadcrumb\",\"itemListElement\":[{\"@type\":\"ListItem\",\"position\":1,\"name\":\"Home\",\"item\":\"https:\/\/aaltospeakers.fi\/\"},{\"@type\":\"ListItem\",\"position\":2,\"name\":\"Kaiuttimet\",\"item\":\"https:\/\/aaltospeakers.fi\/kaiuttimet\/\"},{\"@type\":\"ListItem\",\"position\":3,\"name\":\"Aalto 3 Passive\"}]},{\"@type\":\"WebSite\",\"@id\":\"https:\/\/aaltospeakers.fi\/#website\",\"url\":\"https:\/\/aaltospeakers.fi\/\",\"name\":\"Aalto Speakers\",\"description\":\"Aalto Speakers webshop\",\"publisher\":{\"@id\":\"https:\/\/aaltospeakers.fi\/#organization\"},\"potentialAction\":[{\"@type\":\"SearchAction\",\"target\":{\"@type\":\"EntryPoint\",\"urlTemplate\":\"https:\/\/aaltospeakers.fi\/?s={search_term_string}\"},\"query-input\":{\"@type\":\"PropertyValueSpecification\",\"valueRequired\":true,\"valueName\":\"search_term_string\"}}],\"inLanguage\":\"fi\"},{\"@type\":\"Organization\",\"@id\":\"https:\/\/aaltospeakers.fi\/#organization\",\"name\":\"Aalto Speakers\",\"url\":\"https:\/\/aaltospeakers.fi\/\",\"logo\":{\"@type\":\"ImageObject\",\"inLanguage\":\"fi\",\"@id\":\"https:\/\/aaltospeakers.fi\/#\/schema\/logo\/image\/\",\"url\":\"https:\/\/i0.wp.com\/aaltospeakers.fi\/wp-content\/uploads\/2023\/01\/cropped-aalto_logo_bk.png?fit=785%2C261&ssl=1\",\"contentUrl\":\"https:\/\/i0.wp.com\/aaltospeakers.fi\/wp-content\/uploads\/2023\/01\/cropped-aalto_logo_bk.png?fit=785%2C261&ssl=1\",\"width\":785,\"height\":261,\"caption\":\"Aalto Speakers\"},\"image\":{\"@id\":\"https:\/\/aaltospeakers.fi\/#\/schema\/logo\/image\/\"},\"sameAs\":[\"https:\/\/www.facebook.com\/people\/AALTO\/100057490748330\/\"]}]}<\/script>\n<!-- \/ Yoast SEO plugin. -->","yoast_head_json":{"title":"Aalto 3 Passive - Aalto Speakers","robots":{"index":"index","follow":"follow","max-snippet":"max-snippet:-1","max-image-preview":"max-image-preview:large","max-video-preview":"max-video-preview:-1"},"canonical":"https:\/\/aaltospeakers.fi\/fi\/product\/aalto-3-passive\/","og_locale":"fi_FI","og_type":"article","og_title":"Aalto 3 Passive - Aalto Speakers","og_description":"Aalto 3 on suorituskykyinen jalustakaiutin, jolla tuodaan edistykselliset kaiutinelementit ja huippuluokan akustinen suunnittelu yh\u00e4 useamman musiikin yst\u00e4v\u00e4n ulottuville. Kaiuttimen ytimen\u00e4 toimivat huippuluokan 6,5 tuuman pitk\u00e4iskuinen bassoelementti ja 8 tuuman passiivis\u00e4teilij\u00e4. Toimintaperiaate: 2-tie, passiivis\u00e4teilij\u00e4 Elementit: 6.5&#8243; basso-keski\u00e4\u00e4ni, 8&#8243; passiivis\u00e4teilij\u00e4 ja 26 mm alumiinikalotti Mitat: 240 x 400 x 250 mm (L x K x S) Tilavuus: [&hellip;]","og_url":"https:\/\/aaltospeakers.fi\/fi\/product\/aalto-3-passive\/","og_site_name":"Aalto Speakers","article_publisher":"https:\/\/www.facebook.com\/people\/AALTO\/100057490748330\/","article_modified_time":"2026-01-02T06:02:34+00:00","og_image":[{"width":722,"height":930,"url":"http:\/\/aaltospeakers.fi\/wp-content\/uploads\/2025\/07\/Screenshot-2025-11-19-at-16.30.54.png","type":"image\/png"}],"twitter_card":"summary_large_image","twitter_misc":{"Arvioitu lukuaika":"1 minuutti"},"schema":{"@context":"https:\/\/schema.org","@graph":[{"@type":"WebPage","@id":"https:\/\/aaltospeakers.fi\/product\/aalto-3-passive\/","url":"https:\/\/aaltospeakers.fi\/product\/aalto-3-passive\/","name":"Aalto 3 Passive - Aalto Speakers","isPartOf":{"@id":"https:\/\/aaltospeakers.fi\/#website"},"primaryImageOfPage":{"@id":"https:\/\/aaltospeakers.fi\/product\/aalto-3-passive\/#primaryimage"},"image":{"@id":"https:\/\/aaltospeakers.fi\/product\/aalto-3-passive\/#primaryimage"},"thumbnailUrl":"https:\/\/i0.wp.com\/aaltospeakers.fi\/wp-content\/uploads\/2025\/07\/Screenshot-2025-11-19-at-16.30.54.png?fit=722%2C930&ssl=1","datePublished":"2025-07-08T15:33:33+00:00","dateModified":"2026-01-02T06:02:34+00:00","breadcrumb":{"@id":"https:\/\/aaltospeakers.fi\/product\/aalto-3-passive\/#breadcrumb"},"inLanguage":"fi","potentialAction":[{"@type":"ReadAction","target":["https:\/\/aaltospeakers.fi\/product\/aalto-3-passive\/"]}]},{"@type":"ImageObject","inLanguage":"fi","@id":"https:\/\/aaltospeakers.fi\/product\/aalto-3-passive\/#primaryimage","url":"https:\/\/i0.wp.com\/aaltospeakers.fi\/wp-content\/uploads\/2025\/07\/Screenshot-2025-11-19-at-16.30.54.png?fit=722%2C930&ssl=1","contentUrl":"https:\/\/i0.wp.com\/aaltospeakers.fi\/wp-content\/uploads\/2025\/07\/Screenshot-2025-11-19-at-16.30.54.png?fit=722%2C930&ssl=1","width":722,"height":930},{"@type":"BreadcrumbList","@id":"https:\/\/aaltospeakers.fi\/product\/aalto-3-passive\/#breadcrumb","itemListElement":[{"@type":"ListItem","position":1,"name":"Home","item":"https:\/\/aaltospeakers.fi\/"},{"@type":"ListItem","position":2,"name":"Kaiuttimet","item":"https:\/\/aaltospeakers.fi\/kaiuttimet\/"},{"@type":"ListItem","position":3,"name":"Aalto 3 Passive"}]},{"@type":"WebSite","@id":"https:\/\/aaltospeakers.fi\/#website","url":"https:\/\/aaltospeakers.fi\/","name":"Aalto Speakers","description":"Aalto Speakers webshop","publisher":{"@id":"https:\/\/aaltospeakers.fi\/#organization"},"potentialAction":[{"@type":"SearchAction","target":{"@type":"EntryPoint","urlTemplate":"https:\/\/aaltospeakers.fi\/?s={search_term_string}"},"query-input":{"@type":"PropertyValueSpecification","valueRequired":true,"valueName":"search_term_string"}}],"inLanguage":"fi"},{"@type":"Organization","@id":"https:\/\/aaltospeakers.fi\/#organization","name":"Aalto Speakers","url":"https:\/\/aaltospeakers.fi\/","logo":{"@type":"ImageObject","inLanguage":"fi","@id":"https:\/\/aaltospeakers.fi\/#\/schema\/logo\/image\/","url":"https:\/\/i0.wp.com\/aaltospeakers.fi\/wp-content\/uploads\/2023\/01\/cropped-aalto_logo_bk.png?fit=785%2C261&ssl=1","contentUrl":"https:\/\/i0.wp.com\/aaltospeakers.fi\/wp-content\/uploads\/2023\/01\/cropped-aalto_logo_bk.png?fit=785%2C261&ssl=1","width":785,"height":261,"caption":"Aalto Speakers"},"image":{"@id":"https:\/\/aaltospeakers.fi\/#\/schema\/logo\/image\/"},"sameAs":["https:\/\/www.facebook.com\/people\/AALTO\/100057490748330\/"]}]}},"jetpack_sharing_enabled":true,"_links":{"self":[{"href":"https:\/\/aaltospeakers.fi\/fi\/wp-json\/wp\/v2\/product\/2397","targetHints":{"allow":["GET"]}}],"collection":[{"href":"https:\/\/aaltospeakers.fi\/fi\/wp-json\/wp\/v2\/product"}],"about":[{"href":"https:\/\/aaltospeakers.fi\/fi\/wp-json\/wp\/v2\/types\/product"}],"version-history":[{"count":4,"href":"https:\/\/aaltospeakers.fi\/fi\/wp-json\/wp\/v2\/product\/2397\/revisions"}],"predecessor-version":[{"id":2451,"href":"https:\/\/aaltospeakers.fi\/fi\/wp-json\/wp\/v2\/product\/2397\/revisions\/2451"}],"wp:featuredmedia":[{"embeddable":true,"href":"https:\/\/aaltospeakers.fi\/fi\/wp-json\/wp\/v2\/media\/2450"}],"wp:attachment":[{"href":"https:\/\/aaltospeakers.fi\/fi\/wp-json\/wp\/v2\/media?parent=2397"}],"wp:term":[{"taxonomy":"product_brand","embeddable":true,"href":"https:\/\/aaltospeakers.fi\/fi\/wp-json\/wp\/v2\/product_brand?post=2397"},{"taxonomy":"product_cat","embeddable":true,"href":"https:\/\/aaltospeakers.fi\/fi\/wp-json\/wp\/v2\/product_cat?post=2397"},{"taxonomy":"product_tag","embeddable":true,"href":"https:\/\/aaltospeakers.fi\/fi\/wp-json\/wp\/v2\/product_tag?post=2397"}],"curies":[{"name":"wp","href":"https:\/\/api.w.org\/{rel}","templated":true}]}}